{"id":9249,"date":"2017-09-19T10:41:11","date_gmt":"2017-09-19T09:41:12","guid":{"rendered":"http:\/\/www.metalced.be\/?post_type=product&#038;p=9249"},"modified":"2025-09-01T08:20:03","modified_gmt":"2025-09-01T07:20:03","slug":"magix-35-ds-sur-sol","status":"publish","type":"product","link":"https:\/\/metalced.be\/fr\/produit\/magix-35-ds-sur-sol\/","title":{"rendered":"3,5 t \u00b7 Magix DS II \u00b7 prise sous coque"},"content":{"rendered":"<table style=\"height: 77px; width: 100%; border-style: hidden;\">\n<tbody>\n<tr style=\"height: 24px;\">\n<th style=\"width: 98.7566%; height: 24px; background-color: #f1f1f1; text-align: center; border-style: hidden;\" colspan=\"5\"><span style=\"font-family: arial, helvetica, sans-serif;\"><strong><span style=\"color: #800000;\">Version sur sol \u00b7 hauteur d&rsquo;acc\u00e8s 100 mm \u00b7 longueur des plateformes r\u00e9glable via rampes d&rsquo;acc\u00e8s escamotables<br \/>\nMagix 35 DSII \u00b7 <\/span><\/strong><span style=\"color: #800000;\">longueur plateformes 148\u223c220 cm (Ref. 2540)<\/span><strong><span style=\"color: #800000;\"><br \/>\nMagix 35 DS II Short \u00b7 <\/span><\/strong><span style=\"color: #800000;\">longueur plateformes 148\u223c210 cm (Ref. 2544)<\/span><\/span><\/th>\n<\/tr>\n<tr style=\"height: 2px;\">\n<th style=\"height: 10px; width: 20%; vertical-align: middle; background-color: #f5f5f5; border-style: hidden; text-align: left;\"><span style=\"font-family: arial, helvetica, sans-serif;\">Hauteur de levage<\/span><\/th>\n<th style=\"height: 10px; width: 20%; vertical-align: middle; background-color: #f5f5f5; border-style: hidden; text-align: left;\"><span style=\"font-family: arial, helvetica, sans-serif;\">2,0 m<\/span><\/th>\n<th style=\"height: 53px; width: 18.7566%; text-align: center; vertical-align: middle; background-color: #f5f5f5; border-style: hidden;\" rowspan=\"3\"><span style=\"font-family: arial, helvetica, sans-serif;\"><a href=\"https:\/\/metalced.be\/wp-content\/uploads\/2023\/04\/Magix-35-DS-mit-BMW-Z4.png\" target=\"_blank\" rel=\"noopener\"><img decoding=\"async\" class=\"alignnone wp-image-19696 size-medium\" src=\"https:\/\/metalced.be\/wp-content\/uploads\/2023\/04\/Magix-35-DS-mit-BMW-Z4-300x168.png\" alt=\"\" width=\"300\" height=\"168\" srcset=\"https:\/\/metalced.be\/wp-content\/uploads\/2023\/04\/Magix-35-DS-mit-BMW-Z4-300x168.png 300w, https:\/\/metalced.be\/wp-content\/uploads\/2023\/04\/Magix-35-DS-mit-BMW-Z4-768x431.png 768w, https:\/\/metalced.be\/wp-content\/uploads\/2023\/04\/Magix-35-DS-mit-BMW-Z4-600x337.png 600w, https:\/\/metalced.be\/wp-content\/uploads\/2023\/04\/Magix-35-DS-mit-BMW-Z4.png 820w\" sizes=\"(max-width: 300px) 100vw, 300px\" \/><\/a><\/span><\/th>\n<th style=\"height: 10px; width: 20%; vertical-align: middle; background-color: #f5f5f5; border-style: hidden; text-align: left;\"><span style=\"font-family: arial, helvetica, sans-serif;\">Temps de levage\/ descente<\/span><\/th>\n<th style=\"height: 10px; width: 20%; vertical-align: middle; background-color: #f5f5f5; border-style: hidden; text-align: left;\"><span style=\"font-family: arial, helvetica, sans-serif;\">+\/- 40 sec<\/span><\/th>\n<\/tr>\n<tr style=\"height: 2px;\">\n<th style=\"height: 10px; width: 20%; vertical-align: middle; background-color: #f5f5f5; border-style: hidden; text-align: left;\"><span style=\"font-family: arial, helvetica, sans-serif;\">Circuit hydraulique double<br \/>\nMaster Slave<\/span><\/th>\n<th style=\"height: 10px; width: 20%; vertical-align: middle; background-color: #f5f5f5; border-style: hidden; text-align: left;\">\n<p><span style=\"font-family: arial, helvetica, sans-serif;\">sans barre de torsion<\/span><br \/>\n<span style=\"font-family: arial, helvetica, sans-serif;\">sans air comprim\u00e9<\/span><\/p>\n<\/th>\n<th style=\"height: 10px; width: 20%; vertical-align: middle; background-color: #f5f5f5; border-style: hidden; text-align: left;\"><span style=\"font-family: arial, helvetica, sans-serif;\">Volt<\/span><br \/>\n<span style=\"font-family: arial, helvetica, sans-serif;\">kW<\/span><\/th>\n<th style=\"height: 10px; width: 20%; vertical-align: middle; background-color: #f5f5f5; border-style: hidden; text-align: left;\"><span style=\"font-family: arial, helvetica, sans-serif;\">3x 230\/400 V<\/span><br \/>\n<span style=\"font-family: arial, helvetica, sans-serif;\">2,2 kW<\/span><\/th>\n<\/tr>\n<tr style=\"height: 23px;\">\n<th style=\"width: 20%; vertical-align: middle; height: 23px; background-color: #f5f5f5; border-style: hidden; text-align: left;\"><span style=\"font-family: arial, helvetica, sans-serif;\">Largeur plateformes<\/span><\/th>\n<th style=\"width: 20%; vertical-align: middle; height: 23px; background-color: #f5f5f5; border-style: hidden; text-align: left;\"><span style=\"font-family: arial, helvetica, sans-serif;\">625 mm<\/span><\/th>\n<th style=\"width: 20%; vertical-align: middle; height: 23px; background-color: #f5f5f5; border-style: hidden; text-align: left;\"><span style=\"font-family: arial, helvetica, sans-serif;\">Couleurs RAL\u00a0<\/span><\/th>\n<th style=\"width: 20%; vertical-align: middle; height: 23px; background-color: #f5f5f5; border-style: hidden; text-align: left;\"><span style=\"font-family: arial, helvetica, sans-serif;\">gris 7016 \u00b7 rouge 3020<\/span><\/th>\n<\/tr>\n<\/tbody>\n<\/table>\n<p><span style=\"font-family: arial, helvetica, sans-serif;\">Options \/ variantes:<\/span><br \/>\n<span style=\"font-family: arial, helvetica, sans-serif;\">\u00b7 Kit d&rsquo;encastrement \u00b7 galva<\/span><br \/>\n<span style=\"font-family: arial, helvetica, sans-serif;\">\u00b7 Eclairage LED (version sur sol)<\/span><br \/>\n<span style=\"font-family: arial, helvetica, sans-serif;\">\u00b7 Blocs en caoutchouc 20 \u00b7 40 \u00b7 60 \u00b7 70 \u00b7 80 \u00b7 100 mm<\/span><br \/>\n<span style=\"font-family: arial, helvetica, sans-serif;\">\u00b7 Flexibles &#8230; m \u00b7 rampes d&rsquo;acc\u00e8s \u00b7 couleurs sp\u00e9ciales &#8230;<\/span><\/p>\n<p><span style=\"font-family: arial, helvetica, sans-serif;\">Homologations<\/span><br \/>\n<span style=\"font-family: arial, helvetica, sans-serif;\">Volvo<br \/>\n<\/span><span style=\"font-family: arial, helvetica, sans-serif;\">Groupe VW<br \/>\nBMW \u00b7 Mini<\/span><\/p>\n","protected":false},"excerpt":{"rendered":"<p><span style=\"font-family: arial, helvetica, sans-serif;\">Pont \u00e9l\u00e9vateur \u00e0 ciseaux &#8211; prise sous coque \u00b7 hauteur seulement 100 mm!<\/span><\/p>\n<p><span style=\"color: #ff0000; font-family: arial, helvetica, sans-serif;\"><a title=\"\" href=\"https:\/\/metalced.be\/wp-content\/uploads\/2019\/02\/AutopStenhoy_2019.pdf\" target=\"_blank\" rel=\"noopener noreferrer\"><span style=\"color: #ff0000;\"><strong>\u21d2 <\/strong><\/span><\/a><a title=\"\" href=\"https:\/\/www.autopstenhoj.com\/fr\/catalog\/product\/document\/id\/48759\/\" target=\"_blank\" rel=\"noopener noreferrer\"><span style=\"color: #000000;\">catalogue<\/span><\/a><\/span><\/p>\n","protected":false},"featured_media":19695,"comment_status":"open","ping_status":"closed","template":"","meta":{"_acf_changed":false},"product_brand":[],"product_cat":[123,1235],"product_tag":[],"class_list":{"0":"post-9249","1":"product","2":"type-product","3":"status-publish","4":"has-post-thumbnail","6":"product_cat-autopstenhoj-fr","7":"product_cat-non-classe","9":"first","10":"instock","11":"taxable","12":"shipping-taxable","13":"product-type-simple"},"acf":[],"_links":{"self":[{"href":"https:\/\/metalced.be\/fr\/wp-json\/wp\/v2\/product\/9249","targetHints":{"allow":["GET"]}}],"collection":[{"href":"https:\/\/metalced.be\/fr\/wp-json\/wp\/v2\/product"}],"about":[{"href":"https:\/\/metalced.be\/fr\/wp-json\/wp\/v2\/types\/product"}],"replies":[{"embeddable":true,"href":"https:\/\/metalced.be\/fr\/wp-json\/wp\/v2\/comments?post=9249"}],"wp:featuredmedia":[{"embeddable":true,"href":"https:\/\/metalced.be\/fr\/wp-json\/wp\/v2\/media\/19695"}],"wp:attachment":[{"href":"https:\/\/metalced.be\/fr\/wp-json\/wp\/v2\/media?parent=9249"}],"wp:term":[{"taxonomy":"product_brand","embeddable":true,"href":"https:\/\/metalced.be\/fr\/wp-json\/wp\/v2\/product_brand?post=9249"},{"taxonomy":"product_cat","embeddable":true,"href":"https:\/\/metalced.be\/fr\/wp-json\/wp\/v2\/product_cat?post=9249"},{"taxonomy":"product_tag","embeddable":true,"href":"https:\/\/metalced.be\/fr\/wp-json\/wp\/v2\/product_tag?post=9249"}],"curies":[{"name":"wp","href":"https:\/\/api.w.org\/{rel}","templated":true}]}}