{"id":5829,"date":"2017-01-25T09:43:43","date_gmt":"2017-01-25T08:43:43","guid":{"rendered":"http:\/\/www.metalced.be\/producten\/unitee-mobile\/"},"modified":"2019-09-30T10:46:05","modified_gmt":"2019-09-30T09:46:05","slug":"unitee-mobile-2","status":"publish","type":"product","link":"https:\/\/metalced.be\/fr\/produit\/unitee-mobile-2\/","title":{"rendered":"Unit\u00e9 mobile"},"content":{"rendered":"<p>Syst\u00e8me de distribution pour liquide AdBlue\u00ae (230 V).<\/p>\n<p>La borne \u00e9lectrique permet le d\u00e9marrage de la pompe, le capteur dans le pistolet donne le signal pour l&rsquo;arr\u00eat automatique quand le niveau de liquide arrive \u00e0 5 cm du bouchon du r\u00e9servoir.<\/p>\n<p>Pour f\u00fbts: 200 l<br \/>\nFlexible de connection: 3 m<br \/>\nJonction\u00a0standard: UV7001<br \/>\nOptions: jonctions\u00a0UV8001 et UV6001<\/p>\n","protected":false},"excerpt":{"rendered":"<p><span style=\"color: #ff0000;\"><strong><a style=\"color: #ff0000;\" href=\"https:\/\/metalced.be\/wp-content\/uploads\/2017\/01\/RAPIDBLUE-brands-compatibility.pdf\" target=\"_blank\" rel=\"noopener noreferrer\">\u21d2 <span style=\"color: #000000;\">vers jonctions par marque de voiture<\/span><\/a><\/strong><\/span><\/p>\n","protected":false},"featured_media":5824,"comment_status":"open","ping_status":"closed","template":"","meta":{"_acf_changed":false},"product_brand":[],"product_cat":[459],"product_tag":[],"class_list":{"0":"post-5829","1":"product","2":"type-product","3":"status-publish","4":"has-post-thumbnail","6":"product_cat-adblue-fr","8":"first","9":"instock","10":"taxable","11":"shipping-taxable","12":"product-type-simple"},"acf":[],"_links":{"self":[{"href":"https:\/\/metalced.be\/fr\/wp-json\/wp\/v2\/product\/5829","targetHints":{"allow":["GET"]}}],"collection":[{"href":"https:\/\/metalced.be\/fr\/wp-json\/wp\/v2\/product"}],"about":[{"href":"https:\/\/metalced.be\/fr\/wp-json\/wp\/v2\/types\/product"}],"replies":[{"embeddable":true,"href":"https:\/\/metalced.be\/fr\/wp-json\/wp\/v2\/comments?post=5829"}],"wp:featuredmedia":[{"embeddable":true,"href":"https:\/\/metalced.be\/fr\/wp-json\/wp\/v2\/media\/5824"}],"wp:attachment":[{"href":"https:\/\/metalced.be\/fr\/wp-json\/wp\/v2\/media?parent=5829"}],"wp:term":[{"taxonomy":"product_brand","embeddable":true,"href":"https:\/\/metalced.be\/fr\/wp-json\/wp\/v2\/product_brand?post=5829"},{"taxonomy":"product_cat","embeddable":true,"href":"https:\/\/metalced.be\/fr\/wp-json\/wp\/v2\/product_cat?post=5829"},{"taxonomy":"product_tag","embeddable":true,"href":"https:\/\/metalced.be\/fr\/wp-json\/wp\/v2\/product_tag?post=5829"}],"curies":[{"name":"wp","href":"https:\/\/api.w.org\/{rel}","templated":true}]}}