{"id":5145,"date":"2017-01-09T14:37:27","date_gmt":"2017-01-09T13:37:27","guid":{"rendered":"http:\/\/www.metalced.be\/producten\/cabines-de-peinture\/"},"modified":"2020-03-25T14:23:37","modified_gmt":"2020-03-25T13:23:37","slug":"voitures-%e2%87%92-camions","status":"publish","type":"product","link":"https:\/\/metalced.be\/fr\/produit\/voitures-%e2%87%92-camions\/","title":{"rendered":"Blowtherm"},"content":{"rendered":"<table style=\"border-collapse: collapse; width: 100%;\">\n<tbody>\n<tr>\n<td style=\"width: 20%; text-align: center; vertical-align: middle;\"><a href=\"https:\/\/metalced.be\/wp-content\/uploads\/2017\/01\/cab-extra3-e1484062751393.jpg\"><img decoding=\"async\" class=\"alignnone size-medium wp-image-5357\" src=\"https:\/\/metalced.be\/wp-content\/uploads\/2017\/01\/cab-extra3-300x199.jpg\" alt=\"\" width=\"300\" height=\"199\" \/><\/a><\/td>\n<td style=\"width: 20%; text-align: center; vertical-align: middle;\"><a href=\"https:\/\/metalced.be\/wp-content\/uploads\/2017\/01\/nuovo-box-Blow--e1484058749764.jpg\"><img decoding=\"async\" class=\"alignnone size-medium wp-image-5339\" src=\"https:\/\/metalced.be\/wp-content\/uploads\/2017\/01\/nuovo-box-Blow--300x265.jpg\" alt=\"\" width=\"300\" height=\"265\" \/><\/a><\/td>\n<td style=\"width: 20%; text-align: center; vertical-align: middle;\"><a href=\"https:\/\/metalced.be\/wp-content\/uploads\/2017\/01\/Zone-Preparazione-1-e1484058731163.jpg\"><img decoding=\"async\" class=\"alignnone size-medium wp-image-5337\" src=\"https:\/\/metalced.be\/wp-content\/uploads\/2017\/01\/Zone-Preparazione-1-300x156.jpg\" alt=\"\" width=\"300\" height=\"156\" \/><\/a><\/td>\n<\/tr>\n<tr>\n<td style=\"width: 20%; text-align: center; vertical-align: middle;\">Cabines<\/td>\n<td style=\"width: 20%; text-align: center; vertical-align: middle;\">Labos<\/td>\n<td style=\"width: 20%; text-align: center; vertical-align: middle;\">Zones de pr\u00e9parations<\/td>\n<\/tr>\n<\/tbody>\n<\/table>\n","protected":false},"excerpt":{"rendered":"<p>Fond\u00e9e en 1956, la soci\u00e9t\u00e9 Blowtherm exporte dans plus de 60 pays. La fabrication est r\u00e9alis\u00e9e en Italie et en Am\u00e9rique du Nord.<br \/>\nPour la soci\u00e8t\u00e9 Metalced, la marque Blowtherm repr\u00e9sente \u00ab\u00a0un partenaire prestigieux\u00a0\u00bb.<br \/>\nLes utilisateurs actuels et \u00e0 venir peuvent \u00eatre assur\u00e9s que nous mettrons tout en oeuvre pour perp\u00e9tuer la r\u00e9putation d&rsquo;excellence de la marque.<\/p>\n<p>&nbsp;<\/p>\n","protected":false},"featured_media":5317,"comment_status":"open","ping_status":"closed","template":"","meta":{"_acf_changed":false},"product_brand":[],"product_cat":[524,548],"product_tag":[],"class_list":{"0":"post-5145","1":"product","2":"type-product","3":"status-publish","4":"has-post-thumbnail","6":"product_cat-blowtherm-fr","7":"product_cat-produits-blowtherm","9":"first","10":"instock","11":"taxable","12":"shipping-taxable","13":"product-type-simple"},"acf":[],"_links":{"self":[{"href":"https:\/\/metalced.be\/fr\/wp-json\/wp\/v2\/product\/5145","targetHints":{"allow":["GET"]}}],"collection":[{"href":"https:\/\/metalced.be\/fr\/wp-json\/wp\/v2\/product"}],"about":[{"href":"https:\/\/metalced.be\/fr\/wp-json\/wp\/v2\/types\/product"}],"replies":[{"embeddable":true,"href":"https:\/\/metalced.be\/fr\/wp-json\/wp\/v2\/comments?post=5145"}],"wp:featuredmedia":[{"embeddable":true,"href":"https:\/\/metalced.be\/fr\/wp-json\/wp\/v2\/media\/5317"}],"wp:attachment":[{"href":"https:\/\/metalced.be\/fr\/wp-json\/wp\/v2\/media?parent=5145"}],"wp:term":[{"taxonomy":"product_brand","embeddable":true,"href":"https:\/\/metalced.be\/fr\/wp-json\/wp\/v2\/product_brand?post=5145"},{"taxonomy":"product_cat","embeddable":true,"href":"https:\/\/metalced.be\/fr\/wp-json\/wp\/v2\/product_cat?post=5145"},{"taxonomy":"product_tag","embeddable":true,"href":"https:\/\/metalced.be\/fr\/wp-json\/wp\/v2\/product_tag?post=5145"}],"curies":[{"name":"wp","href":"https:\/\/api.w.org\/{rel}","templated":true}]}}