{"id":2620,"date":"2016-10-10T14:11:51","date_gmt":"2016-10-10T13:11:51","guid":{"rendered":"http:\/\/www.metalced.be\/fr\/producten\/1-30-fv-uni-sololift-kopie\/"},"modified":"2022-12-08T12:01:54","modified_gmt":"2022-12-08T11:01:54","slug":"1-35-pv-sololift","status":"publish","type":"product","link":"https:\/\/metalced.be\/fr\/produit\/1-35-pv-sololift\/","title":{"rendered":"1.30 Pv Sololift"},"content":{"rendered":"<table style=\"border-collapse: collapse; width: 100%;\">\n<tbody>\n<tr>\n<td style=\"width: 50%; text-align: center; vertical-align: middle; border-style: none;\"><a href=\"https:\/\/metalced.be\/wp-content\/uploads\/2021\/11\/Job_2634.jpg\" target=\"_blank\" rel=\"noopener\"><img decoding=\"async\" class=\"alignnone wp-image-17740 size-thumbnail\" src=\"https:\/\/metalced.be\/wp-content\/uploads\/2021\/11\/Job_2634-150x150.jpg\" alt=\"\" width=\"150\" height=\"150\" srcset=\"https:\/\/metalced.be\/wp-content\/uploads\/2021\/11\/Job_2634-150x150.jpg 150w, https:\/\/metalced.be\/wp-content\/uploads\/2021\/11\/Job_2634-300x300.jpg 300w, https:\/\/metalced.be\/wp-content\/uploads\/2021\/11\/Job_2634-100x100.jpg 100w\" sizes=\"(max-width: 150px) 100vw, 150px\" \/><\/a><\/td>\n<td style=\"width: 50%; vertical-align: middle; border-style: none;\">\n<p>&nbsp;<\/p>\n<p>3,5 T\u00a0\u21d2\u00a0sur sol\u00a0\u21d2 v\u00e9rin\u00a0\u00d8 213 mm<br \/>\nLongueur ch\u00e2ssis de levage:<br \/>\n120\u223c180\u00a0 \u00b7<span style=\"font-family: inherit; font-size: inherit;\">\u00a0 140\u223c200\u00a0 \u00b7<\/span><span style=\"font-family: inherit; font-size: inherit;\">\u00a0 160\u223c220\u00a0 \u00b7<\/span><span style=\"font-family: inherit; font-size: inherit;\">\u00a0 170\u223c240 cm<\/p>\n<p><\/span><\/p>\n<p>Donn\u00e9es standards<\/p>\n<ul style=\"list-style-type: square;\">\n<li>Ch\u00e2ssis de levage H: zinguer + peint RAL 9006<br \/>\n4 plaques de prise en caoutchouc &#8211; antid\u00e9rapant<\/li>\n<li>Groupe\u00a0hydraulique: version\u00a0montage mural<\/li>\n<li>Hauteur min.: 65 mm<\/li>\n<li>Hauteur de levage: 1,91 m<\/li>\n<li>Temps de levage: ca 30 sec<\/li>\n<li>Moteur: 230\/ 400 V &#8211; 3 kW<\/li>\n<\/ul>\n<p>Options principales<\/p>\n<ul style=\"list-style-type: square;\">\n<li>Groupe hydraulique:int\u00e9gr\u00e9 au cylindre<\/li>\n<li>Installation sur plancher<\/li>\n<li>Supports de prise, supports XY &#8230;<\/li>\n<li>Couleurs RAL<\/li>\n<\/ul>\n<p>Recommand\u00e9 par<br \/>\nRenault \u00b7 Opel \u00b7 Groupe VW<\/p>\n<\/td>\n<\/tr>\n<\/tbody>\n<\/table>\n<table style=\"border-collapse: collapse; width: 100%; height: 180px;\">\n<tbody>\n<tr style=\"height: 156px;\">\n<td style=\"width: 33.3333%; text-align: center; vertical-align: middle; border-style: hidden; background-color: #f9f9f9; height: 156px;\"><a href=\"https:\/\/metalced.be\/wp-content\/uploads\/2022\/12\/TMH_01.jpg\" target=\"_blank\" rel=\"noopener\"><img decoding=\"async\" class=\"alignnone wp-image-18986 size-thumbnail\" src=\"https:\/\/metalced.be\/wp-content\/uploads\/2022\/12\/TMH_01-150x150.jpg\" alt=\"\" width=\"150\" height=\"150\" srcset=\"https:\/\/metalced.be\/wp-content\/uploads\/2022\/12\/TMH_01-150x150.jpg 150w, https:\/\/metalced.be\/wp-content\/uploads\/2022\/12\/TMH_01-300x300.jpg 300w, https:\/\/metalced.be\/wp-content\/uploads\/2022\/12\/TMH_01-100x100.jpg 100w\" sizes=\"(max-width: 150px) 100vw, 150px\" \/><\/a><\/td>\n<td style=\"width: 33.3333%; text-align: center; vertical-align: middle; border-style: hidden; background-color: #f9f9f9; height: 156px;\"><a href=\"https:\/\/metalced.be\/wp-content\/uploads\/2022\/12\/TMH_03.jpg\" target=\"_blank\" rel=\"noopener\"><img decoding=\"async\" class=\"alignnone wp-image-18990 size-thumbnail\" src=\"https:\/\/metalced.be\/wp-content\/uploads\/2022\/12\/TMH_03-150x150.jpg\" alt=\"\" width=\"150\" height=\"150\" srcset=\"https:\/\/metalced.be\/wp-content\/uploads\/2022\/12\/TMH_03-150x150.jpg 150w, https:\/\/metalced.be\/wp-content\/uploads\/2022\/12\/TMH_03-300x300.jpg 300w, https:\/\/metalced.be\/wp-content\/uploads\/2022\/12\/TMH_03-100x100.jpg 100w\" sizes=\"(max-width: 150px) 100vw, 150px\" \/><\/a><\/td>\n<td style=\"width: 33.3333%; text-align: center; vertical-align: middle; border-style: hidden; background-color: #f9f9f9; height: 156px;\"><a href=\"https:\/\/metalced.be\/wp-content\/uploads\/2022\/12\/TMH_02.jpg\" target=\"_blank\" rel=\"noopener\"><img decoding=\"async\" class=\"alignnone wp-image-18988 size-thumbnail\" src=\"https:\/\/metalced.be\/wp-content\/uploads\/2022\/12\/TMH_02-150x150.jpg\" alt=\"\" width=\"150\" height=\"150\" srcset=\"https:\/\/metalced.be\/wp-content\/uploads\/2022\/12\/TMH_02-150x150.jpg 150w, https:\/\/metalced.be\/wp-content\/uploads\/2022\/12\/TMH_02-300x300.jpg 300w, https:\/\/metalced.be\/wp-content\/uploads\/2022\/12\/TMH_02-100x100.jpg 100w\" sizes=\"(max-width: 150px) 100vw, 150px\" \/><\/a><\/td>\n<\/tr>\n<tr style=\"height: 24px;\">\n<td style=\"width: 33.3333%; text-align: center; vertical-align: middle; border-style: hidden; background-color: #f9f9f9; height: 24px;\" colspan=\"3\"><strong>Sur mesure &#8211; pour chariots \u00e9l\u00e9vateurs<\/strong><\/td>\n<\/tr>\n<\/tbody>\n<\/table>\n","protected":false},"excerpt":{"rendered":"<ul style=\"list-style-type: square;\">\n<li>Piston r\u00e9sistant \u00e0 l&rsquo;usure gr\u00e2ce \u00e0 une couche chrom\u00e9e de 30\u00b5m d&rsquo;\u00e9paisseur.<\/li>\n<li>Moteur plong\u00e9 dans un bain d&rsquo;huile qui prot\u00e8ge de la condensation d&rsquo;humidit\u00e9.<\/li>\n<li>Cassette d&rsquo;encastrement avec plaque d&rsquo;identification et certificat d&rsquo;\u00e9tanch\u00e9it\u00e9.<\/li>\n<\/ul>\n<p><a title=\"\" href=\"https:\/\/www.autopstenhoj.com\/fr\/sololift-1-35-pv-o-213-28124.html\" target=\"_blank\" rel=\"noopener\"><span style=\"color: #ff0000;\">\u21d2<\/span> page web AutopStenhoj<\/a><\/p>\n","protected":false},"featured_media":2616,"comment_status":"open","ping_status":"closed","template":"","meta":{"_acf_changed":false},"product_brand":[],"product_cat":[123,114],"product_tag":[],"class_list":{"0":"post-2620","1":"product","2":"type-product","3":"status-publish","4":"has-post-thumbnail","6":"product_cat-autopstenhoj-fr","7":"product_cat-pont-elevateurs-mono-colonne","9":"first","10":"instock","11":"taxable","12":"shipping-taxable","13":"product-type-simple"},"acf":[],"_links":{"self":[{"href":"https:\/\/metalced.be\/fr\/wp-json\/wp\/v2\/product\/2620","targetHints":{"allow":["GET"]}}],"collection":[{"href":"https:\/\/metalced.be\/fr\/wp-json\/wp\/v2\/product"}],"about":[{"href":"https:\/\/metalced.be\/fr\/wp-json\/wp\/v2\/types\/product"}],"replies":[{"embeddable":true,"href":"https:\/\/metalced.be\/fr\/wp-json\/wp\/v2\/comments?post=2620"}],"wp:featuredmedia":[{"embeddable":true,"href":"https:\/\/metalced.be\/fr\/wp-json\/wp\/v2\/media\/2616"}],"wp:attachment":[{"href":"https:\/\/metalced.be\/fr\/wp-json\/wp\/v2\/media?parent=2620"}],"wp:term":[{"taxonomy":"product_brand","embeddable":true,"href":"https:\/\/metalced.be\/fr\/wp-json\/wp\/v2\/product_brand?post=2620"},{"taxonomy":"product_cat","embeddable":true,"href":"https:\/\/metalced.be\/fr\/wp-json\/wp\/v2\/product_cat?post=2620"},{"taxonomy":"product_tag","embeddable":true,"href":"https:\/\/metalced.be\/fr\/wp-json\/wp\/v2\/product_tag?post=2620"}],"curies":[{"name":"wp","href":"https:\/\/api.w.org\/{rel}","templated":true}]}}