{"id":25870,"date":"2025-12-31T14:18:29","date_gmt":"2025-12-31T13:18:29","guid":{"rendered":"https:\/\/metalced.be\/?post_type=product&#038;p=25870"},"modified":"2026-02-16T09:26:35","modified_gmt":"2026-02-16T08:26:35","slug":"25870","status":"publish","type":"product","link":"https:\/\/metalced.be\/fr\/produit\/25870\/","title":{"rendered":"Testeur de batterie\/ alternateur"},"content":{"rendered":"<p><span style=\"font-family: arial, helvetica, sans-serif;\"><b>TSP 1000 TESTEUR DE BATTERIE<\/b><\/span><\/p>\n<p><span style=\"font-family: arial, helvetica, sans-serif;\">La fiabilit\u00e9 des v\u00e9hicules d\u00e9pend en grande partie des performances des batteries et du bon fonctionnement du syst\u00e8me \u00e9lectrique.<\/span><br \/>\n<span style=\"font-family: arial, helvetica, sans-serif;\">Le TSP 1000 repr\u00e9sente le haut de gamme des testeurs Deca, sp\u00e9cialement con\u00e7u pour le secteur automobile. C\u2019est un dispositif avanc\u00e9 et complet, con\u00e7u pour surveiller et diagnostiquer non seulement les batteries, mais aussi les syst\u00e8mes de d\u00e9marrage, de charge et de mise \u00e0 la masse du v\u00e9hicule.<\/span><\/p>\n<table style=\"height: 386px; width: 100%; border-collapse: collapse; border-style: hidden;\">\n<tbody>\n<tr style=\"height: 24px;\">\n<td style=\"width: 23.6658%; height: 24px; vertical-align: middle; border-style: outset;\"><span style=\"font-family: arial, helvetica, sans-serif;\">Facilit\u00e9 d\u2019utilisation<b><\/b><\/span><\/td>\n<td style=\"width: 76.3342%; height: 24px; vertical-align: middle; border-style: outset;\"><span style=\"font-family: arial, helvetica, sans-serif;\">une interface intuitive et un affichage num\u00e9rique clair permettent une lecture imm\u00e9diate et pr\u00e9cise des r\u00e9sultats<\/span><\/td>\n<\/tr>\n<tr style=\"height: 24px;\">\n<td style=\"width: 23.6658%; height: 24px; vertical-align: middle; border-style: outset; background-color: #ffffff;\"><span style=\"font-family: arial, helvetica, sans-serif;\">Compatibilit\u00e9 \u00e9tendue<\/span><\/td>\n<td style=\"width: 76.3342%; height: 24px; vertical-align: middle; border-style: outset; background-color: #ffffff;\"><span style=\"font-family: arial, helvetica, sans-serif;\">pour motos, voitures particuli\u00e8res et camionnettes \u00b7 r\u00e9sultats faciles \u00e0 lire<\/span><\/td>\n<\/tr>\n<tr style=\"height: 24px;\">\n<td style=\"width: 23.6658%; height: 24px; vertical-align: middle; border-style: outset;\"><span style=\"font-family: arial, helvetica, sans-serif;\">Test des batteries 12V<b><\/b><\/span><\/td>\n<td style=\"width: 76.3342%; height: 24px; vertical-align: middle; border-style: outset;\"><span style=\"font-family: arial, helvetica, sans-serif;\">mesure l&rsquo;\u00e9tat de charge et de sant\u00e9, l&rsquo;intensit\u00e9 r\u00e9siduelle et la r\u00e9sistance interne des batteries au plomb et au lithium<\/span><\/td>\n<\/tr>\n<tr>\n<td style=\"width: 23.6658%; vertical-align: middle; border-style: outset;\"><span style=\"font-family: arial, helvetica, sans-serif;\">Test du d\u00e9marreur<\/span><\/td>\n<td style=\"width: 76.3342%; vertical-align: middle; border-style: outset;\"><span style=\"font-family: arial, helvetica, sans-serif;\">analyse les performances du d\u00e9marreur et identifie les probl\u00e8mes \u00e9ventuels<\/span><\/td>\n<\/tr>\n<tr style=\"height: 24px;\">\n<td style=\"width: 23.6658%; height: 24px; vertical-align: middle; border-style: outset;\"><span style=\"font-family: arial, helvetica, sans-serif;\">Diagnostic de l\u2019alternateur<b><\/b><\/span><\/td>\n<td style=\"width: 76.3342%; height: 24px; vertical-align: middle; border-style: outset;\"><span style=\"font-family: arial, helvetica, sans-serif;\">contr\u00f4le l&rsquo;efficacit\u00e9 du syst\u00e8me de charge et indique que l&rsquo;alternateur fonctionne correctement et fournit la tension appropri\u00e9e. Convient aux alternateurs traditionnels ou intelligents.<\/span><\/td>\n<\/tr>\n<tr style=\"height: 24px;\">\n<td style=\"width: 23.6658%; height: 24px; vertical-align: middle; border-style: outset; background-color: #ffffff;\"><span style=\"font-family: arial, helvetica, sans-serif;\">Compatibilit\u00e9 12V et 24V<b><\/b><\/span><\/td>\n<td style=\"width: 76.3342%; height: 24px; vertical-align: middle; border-style: outset; background-color: #ffffff;\"><span style=\"font-family: arial, helvetica, sans-serif;\"> adapt\u00e9 pour tester les syst\u00e8mes de d\u00e9marrage et de charge sur des v\u00e9hicules \u00e0 12V et 24V, y compris v\u00e9hicules commerciaux<\/span><\/td>\n<\/tr>\n<tr style=\"height: 24px;\">\n<td style=\"width: 23.6658%; height: 24px; vertical-align: middle; border-style: outset;\"><span style=\"font-family: arial, helvetica, sans-serif;\">V\u00e9rification de la mise \u00e0 la terre<b><\/b><\/span><\/td>\n<td style=\"width: 76.3342%; height: 24px; vertical-align: middle; border-style: outset;\"><span style=\"font-family: arial, helvetica, sans-serif;\">mesure la r\u00e9sistance de la connexion entre le ch\u00e2ssis et le p\u00f4le n\u00e9gatif de la batterie (connexions desserr\u00e9es, corrosion, etc.)<\/span><\/td>\n<\/tr>\n<tr style=\"height: 24px;\">\n<td style=\"width: 23.6658%; height: 24px; vertical-align: middle; border-style: outset; background-color: #ffffff;\"><span style=\"font-family: arial, helvetica, sans-serif;\">Impression des r\u00e9sultats<b><\/b><\/span><\/td>\n<td style=\"width: 76.3342%; height: 24px; vertical-align: middle; border-style: outset; background-color: #ffffff;\"><span style=\"font-family: arial, helvetica, sans-serif;\">le TSP 1000 est dot\u00e9 d\u2019une imprimante thermique int\u00e9gr\u00e9e qui permet d\u2019imprimer les r\u00e9sultats des tests<\/span><\/td>\n<\/tr>\n<tr style=\"height: 24px;\">\n<td style=\"width: 23.6658%; height: 24px; vertical-align: middle; border-style: outset;\"><span style=\"font-family: arial, helvetica, sans-serif;\">Personnalisation des r\u00e9sultats<b><\/b><\/span><\/td>\n<td style=\"width: 76.3342%; height: 24px; vertical-align: middle; border-style: outset;\"><span style=\"font-family: arial, helvetica, sans-serif;\">les donn\u00e9es relatives au client et au v\u00e9hicule peuvent \u00eatre ajout\u00e9es<\/span><\/td>\n<\/tr>\n<tr style=\"height: 24px;\">\n<td style=\"width: 23.6658%; height: 24px; vertical-align: middle; border-style: outset; background-color: #ffffff;\"><span style=\"font-family: arial, helvetica, sans-serif;\">M\u00e9moire SD<b><\/b><\/span><\/td>\n<td style=\"width: 76.3342%; height: 24px; vertical-align: middle; border-style: outset; background-color: #ffffff;\"><span style=\"font-family: arial, helvetica, sans-serif;\">avec emplacement pour carte m\u00e9moire SD &#8211; le transfert de donn\u00e9es vers un PC ne n\u00e9cessite aucun logiciel sp\u00e9cial<\/span><\/td>\n<\/tr>\n<tr style=\"height: 24px;\">\n<td style=\"width: 23.6658%; height: 24px; vertical-align: middle; border-style: outset;\"><span style=\"font-family: arial, helvetica, sans-serif;\">Partage rapide (QR Code)<b><\/b><\/span><\/td>\n<td style=\"width: 76.3342%; height: 24px; vertical-align: middle; border-style: outset;\"><span style=\"font-family: arial, helvetica, sans-serif;\">gr\u00e2ce \u00e0 la fonction QR code, il est possible de partager rapidement les r\u00e9sultats des tests avec un GSM ou une tablette<\/span><\/td>\n<\/tr>\n<tr style=\"height: 24px;\">\n<td style=\"width: 23.6658%; height: 24px; vertical-align: middle; border-style: outset; background-color: #ffffff;\"><span style=\"font-family: arial, helvetica, sans-serif;\">Horloge int\u00e9gr\u00e9e<b><\/b><\/span><\/td>\n<td style=\"width: 76.3342%; height: 24px; vertical-align: middle; border-style: outset; background-color: #ffffff;\"><span style=\"font-family: arial, helvetica, sans-serif;\">Le TSP 1000 enregistre la date et l&rsquo;heure de la mesure.<\/span><\/td>\n<\/tr>\n<tr>\n<td style=\"width: 23.6658%; vertical-align: middle; border-style: outset; background-color: #ffffff;\"><span style=\"font-family: arial, helvetica, sans-serif;\">Stock test<b><\/b><\/span><\/td>\n<td style=\"width: 76.3342%; vertical-align: middle; border-style: outset; background-color: #ffffff;\"><span style=\"font-family: arial, helvetica, sans-serif;\">une fonction qui permet de tester rapidement de grandes quantit\u00e9s de batteries du m\u00eame type<\/span><\/td>\n<\/tr>\n<tr>\n<td style=\"width: 23.6658%; vertical-align: middle; border-style: outset; background-color: #ffffff;\"><span style=\"font-family: arial, helvetica, sans-serif;\">Lecteur de codes-barres<\/span><\/td>\n<td style=\"width: 76.3342%; vertical-align: middle; border-style: outset; background-color: #ffffff;\"><span style=\"font-family: arial, helvetica, sans-serif;\">il est possible de connecter un lecteur de codes-barres<\/span><\/td>\n<\/tr>\n<\/tbody>\n<\/table>\n<p><span style=\"font-family: arial, helvetica, sans-serif;\"><b>\u00c9quipement<\/b><\/span><br \/>\n<span style=\"font-family: arial, helvetica, sans-serif;\">C\u00e2bles avec pinces, 2 rouleaux de papier thermique, mallette de protection.<\/span><\/p>\n<table style=\"border-collapse: collapse; width: 100%;\">\n<tbody>\n<tr>\n<td style=\"width: 33.3333%; text-align: center; vertical-align: middle; background-color: #d2d2d2;\"><span style=\"font-family: arial, helvetica, sans-serif;\"><a href=\"https:\/\/www.decaweld.com\/fr\/prodotto\/chargeur-demarreur\/categories-de-produits\/tsp-1000\/\" target=\"_blank\" rel=\"noopener\"><img decoding=\"async\" class=\"alignnone wp-image-25843 size-thumbnail\" src=\"https:\/\/metalced.be\/wp-content\/uploads\/2025\/12\/TSP-1000-150x150.png\" alt=\"\" width=\"150\" height=\"150\" srcset=\"https:\/\/metalced.be\/wp-content\/uploads\/2025\/12\/TSP-1000-150x150.png 150w, https:\/\/metalced.be\/wp-content\/uploads\/2025\/12\/TSP-1000-300x300.png 300w, https:\/\/metalced.be\/wp-content\/uploads\/2025\/12\/TSP-1000-100x100.png 100w\" sizes=\"(max-width: 150px) 100vw, 150px\" \/><\/a><\/span><\/td>\n<td style=\"width: 33.3333%; text-align: center; vertical-align: middle; background-color: #d2d2d2;\"><span style=\"font-family: arial, helvetica, sans-serif;\"><a href=\"https:\/\/metalced.be\/wp-content\/uploads\/2026\/01\/TSP-1000_kaart_optie_option.png\" target=\"_blank\" rel=\"noopener\"><img decoding=\"async\" class=\"alignnone wp-image-25948 size-thumbnail\" src=\"https:\/\/metalced.be\/wp-content\/uploads\/2026\/01\/TSP-1000_kaart_optie_option-150x150.png\" alt=\"\" width=\"150\" height=\"150\" srcset=\"https:\/\/metalced.be\/wp-content\/uploads\/2026\/01\/TSP-1000_kaart_optie_option-150x150.png 150w, https:\/\/metalced.be\/wp-content\/uploads\/2026\/01\/TSP-1000_kaart_optie_option-300x300.png 300w, https:\/\/metalced.be\/wp-content\/uploads\/2026\/01\/TSP-1000_kaart_optie_option-100x100.png 100w\" sizes=\"(max-width: 150px) 100vw, 150px\" \/><\/a><\/span><\/td>\n<td style=\"width: 33.3333%; text-align: center; vertical-align: middle; background-color: #d2d2d2;\"><span style=\"font-family: arial, helvetica, sans-serif;\"><a href=\"https:\/\/metalced.be\/wp-content\/uploads\/2025\/12\/TSP-1000_koffer.png\" target=\"_blank\" rel=\"noopener\"><img decoding=\"async\" class=\"alignnone wp-image-25854 size-thumbnail\" src=\"https:\/\/metalced.be\/wp-content\/uploads\/2025\/12\/TSP-1000_koffer-150x150.png\" alt=\"\" width=\"150\" height=\"150\" srcset=\"https:\/\/metalced.be\/wp-content\/uploads\/2025\/12\/TSP-1000_koffer-150x150.png 150w, https:\/\/metalced.be\/wp-content\/uploads\/2025\/12\/TSP-1000_koffer-300x300.png 300w, https:\/\/metalced.be\/wp-content\/uploads\/2025\/12\/TSP-1000_koffer-100x100.png 100w\" sizes=\"(max-width: 150px) 100vw, 150px\" \/><\/a><\/span><\/td>\n<\/tr>\n<\/tbody>\n<\/table>\n","protected":false},"excerpt":{"rendered":"<p style=\"text-align: center;\"><a href=\"https:\/\/metalced.be\/wp-content\/uploads\/2025\/12\/Batterij_1.png\"><img decoding=\"async\" class=\"alignnone size-medium wp-image-25874\" src=\"https:\/\/metalced.be\/wp-content\/uploads\/2025\/12\/Batterij_1-300x232.png\" alt=\"\" width=\"300\" height=\"232\" srcset=\"https:\/\/metalced.be\/wp-content\/uploads\/2025\/12\/Batterij_1-300x232.png 300w, https:\/\/metalced.be\/wp-content\/uploads\/2025\/12\/Batterij_1-600x464.png 600w, https:\/\/metalced.be\/wp-content\/uploads\/2025\/12\/Batterij_1.png 698w\" sizes=\"(max-width: 300px) 100vw, 300px\" \/><\/a><\/p>\n","protected":false},"featured_media":25844,"comment_status":"closed","ping_status":"closed","template":"","meta":{"_acf_changed":false},"product_brand":[],"product_cat":[1314,497],"product_tag":[],"class_list":{"0":"post-25870","1":"product","2":"type-product","3":"status-publish","4":"has-post-thumbnail","6":"product_cat-deca","7":"product_cat-testeurs-de-batteries","9":"first","10":"instock","11":"taxable","12":"shipping-taxable","13":"product-type-simple"},"acf":[],"_links":{"self":[{"href":"https:\/\/metalced.be\/fr\/wp-json\/wp\/v2\/product\/25870","targetHints":{"allow":["GET"]}}],"collection":[{"href":"https:\/\/metalced.be\/fr\/wp-json\/wp\/v2\/product"}],"about":[{"href":"https:\/\/metalced.be\/fr\/wp-json\/wp\/v2\/types\/product"}],"replies":[{"embeddable":true,"href":"https:\/\/metalced.be\/fr\/wp-json\/wp\/v2\/comments?post=25870"}],"wp:featuredmedia":[{"embeddable":true,"href":"https:\/\/metalced.be\/fr\/wp-json\/wp\/v2\/media\/25844"}],"wp:attachment":[{"href":"https:\/\/metalced.be\/fr\/wp-json\/wp\/v2\/media?parent=25870"}],"wp:term":[{"taxonomy":"product_brand","embeddable":true,"href":"https:\/\/metalced.be\/fr\/wp-json\/wp\/v2\/product_brand?post=25870"},{"taxonomy":"product_cat","embeddable":true,"href":"https:\/\/metalced.be\/fr\/wp-json\/wp\/v2\/product_cat?post=25870"},{"taxonomy":"product_tag","embeddable":true,"href":"https:\/\/metalced.be\/fr\/wp-json\/wp\/v2\/product_tag?post=25870"}],"curies":[{"name":"wp","href":"https:\/\/api.w.org\/{rel}","templated":true}]}}