{"id":25660,"date":"2025-12-05T10:10:03","date_gmt":"2025-12-05T09:10:03","guid":{"rendered":"https:\/\/metalced.be\/?post_type=product&#038;p=25660"},"modified":"2025-12-05T10:27:22","modified_gmt":"2025-12-05T09:27:22","slug":"65-t-sharklift-chemins-de-roulement-4-pistons-de-levage","status":"publish","type":"product","link":"https:\/\/metalced.be\/fr\/produit\/65-t-sharklift-chemins-de-roulement-4-pistons-de-levage\/","title":{"rendered":"6,5 t \u2022 Sharklift  \u2022 chemins de roulement \u2022 4 v\u00e9rins de levage"},"content":{"rendered":"<table style=\"border-collapse: collapse; width: 100%;\">\n<tbody>\n<tr>\n<td style=\"width: 33.3333%; border-style: hidden; text-align: center;\"><span style=\"color: #800000; font-family: arial, helvetica, sans-serif;\">Chemins de roulement avec une tol\u00e9rance d&rsquo;\u00e0 peine +\/- 0,5 mm,<\/span><br \/>\n<span style=\"color: #800000; font-family: arial, helvetica, sans-serif;\">aussi bien dans la sens longitudinal que dans le sens transversal.<\/span><\/td>\n<td style=\"width: 33.3333%; border-style: hidden; text-align: center;\"><span style=\"color: #800000; font-family: arial, helvetica, sans-serif;\">Id\u00e9al pour l&rsquo;alignement, fonctions de test &#8230;<br \/>\nConforme les directives des constructeurs automobiles &#8230;<\/span><\/td>\n<\/tr>\n<tr>\n<td style=\"width: 33.3333%; border-style: hidden; text-align: center;\" colspan=\"2\"><span style=\"color: #800000; font-family: arial, helvetica, sans-serif;\">Recommand\u00e9 par:<\/span><br \/>\n<span style=\"font-family: arial, helvetica, sans-serif;\"><span style=\"color: #800000;\">Groupe Volkswagen \u00b7 Mercedes-Benz<\/span><span style=\"color: #800000;\"><br \/>\n<\/span><span style=\"color: #800000;\"><br \/>\n<\/span><\/span><\/td>\n<\/tr>\n<\/tbody>\n<\/table>\n<table style=\"height: 58px; width: 100%; border-style: hidden;\">\n<tbody>\n<tr style=\"height: 24px;\">\n<th style=\"width: 98.7566%; height: 24px; background-color: #f1f1f1; text-align: center;\" colspan=\"5\"><span style=\"font-family: arial, helvetica, sans-serif;\"><strong><span style=\"color: #800000;\">Chemins de roulement 4,8 ou 5,5 m\u00a0 \u00b7\u00a0 sur sol ou encastr\u00e9\u00a0 \u00b7\u00a0 capacit\u00e9 de levage 6,5 t<\/span><br \/>\n<\/strong><\/span><\/th>\n<\/tr>\n<tr style=\"height: 2px;\">\n<td style=\"height: 2px; width: 20%; vertical-align: middle; background-color: #f9f9f9;\"><span style=\"font-family: arial, helvetica, sans-serif;\">Hauteur de levage v\u00e9rins<\/span><\/td>\n<td style=\"height: 2px; width: 20%; vertical-align: middle; background-color: #f9f9f9;\"><span style=\"font-family: arial, helvetica, sans-serif;\">1,86 m<\/span><\/td>\n<td style=\"height: 34px; width: 18.7566%; text-align: center; vertical-align: middle; background-color: #f9f9f9;\" rowspan=\"5\"><span style=\"font-family: arial, helvetica, sans-serif;\"><img decoding=\"async\" class=\"alignnone size-medium wp-image-12292\" src=\"https:\/\/metalced.be\/wp-content\/uploads\/2019\/05\/4_ram_lift_465_F480_550-300x225.jpg\" alt=\"\" width=\"300\" height=\"225\" \/><\/span><\/td>\n<td style=\"height: 2px; width: 20%; vertical-align: middle; background-color: #f9f9f9;\"><span style=\"font-family: arial, helvetica, sans-serif;\">Entre v\u00e9rins de levage<\/span><\/td>\n<td style=\"height: 2px; width: 20%; vertical-align: middle; background-color: #f9f9f9;\"><span style=\"font-family: arial, helvetica, sans-serif;\">1550 \/ 3000 mm<\/span><\/td>\n<\/tr>\n<tr style=\"height: 2px;\">\n<td style=\"height: 10px; width: 20%; vertical-align: middle; background-color: #f9f9f9;\"><span style=\"font-family: arial, helvetica, sans-serif;\">Empattement voitures<\/span><\/td>\n<td style=\"height: 10px; width: 20%; vertical-align: middle; background-color: #f9f9f9;\"><span style=\"font-family: arial, helvetica, sans-serif;\">ca 4,15 ou 4,85 m<\/span><\/td>\n<td style=\"height: 10px; width: 20%; vertical-align: middle; background-color: #f9f9f9;\"><span style=\"font-family: arial, helvetica, sans-serif;\">Hauteur \/ largeur <br \/>\nch. de roulement<\/span><\/td>\n<td style=\"height: 10px; width: 20%; vertical-align: middle; background-color: #f9f9f9;\"><span style=\"font-family: arial, helvetica, sans-serif;\">195 \/ 650 mm<\/span><\/td>\n<\/tr>\n<tr style=\"height: 2px;\">\n<td style=\"height: 10px; width: 20%; vertical-align: middle; background-color: #f9f9f9;\"><span style=\"font-family: arial, helvetica, sans-serif;\">Temps de levage\/ descente<\/span><\/td>\n<td style=\"height: 10px; width: 20%; vertical-align: middle; background-color: #f9f9f9;\"><span style=\"font-family: arial, helvetica, sans-serif;\">ca 30 sec<\/span><\/td>\n<td style=\"height: 10px; width: 20%; vertical-align: middle; background-color: #f9f9f9;\"><span style=\"font-family: arial, helvetica, sans-serif;\">Entre ch. de roulement<\/span><\/td>\n<td style=\"height: 10px; width: 20%; vertical-align: middle; background-color: #f9f9f9;\"><span style=\"font-family: arial, helvetica, sans-serif;\">900 mm<\/span><\/td>\n<\/tr>\n<tr style=\"height: 10px;\">\n<td style=\"height: 10px; width: 20%; vertical-align: middle; background-color: #f9f9f9;\"><span style=\"font-family: arial, helvetica, sans-serif;\">V\u00e9rins de levage<\/span><\/td>\n<td style=\"height: 10px; width: 20%; vertical-align: middle; background-color: #f9f9f9;\"><span style=\"font-family: arial, helvetica, sans-serif;\">4x \u2205 213 mm<\/span><\/td>\n<td style=\"height: 10px; vertical-align: middle; width: 20%; background-color: #f9f9f9;\"><span style=\"font-family: arial, helvetica, sans-serif;\">Electrique<\/span><\/td>\n<td style=\"height: 10px; vertical-align: middle; width: 20%; background-color: #f9f9f9;\"><span style=\"font-family: arial, helvetica, sans-serif;\">3x 230\/400 V \u00b7 2&#215;3,0 kW<\/span><\/td>\n<\/tr>\n<tr style=\"height: 2px;\">\n<td style=\"height: 2px; width: 20%; vertical-align: middle; background-color: #f9f9f9;\"><span style=\"font-family: arial, helvetica, sans-serif;\">Cassette<\/span><\/td>\n<td style=\"height: 2px; width: 20%; vertical-align: middle; background-color: #f9f9f9;\"><span style=\"font-family: arial, helvetica, sans-serif;\">\u00e9tanche<\/span><\/td>\n<td style=\"height: 2px; vertical-align: middle; width: 20%; background-color: #f9f9f9;\"><span style=\"font-family: arial, helvetica, sans-serif;\">Couleurs RAL<\/span><\/td>\n<td style=\"height: 2px; vertical-align: middle; width: 20%; background-color: #f9f9f9;\"><span style=\"font-family: arial, helvetica, sans-serif;\">7016 gris &amp; 3020 rouge<\/span><\/td>\n<\/tr>\n<\/tbody>\n<\/table>\n<p><span style=\"font-family: arial, helvetica, sans-serif;\">Donn\u00e9es standards:<\/span><\/p>\n<ul style=\"list-style-type: square;\">\n<li><span style=\"font-family: arial, helvetica, sans-serif;\">commande murale avec fonction programmable<\/span><\/li>\n<li><span style=\"font-family: arial, helvetica, sans-serif;\">pr\u00e9paration pour l&rsquo;alimentation en air comprim\u00e9 du cric de pont<\/span><\/li>\n<li><span style=\"font-family: arial, helvetica, sans-serif;\">huile \u00e9cologique<\/span><\/li>\n<\/ul>\n<table style=\"width: 100%; border-style: hidden; height: 282px;\">\n<tbody>\n<tr style=\"height: 188px;\">\n<td style=\"vertical-align: middle; width: 20%; text-align: center; height: 188px; border-style: hidden;\">\n<p><a href=\"https:\/\/metalced.be\/wp-content\/uploads\/2025\/11\/Steuerung-web_1.webp\" target=\"_blank\" rel=\"noopener\"><img decoding=\"async\" class=\"alignnone wp-image-25379 size-medium\" src=\"https:\/\/metalced.be\/wp-content\/uploads\/2025\/11\/Steuerung-web_1-300x168.webp\" alt=\"\" width=\"300\" height=\"168\" srcset=\"https:\/\/metalced.be\/wp-content\/uploads\/2025\/11\/Steuerung-web_1-300x168.webp 300w, https:\/\/metalced.be\/wp-content\/uploads\/2025\/11\/Steuerung-web_1-768x431.webp 768w, https:\/\/metalced.be\/wp-content\/uploads\/2025\/11\/Steuerung-web_1-600x337.webp 600w, https:\/\/metalced.be\/wp-content\/uploads\/2025\/11\/Steuerung-web_1.webp 820w\" sizes=\"(max-width: 300px) 100vw, 300px\" \/><\/a><\/p>\n<\/td>\n<td style=\"vertical-align: middle; width: 20%; text-align: center; height: 188px; border-style: hidden;\">\n<p><span style=\"font-family: arial, helvetica, sans-serif;\"><a href=\"https:\/\/metalced.be\/wp-content\/uploads\/2019\/04\/Notablass-e1554712878892.jpg\" target=\"_blank\" rel=\"noopener noreferrer\"><img decoding=\"async\" class=\"wp-image-11810 size-thumbnail\" src=\"https:\/\/metalced.be\/wp-content\/uploads\/2019\/04\/Notablass-150x150.jpg\" alt=\"\" width=\"150\" height=\"150\" \/><\/a><\/span><\/p>\n<\/td>\n<td style=\"vertical-align: middle; width: 20%; text-align: center; height: 188px; border-style: hidden;\">\n<p><span style=\"font-family: arial, helvetica, sans-serif;\"><a href=\"https:\/\/metalced.be\/wp-content\/uploads\/2019\/04\/Schild-Serien-Nummer-e1554710573297.jpg\" target=\"_blank\" rel=\"noopener noreferrer\"><img decoding=\"async\" class=\"wp-image-11806 size-thumbnail\" src=\"https:\/\/metalced.be\/wp-content\/uploads\/2019\/04\/Schild-Serien-Nummer-150x150.jpg\" alt=\"\" width=\"150\" height=\"150\" \/><\/a><\/span><\/p>\n<\/td>\n<td style=\"vertical-align: middle; width: 20%; text-align: center; height: 188px; border-style: hidden;\"><a href=\"https:\/\/metalced.be\/wp-content\/uploads\/2025\/11\/Opnametoebehoren.png\" target=\"_blank\" rel=\"noopener\"><img decoding=\"async\" class=\"alignnone wp-image-25377\" src=\"https:\/\/metalced.be\/wp-content\/uploads\/2025\/11\/Opnametoebehoren-295x300.png\" alt=\"\" width=\"196\" height=\"200\" srcset=\"https:\/\/metalced.be\/wp-content\/uploads\/2025\/11\/Opnametoebehoren-295x300.png 295w, https:\/\/metalced.be\/wp-content\/uploads\/2025\/11\/Opnametoebehoren-1006x1024.png 1006w, https:\/\/metalced.be\/wp-content\/uploads\/2025\/11\/Opnametoebehoren-768x782.png 768w, https:\/\/metalced.be\/wp-content\/uploads\/2025\/11\/Opnametoebehoren-600x611.png 600w, https:\/\/metalced.be\/wp-content\/uploads\/2025\/11\/Opnametoebehoren.png 1092w\" sizes=\"(max-width: 196px) 100vw, 196px\" \/><\/a><\/td>\n<\/tr>\n<tr style=\"height: 94px;\">\n<td style=\"vertical-align: middle; width: 20%; text-align: center; border-style: hidden; height: 94px;\"><span style=\"font-family: arial, helvetica, sans-serif;\">Tableau de commande<\/span><br \/>\n<span style=\"font-family: arial, helvetica, sans-serif;\">(support en option)<\/span><\/td>\n<td style=\"vertical-align: middle; width: 20%; text-align: center; border-style: hidden; height: 94px;\">\n<p><span style=\"font-family: arial, helvetica, sans-serif;\">Descente de secours<\/span><br \/>\n<span style=\"font-family: arial, helvetica, sans-serif;\">via air comprim\u00e9<\/span><\/p>\n<\/td>\n<td style=\"vertical-align: middle; width: 20%; text-align: center; border-style: hidden; height: 94px;\">\n<p><span style=\"font-family: arial, helvetica, sans-serif;\">Cassette avec<\/span><br \/>\n<span style=\"font-family: arial, helvetica, sans-serif;\">plaque d&rsquo;identification<\/span><\/p>\n<\/td>\n<td style=\"vertical-align: middle; width: 20%; text-align: center; border-style: hidden; height: 94px;\"><span style=\"font-family: arial, helvetica, sans-serif;\">Supports de prise<\/span><br \/>\n<span style=\"font-family: arial, helvetica, sans-serif;\">voir page ci-dessus \u21d1<\/span><\/td>\n<\/tr>\n<\/tbody>\n<\/table>\n<p><span style=\"font-family: arial, helvetica, sans-serif;\">Options principales:<\/span><\/p>\n<ul style=\"list-style-type: square;\">\n<li><span style=\"font-family: arial, helvetica, sans-serif;\">syst\u00e8me de suivi automatique encoche (version \u00e0 encastrer)<\/span><\/li>\n<li><span style=\"font-family: arial, helvetica, sans-serif;\">crics de pont 2,6 \u00b7 3,2 ou 4,0 t et alimentation air comprim\u00e9<\/span><\/li>\n<li><span style=\"font-family: arial, helvetica, sans-serif;\">cassettes galvanis\u00e9es \u00e0 chaud \u00b7 rev\u00eatement plastif\u00e9<\/span><\/li>\n<li><span style=\"font-family: arial, helvetica, sans-serif;\">rampes d&rsquo;acc\u00e8s\/ de sortie \u00b7 \u00e9clairage LED \u00b7 couleurs \u00b7 cadres de sol &#8230;<\/span><\/li>\n<li><span style=\"font-family: arial, helvetica, sans-serif;\">tables de g\u00e9om\u00e9trie tournantes<\/span><\/li>\n<\/ul>\n<table style=\"border-collapse: collapse; width: 100%; height: 211px;\">\n<tbody>\n<tr style=\"height: 175px;\">\n<td style=\"width: 33.3333%; text-align: center; vertical-align: middle; background-color: #d2d2d2; border-style: hidden; height: 175px;\"><span style=\"font-family: arial, helvetica, sans-serif;\"><a href=\"https:\/\/metalced.be\/wp-content\/uploads\/2025\/12\/Uitsparingen-draaiplaten.png\" target=\"_blank\" rel=\"noopener\"><img decoding=\"async\" class=\"alignnone wp-image-25627 size-medium\" src=\"https:\/\/metalced.be\/wp-content\/uploads\/2025\/12\/Uitsparingen-draaiplaten-300x168.png\" alt=\"\" width=\"300\" height=\"168\" srcset=\"https:\/\/metalced.be\/wp-content\/uploads\/2025\/12\/Uitsparingen-draaiplaten-300x168.png 300w, https:\/\/metalced.be\/wp-content\/uploads\/2025\/12\/Uitsparingen-draaiplaten-600x337.png 600w, https:\/\/metalced.be\/wp-content\/uploads\/2025\/12\/Uitsparingen-draaiplaten.png 700w\" sizes=\"(max-width: 300px) 100vw, 300px\" \/><\/a><\/span><\/td>\n<td style=\"width: 33.3333%; text-align: center; vertical-align: middle; background-color: #d2d2d2; border-style: hidden; height: 175px;\"><span style=\"font-family: arial, helvetica, sans-serif;\"><a href=\"https:\/\/metalced.be\/wp-content\/uploads\/2025\/12\/Achterwielplaten.jpg\" target=\"_blank\" rel=\"noopener\"><img decoding=\"async\" class=\"alignnone wp-image-25637 size-medium\" src=\"https:\/\/metalced.be\/wp-content\/uploads\/2025\/12\/Achterwielplaten-300x168.jpg\" alt=\"\" width=\"300\" height=\"168\" srcset=\"https:\/\/metalced.be\/wp-content\/uploads\/2025\/12\/Achterwielplaten-300x168.jpg 300w, https:\/\/metalced.be\/wp-content\/uploads\/2025\/12\/Achterwielplaten-600x337.jpg 600w, https:\/\/metalced.be\/wp-content\/uploads\/2025\/12\/Achterwielplaten.jpg 700w\" sizes=\"(max-width: 300px) 100vw, 300px\" \/><\/a><\/span><\/td>\n<td style=\"width: 33.3333%; text-align: center; vertical-align: middle; background-color: #d2d2d2; border-style: hidden; height: 175px;\"><span style=\"font-family: arial, helvetica, sans-serif;\"><a href=\"https:\/\/metalced.be\/wp-content\/uploads\/2025\/12\/Persluchttoevoer.png\" target=\"_blank\" rel=\"noopener\"><img decoding=\"async\" class=\"alignnone wp-image-25629 size-medium\" src=\"https:\/\/metalced.be\/wp-content\/uploads\/2025\/12\/Persluchttoevoer-300x168.png\" alt=\"\" width=\"300\" height=\"168\" srcset=\"https:\/\/metalced.be\/wp-content\/uploads\/2025\/12\/Persluchttoevoer-300x168.png 300w, https:\/\/metalced.be\/wp-content\/uploads\/2025\/12\/Persluchttoevoer-600x337.png 600w, https:\/\/metalced.be\/wp-content\/uploads\/2025\/12\/Persluchttoevoer.png 700w\" sizes=\"(max-width: 300px) 100vw, 300px\" \/><\/a><\/span><\/td>\n<\/tr>\n<tr style=\"height: 36px;\">\n<td style=\"width: 33.3333%; text-align: center; vertical-align: middle; border-style: hidden; height: 36px;\"><span style=\"font-family: arial, helvetica, sans-serif;\">Position variable pour plateaux tournants<\/span><\/td>\n<td style=\"width: 33.3333%; text-align: center; vertical-align: middle; border-style: hidden; height: 36px;\"><span style=\"font-family: arial, helvetica, sans-serif;\">Plaques oscillantes pour roues arri\u00e8re<\/span><\/td>\n<td style=\"width: 33.3333%; text-align: center; vertical-align: middle; border-style: hidden; height: 36px;\"><span style=\"font-family: arial, helvetica, sans-serif;\">Alimentation en air comprim\u00e9 pour cric pont (option)<\/span><\/td>\n<\/tr>\n<\/tbody>\n<\/table>\n","protected":false},"excerpt":{"rendered":"<p><span style=\"font-family: arial, helvetica, sans-serif;\">Pistons \u00e0 rev\u00eatement chrom\u00e9 de haute qualit\u00e9<\/span><br \/>\n<span style=\"font-family: arial, helvetica, sans-serif;\"><span style=\"font-family: webdings;\">4<\/span> sans entretien, r\u00e9sistants et durables.<\/span><\/p>\n<p><span style=\"font-family: arial, helvetica, sans-serif;\">Moteur \u00e0 bain d&rsquo;huile<\/span><br \/>\n<span style=\"font-family: arial, helvetica, sans-serif;\"><span style=\"font-family: webdings;\">4<\/span> la meilleure protection contre l&rsquo;humidit\u00e9 de condensation.<\/span><\/p>\n<p><span style=\"font-family: arial, helvetica, sans-serif;\">Cassettes d&rsquo;encastrement pourvue d&rsquo;une plaquette d&rsquo;identification et certificat d&rsquo;\u00e9tanch\u00e9it\u00e9<\/span><br \/>\n<span style=\"font-family: arial, helvetica, sans-serif;\"><span style=\"font-family: webdings;\">4<\/span> solide et robuste <span style=\"font-family: webdings;\">4<\/span> du type autoportant<\/span><\/p>\n<table style=\"width: 100%; border-collapse: collapse; border-style: hidden; height: 48px;\">\n<tbody>\n<tr style=\"height: 48px;\">\n<td style=\"width: 3%; vertical-align: middle; border-style: hidden; height: 48px; text-align: center; background-color: #f9f9f9;\"><span style=\"font-family: arial, helvetica, sans-serif;\"><strong><span style=\"color: #ff0000;\">\u27ab<\/span><\/strong><\/span><\/td>\n<td style=\"width: 14.2857%; vertical-align: middle; border-style: hidden; height: 48px; text-align: center; background-color: #f9f9f9;\"><span style=\"font-family: arial, helvetica, sans-serif;\"><em><span style=\"color: #000000;\"><a style=\"color: #000000;\" title=\"\" href=\"https:\/\/metalced.be\/wp-content\/uploads\/2025\/11\/AutopStenhoj_Benefits-Features_FR.pdf\" target=\"_blank\" rel=\"noopener noreferrer\">la technologie <br \/>\nen d\u00e9tail<\/a><\/span><\/em><\/span><\/td>\n<td style=\"width: 14.2857%; vertical-align: middle; border-style: hidden; height: 48px; text-align: center; background-color: #f9f9f9;\"><span style=\"font-family: arial, helvetica, sans-serif;\"><em><span style=\"color: #ff0000;\"><span style=\"color: #000000;\"><a style=\"color: #000000;\" title=\"\" href=\"https:\/\/www.autopstenhoj.com\/fr\/sharklift-4-65-f-480-550-ka1550-3000-997.html\" target=\"_blank\" rel=\"noopener noreferrer\">page web<br \/>\nAutopStenhoj<\/a><\/span><\/span><\/em><\/span><\/td>\n<td style=\"width: 14.2857%; vertical-align: middle; border-style: hidden; height: 48px; text-align: center; background-color: #f9f9f9;\"><span style=\"font-family: arial, helvetica, sans-serif;\"><em><a title=\"\" href=\"https:\/\/metalced.be\/wp-content\/uploads\/2022\/12\/AutopStenhoj-supports-FR2.pdf\" target=\"_blank\" rel=\"noopener\"><span style=\"color: #000000;\">supports <br \/>\nde prise<\/span><\/a><\/em><\/span><\/td>\n<\/tr>\n<\/tbody>\n<\/table>\n<table style=\"border-collapse: collapse; width: 100%;\">\n<tbody>\n<tr>\n<td style=\"width: 50%; text-align: center; vertical-align: middle; border-style: hidden; background-color: #d2d2d2;\"><a href=\"https:\/\/metalced.be\/wp-content\/uploads\/2025\/12\/Opbouwversie-1.png\" target=\"_blank\" rel=\"noopener\"><img decoding=\"async\" class=\"alignnone wp-image-25656 size-medium\" src=\"https:\/\/metalced.be\/wp-content\/uploads\/2025\/12\/Opbouwversie-1-300x168.png\" alt=\"\" width=\"300\" height=\"168\" srcset=\"https:\/\/metalced.be\/wp-content\/uploads\/2025\/12\/Opbouwversie-1-300x168.png 300w, https:\/\/metalced.be\/wp-content\/uploads\/2025\/12\/Opbouwversie-1-768x431.png 768w, https:\/\/metalced.be\/wp-content\/uploads\/2025\/12\/Opbouwversie-1-600x337.png 600w, https:\/\/metalced.be\/wp-content\/uploads\/2025\/12\/Opbouwversie-1.png 918w\" sizes=\"(max-width: 300px) 100vw, 300px\" \/><\/a><\/td>\n<td style=\"width: 50%; text-align: center; vertical-align: middle; border-style: hidden; background-color: #d2d2d2;\"><a href=\"https:\/\/metalced.be\/wp-content\/uploads\/2025\/12\/3x-inbouw_encastre.png\" target=\"_blank\" rel=\"noopener\"><img decoding=\"async\" class=\"alignnone wp-image-25654 size-medium\" src=\"https:\/\/metalced.be\/wp-content\/uploads\/2025\/12\/3x-inbouw_encastre-300x195.png\" alt=\"\" width=\"300\" height=\"195\" srcset=\"https:\/\/metalced.be\/wp-content\/uploads\/2025\/12\/3x-inbouw_encastre-300x195.png 300w, https:\/\/metalced.be\/wp-content\/uploads\/2025\/12\/3x-inbouw_encastre-600x389.png 600w, https:\/\/metalced.be\/wp-content\/uploads\/2025\/12\/3x-inbouw_encastre.png 700w\" sizes=\"(max-width: 300px) 100vw, 300px\" \/><\/a><\/td>\n<\/tr>\n<\/tbody>\n<\/table>\n","protected":false},"featured_media":25632,"comment_status":"open","ping_status":"closed","template":"","meta":{"_acf_changed":false},"product_brand":[],"product_cat":[123,113],"product_tag":[],"class_list":{"0":"post-25660","1":"product","2":"type-product","3":"status-publish","4":"has-post-thumbnail","6":"product_cat-autopstenhoj-fr","7":"product_cat-ponts-jumeaux","9":"first","10":"instock","11":"taxable","12":"shipping-taxable","13":"product-type-simple"},"acf":[],"_links":{"self":[{"href":"https:\/\/metalced.be\/fr\/wp-json\/wp\/v2\/product\/25660","targetHints":{"allow":["GET"]}}],"collection":[{"href":"https:\/\/metalced.be\/fr\/wp-json\/wp\/v2\/product"}],"about":[{"href":"https:\/\/metalced.be\/fr\/wp-json\/wp\/v2\/types\/product"}],"replies":[{"embeddable":true,"href":"https:\/\/metalced.be\/fr\/wp-json\/wp\/v2\/comments?post=25660"}],"wp:featuredmedia":[{"embeddable":true,"href":"https:\/\/metalced.be\/fr\/wp-json\/wp\/v2\/media\/25632"}],"wp:attachment":[{"href":"https:\/\/metalced.be\/fr\/wp-json\/wp\/v2\/media?parent=25660"}],"wp:term":[{"taxonomy":"product_brand","embeddable":true,"href":"https:\/\/metalced.be\/fr\/wp-json\/wp\/v2\/product_brand?post=25660"},{"taxonomy":"product_cat","embeddable":true,"href":"https:\/\/metalced.be\/fr\/wp-json\/wp\/v2\/product_cat?post=25660"},{"taxonomy":"product_tag","embeddable":true,"href":"https:\/\/metalced.be\/fr\/wp-json\/wp\/v2\/product_tag?post=25660"}],"curies":[{"name":"wp","href":"https:\/\/api.w.org\/{rel}","templated":true}]}}