{"id":21416,"date":"2024-03-29T10:37:31","date_gmt":"2024-03-29T09:37:32","guid":{"rendered":"https:\/\/metalced.be\/?post_type=product&#038;p=21416"},"modified":"2025-10-29T10:18:33","modified_gmt":"2025-10-29T09:18:33","slug":"55-t-geometrie-levage-auxiliaire-kopie","status":"publish","type":"product","link":"https:\/\/metalced.be\/fr\/produit\/55-t-geometrie-levage-auxiliaire-kopie\/","title":{"rendered":"5,5 t \u00b7 avec syst\u00e8me roues libres"},"content":{"rendered":"<table style=\"height: 88px; width: 100%; border-style: hidden;\">\n<tbody>\n<tr style=\"height: 24px;\">\n<th style=\"width: 98.7566%; height: 24px; background-color: #f2e9e9; text-align: center;\" colspan=\"5\"><span style=\"font-family: arial, helvetica, sans-serif;\"><strong><span style=\"color: #800000;\">Pont \u00e9l\u00e9vateur 5,5 t + \u00e9clairage LED<br \/>\nSyst\u00e8me roues libres 3,2 t<\/span><\/strong><strong><br \/>\n<\/strong><\/span><\/th>\n<\/tr>\n<tr style=\"height: 2px;\">\n<td style=\"height: 10px; width: 22.1605%; vertical-align: middle; background-color: #fcfcfc;\"><span style=\"font-family: arial, helvetica, sans-serif;\">Hauteur de levage<\/span><\/td>\n<td style=\"height: 10px; width: 17.8395%; vertical-align: middle; background-color: #fcfcfc;\"><span style=\"font-family: arial, helvetica, sans-serif;\">1,96 m<\/span><\/td>\n<td style=\"height: 64px; width: 18.7566%; text-align: center; vertical-align: middle; background-color: #fcfcfc;\" rowspan=\"5\"><a href=\"https:\/\/metalced.be\/wp-content\/uploads\/2024\/03\/SEV-455-W-REN-e1711702787366.png\"><img decoding=\"async\" class=\"alignnone size-medium wp-image-21403\" src=\"https:\/\/metalced.be\/wp-content\/uploads\/2024\/03\/SEV-455-W-REN-300x196.png\" alt=\"\" width=\"300\" height=\"196\" srcset=\"https:\/\/metalced.be\/wp-content\/uploads\/2024\/03\/SEV-455-W-REN-300x196.png 300w, https:\/\/metalced.be\/wp-content\/uploads\/2024\/03\/SEV-455-W-REN-1024x667.png 1024w, https:\/\/metalced.be\/wp-content\/uploads\/2024\/03\/SEV-455-W-REN-768x501.png 768w, https:\/\/metalced.be\/wp-content\/uploads\/2024\/03\/SEV-455-W-REN-1536x1001.png 1536w, https:\/\/metalced.be\/wp-content\/uploads\/2024\/03\/SEV-455-W-REN-600x391.png 600w, https:\/\/metalced.be\/wp-content\/uploads\/2024\/03\/SEV-455-W-REN.png 1769w\" sizes=\"(max-width: 300px) 100vw, 300px\" \/><\/a><\/td>\n<td style=\"height: 10px; width: 22.0576%; vertical-align: middle; background-color: #fcfcfc;\"><span style=\"font-family: arial, helvetica, sans-serif;\">Temps de levage<\/span><\/td>\n<td style=\"height: 10px; width: 17.9424%; vertical-align: middle; background-color: #fcfcfc;\"><span style=\"font-family: arial, helvetica, sans-serif;\">+\/- 50 sec<\/span><\/td>\n<\/tr>\n<tr style=\"height: 2px;\">\n<td style=\"height: 10px; width: 22.1605%; vertical-align: middle; background-color: #fcfcfc;\"><span style=\"font-family: arial, helvetica, sans-serif;\">Chemins de roulement<\/span><\/td>\n<td style=\"height: 10px; width: 17.8395%; vertical-align: middle; background-color: #fcfcfc;\"><span style=\"font-family: arial, helvetica, sans-serif;\">5,30 x 0,65 m<\/span><\/td>\n<td style=\"height: 10px; width: 22.0576%; vertical-align: middle; background-color: #fcfcfc;\"><span style=\"font-family: arial, helvetica, sans-serif;\">Air comprim\u00e9<\/span><\/td>\n<td style=\"height: 10px; width: 17.9424%; vertical-align: middle; background-color: #fcfcfc;\"><span style=\"font-family: arial, helvetica, sans-serif;\">pour les s\u00e9curit\u00e9es<\/span><\/td>\n<\/tr>\n<tr style=\"height: 2px;\">\n<td style=\"height: 10px; width: 22.1605%; vertical-align: middle; background-color: #fcfcfc;\"><span style=\"font-family: arial, helvetica, sans-serif;\">Hauteur d&rsquo;acc\u00e8s<\/span><\/td>\n<td style=\"height: 10px; width: 17.8395%; vertical-align: middle; background-color: #fcfcfc;\"><span style=\"font-family: arial, helvetica, sans-serif;\">205 mm<\/span><\/td>\n<td style=\"height: 10px; width: 22.0576%; vertical-align: middle; background-color: #fcfcfc;\"><span style=\"font-family: arial, helvetica, sans-serif;\">Volt<\/span><\/td>\n<td style=\"height: 10px; width: 17.9424%; vertical-align: middle; background-color: #fcfcfc;\"><span style=\"font-family: arial, helvetica, sans-serif;\">3x 230\/400 V<\/span><\/td>\n<\/tr>\n<tr style=\"height: 24px;\">\n<td style=\"width: 22.1605%; vertical-align: middle; background-color: #fcfcfc; height: 24px;\"><span style=\"font-family: arial, helvetica, sans-serif;\">Entre colonnes<\/span><\/td>\n<td style=\"width: 17.8395%; vertical-align: middle; background-color: #fcfcfc; height: 24px;\"><span style=\"font-family: arial, helvetica, sans-serif;\">3,08 m<\/span><\/td>\n<td style=\"width: 22.0576%; vertical-align: middle; background-color: #fcfcfc; height: 24px;\"><span style=\"font-family: arial, helvetica, sans-serif;\">kW<\/span><\/td>\n<td style=\"width: 17.9424%; vertical-align: middle; background-color: #fcfcfc; height: 24px;\"><span style=\"font-family: arial, helvetica, sans-serif;\">4,0<\/span><\/td>\n<\/tr>\n<tr style=\"height: 10px;\">\n<td style=\"height: 10px; width: 22.1605%; vertical-align: middle; background-color: #fcfcfc;\"><span style=\"font-family: arial, helvetica, sans-serif;\">Plateformes syst\u00e8me roues libres<\/span><\/td>\n<td style=\"height: 10px; width: 17.8395%; vertical-align: middle; background-color: #fcfcfc;\"><span style=\"font-family: arial, helvetica, sans-serif;\">1,4\u21d42,1 m<\/span><\/td>\n<td style=\"height: 10px; vertical-align: middle; text-align: left; width: 22.0576%; background-color: #fcfcfc;\"><span style=\"font-family: arial, helvetica, sans-serif;\">Couleurs RAL<\/span><\/td>\n<td style=\"height: 10px; vertical-align: middle; text-align: left; width: 17.9424%; background-color: #fcfcfc;\"><span style=\"font-family: arial, helvetica, sans-serif;\">7016 &amp; 3020<\/span><\/td>\n<\/tr>\n<\/tbody>\n<\/table>\n<table style=\"border-collapse: collapse; width: 100%;\">\n<tbody>\n<tr>\n<td style=\"width: 25%; text-align: center; vertical-align: middle;\"><a href=\"https:\/\/metalced.be\/wp-content\/uploads\/2023\/06\/1d940b32-aa66-4ec4-8489-941ca94a8692-e1688042807598.jpg\" target=\"_blank\" rel=\"noopener\"><img decoding=\"async\" class=\"alignnone wp-image-19939 size-medium\" src=\"https:\/\/metalced.be\/wp-content\/uploads\/2023\/06\/1d940b32-aa66-4ec4-8489-941ca94a8692-300x225.jpg\" alt=\"\" width=\"300\" height=\"225\" srcset=\"https:\/\/metalced.be\/wp-content\/uploads\/2023\/06\/1d940b32-aa66-4ec4-8489-941ca94a8692-300x225.jpg 300w, https:\/\/metalced.be\/wp-content\/uploads\/2023\/06\/1d940b32-aa66-4ec4-8489-941ca94a8692-1024x768.jpg 1024w, https:\/\/metalced.be\/wp-content\/uploads\/2023\/06\/1d940b32-aa66-4ec4-8489-941ca94a8692-768x576.jpg 768w, https:\/\/metalced.be\/wp-content\/uploads\/2023\/06\/1d940b32-aa66-4ec4-8489-941ca94a8692-1536x1153.jpg 1536w, https:\/\/metalced.be\/wp-content\/uploads\/2023\/06\/1d940b32-aa66-4ec4-8489-941ca94a8692-600x450.jpg 600w, https:\/\/metalced.be\/wp-content\/uploads\/2023\/06\/1d940b32-aa66-4ec4-8489-941ca94a8692.jpg 1599w\" sizes=\"(max-width: 300px) 100vw, 300px\" \/><\/a><\/td>\n<td style=\"width: 25%; text-align: center; vertical-align: middle;\"><a href=\"https:\/\/metalced.be\/wp-content\/uploads\/2023\/06\/68e997e0-6b3e-44d3-80e6-1c9a5aa1e9c1-e1688042729983.jpg\" target=\"_blank\" rel=\"noopener\"><img decoding=\"async\" class=\"alignnone wp-image-19933 size-medium\" src=\"https:\/\/metalced.be\/wp-content\/uploads\/2023\/06\/68e997e0-6b3e-44d3-80e6-1c9a5aa1e9c1-300x169.jpg\" alt=\"\" width=\"300\" height=\"169\" srcset=\"https:\/\/metalced.be\/wp-content\/uploads\/2023\/06\/68e997e0-6b3e-44d3-80e6-1c9a5aa1e9c1-300x169.jpg 300w, https:\/\/metalced.be\/wp-content\/uploads\/2023\/06\/68e997e0-6b3e-44d3-80e6-1c9a5aa1e9c1-1024x576.jpg 1024w, https:\/\/metalced.be\/wp-content\/uploads\/2023\/06\/68e997e0-6b3e-44d3-80e6-1c9a5aa1e9c1-768x432.jpg 768w, https:\/\/metalced.be\/wp-content\/uploads\/2023\/06\/68e997e0-6b3e-44d3-80e6-1c9a5aa1e9c1-1536x864.jpg 1536w, https:\/\/metalced.be\/wp-content\/uploads\/2023\/06\/68e997e0-6b3e-44d3-80e6-1c9a5aa1e9c1-600x337.jpg 600w, https:\/\/metalced.be\/wp-content\/uploads\/2023\/06\/68e997e0-6b3e-44d3-80e6-1c9a5aa1e9c1.jpg 1599w\" sizes=\"(max-width: 300px) 100vw, 300px\" \/><\/a><\/td>\n<td style=\"width: 25%; text-align: center; vertical-align: middle;\"><a href=\"https:\/\/metalced.be\/wp-content\/uploads\/2023\/06\/5e0721c7-fee6-4ad0-8bf5-48da330650ce-e1688042777286.jpg\" target=\"_blank\" rel=\"noopener\"><img decoding=\"async\" class=\"alignnone wp-image-19935 size-medium\" src=\"https:\/\/metalced.be\/wp-content\/uploads\/2023\/06\/5e0721c7-fee6-4ad0-8bf5-48da330650ce-300x225.jpg\" alt=\"\" width=\"300\" height=\"225\" srcset=\"https:\/\/metalced.be\/wp-content\/uploads\/2023\/06\/5e0721c7-fee6-4ad0-8bf5-48da330650ce-300x225.jpg 300w, https:\/\/metalced.be\/wp-content\/uploads\/2023\/06\/5e0721c7-fee6-4ad0-8bf5-48da330650ce-1024x768.jpg 1024w, https:\/\/metalced.be\/wp-content\/uploads\/2023\/06\/5e0721c7-fee6-4ad0-8bf5-48da330650ce-768x576.jpg 768w, https:\/\/metalced.be\/wp-content\/uploads\/2023\/06\/5e0721c7-fee6-4ad0-8bf5-48da330650ce-1536x1152.jpg 1536w, https:\/\/metalced.be\/wp-content\/uploads\/2023\/06\/5e0721c7-fee6-4ad0-8bf5-48da330650ce-600x450.jpg 600w, https:\/\/metalced.be\/wp-content\/uploads\/2023\/06\/5e0721c7-fee6-4ad0-8bf5-48da330650ce.jpg 2048w\" sizes=\"(max-width: 300px) 100vw, 300px\" \/><\/a><\/td>\n<td style=\"width: 25%; text-align: center; vertical-align: middle;\"><a href=\"https:\/\/metalced.be\/wp-content\/uploads\/2023\/06\/eb74ca62-76ae-45e0-ba15-3965e29f3093-e1688042704834.jpg\" target=\"_blank\" rel=\"noopener\"><img decoding=\"async\" class=\"alignnone wp-image-19931 size-medium\" src=\"https:\/\/metalced.be\/wp-content\/uploads\/2023\/06\/eb74ca62-76ae-45e0-ba15-3965e29f3093-300x169.jpg\" alt=\"\" width=\"300\" height=\"169\" srcset=\"https:\/\/metalced.be\/wp-content\/uploads\/2023\/06\/eb74ca62-76ae-45e0-ba15-3965e29f3093-300x169.jpg 300w, https:\/\/metalced.be\/wp-content\/uploads\/2023\/06\/eb74ca62-76ae-45e0-ba15-3965e29f3093-1024x576.jpg 1024w, https:\/\/metalced.be\/wp-content\/uploads\/2023\/06\/eb74ca62-76ae-45e0-ba15-3965e29f3093-768x432.jpg 768w, https:\/\/metalced.be\/wp-content\/uploads\/2023\/06\/eb74ca62-76ae-45e0-ba15-3965e29f3093-1536x864.jpg 1536w, https:\/\/metalced.be\/wp-content\/uploads\/2023\/06\/eb74ca62-76ae-45e0-ba15-3965e29f3093-600x337.jpg 600w, https:\/\/metalced.be\/wp-content\/uploads\/2023\/06\/eb74ca62-76ae-45e0-ba15-3965e29f3093.jpg 1599w\" sizes=\"(max-width: 300px) 100vw, 300px\" \/><\/a><\/td>\n<\/tr>\n<\/tbody>\n<\/table>\n","protected":false},"excerpt":{"rendered":"<p><span style=\"color: #000000;\"><span style=\"color: #ff0000;\">\u21d2\u00a0<\/span><span style=\"font-family: arial, helvetica, sans-serif;\"><a style=\"color: #000000;\" title=\"\" href=\"https:\/\/metalced.be\/wp-content\/uploads\/2025\/03\/SEV-455_FR.pdf\" target=\"_blank\" rel=\"noopener\">d\u00e9pliant<\/a><\/span><\/span><\/p>\n","protected":false},"featured_media":25337,"comment_status":"closed","ping_status":"closed","template":"","meta":{"_acf_changed":false},"product_brand":[],"product_cat":[122,1310],"product_tag":[],"class_list":{"0":"post-21416","1":"product","2":"type-product","3":"status-publish","4":"has-post-thumbnail","6":"product_cat-ponts-elevateurs-4-colonnes-40-72-t","7":"product_cat-seven-cl-fr","9":"first","10":"instock","11":"taxable","12":"shipping-taxable","13":"product-type-simple"},"acf":[],"_links":{"self":[{"href":"https:\/\/metalced.be\/fr\/wp-json\/wp\/v2\/product\/21416","targetHints":{"allow":["GET"]}}],"collection":[{"href":"https:\/\/metalced.be\/fr\/wp-json\/wp\/v2\/product"}],"about":[{"href":"https:\/\/metalced.be\/fr\/wp-json\/wp\/v2\/types\/product"}],"replies":[{"embeddable":true,"href":"https:\/\/metalced.be\/fr\/wp-json\/wp\/v2\/comments?post=21416"}],"wp:featuredmedia":[{"embeddable":true,"href":"https:\/\/metalced.be\/fr\/wp-json\/wp\/v2\/media\/25337"}],"wp:attachment":[{"href":"https:\/\/metalced.be\/fr\/wp-json\/wp\/v2\/media?parent=21416"}],"wp:term":[{"taxonomy":"product_brand","embeddable":true,"href":"https:\/\/metalced.be\/fr\/wp-json\/wp\/v2\/product_brand?post=21416"},{"taxonomy":"product_cat","embeddable":true,"href":"https:\/\/metalced.be\/fr\/wp-json\/wp\/v2\/product_cat?post=21416"},{"taxonomy":"product_tag","embeddable":true,"href":"https:\/\/metalced.be\/fr\/wp-json\/wp\/v2\/product_tag?post=21416"}],"curies":[{"name":"wp","href":"https:\/\/api.w.org\/{rel}","templated":true}]}}