{"id":19024,"date":"2022-12-15T10:32:54","date_gmt":"2022-12-15T09:32:55","guid":{"rendered":"https:\/\/metalced.be\/?post_type=product&#038;p=19024"},"modified":"2025-11-24T11:56:30","modified_gmt":"2025-11-24T10:56:30","slug":"35-t-%c2%b7-masterlift-%c2%b7-check-in-%c2%b7-pistons-a-133-m-kopie","status":"publish","type":"product","link":"https:\/\/metalced.be\/fr\/produit\/35-t-%c2%b7-masterlift-%c2%b7-check-in-%c2%b7-pistons-a-133-m-kopie\/","title":{"rendered":"3,5 t \u2022 Masterlift Check-In \u2022 Combi \u2022 KA 1550"},"content":{"rendered":"<p><span style=\"font-family: arial, helvetica, sans-serif;\">Pour zones de r\u00e9ception \u21d2 multifonctionnel et visuellement esth\u00e9tique!\u00a0<\/span><br \/>\n<span style=\"font-family: arial, helvetica, sans-serif;\">2 ponts en 1 \u21d2 Les deux montent jusqu&rsquo;\u00e0 1,90 m et fonctionnent ind\u00e9pendamment l&rsquo;un de l&rsquo;autre!<\/span><\/p>\n<table style=\"height: 82px; width: 100%; border-style: hidden;\">\n<tbody>\n<tr style=\"height: 24px;\">\n<th style=\"width: 98.7566%; height: 24px; background-color: #f1f1f1; text-align: center;\" colspan=\"5\"><span style=\"color: #800000; font-family: arial, helvetica, sans-serif;\"><strong>Chemins de roulement 4,4 m + Pv syst\u00e8me roues libres\u00a0 \u00b7\u00a0 sur sol ou encastr\u00e9\u00a0 \u00b7\u00a0 capacit\u00e9 de levage 3,5 t<br \/>\ndistance entre les v\u00e9rins 1550 mm\/ <span style=\"font-family: arial, helvetica, sans-serif;\">\u00d8 4x <\/span>140 mm<br \/>\nEclairage LED inclus<\/strong><\/span><\/th>\n<\/tr>\n<tr style=\"height: 2px;\">\n<td style=\"height: 2px; width: 20%; vertical-align: middle; background-color: #f9f9f9;\"><span style=\"font-family: arial, helvetica, sans-serif;\">Course v\u00e9rins de levage<\/span><\/td>\n<td style=\"height: 2px; width: 20%; vertical-align: middle; background-color: #f9f9f9;\"><span style=\"font-family: arial, helvetica, sans-serif;\">1,87 m<\/span><\/td>\n<td style=\"height: 58px; width: 18.7566%; text-align: center; vertical-align: middle; background-color: #f9f9f9;\" rowspan=\"6\"><a href=\"https:\/\/metalced.be\/wp-content\/uploads\/2025\/11\/ML-Checkin-1550-Tesla-X-_12_-web.webp\" target=\"_blank\" rel=\"noopener\"><img decoding=\"async\" class=\"alignnone wp-image-25412 size-medium\" src=\"https:\/\/metalced.be\/wp-content\/uploads\/2025\/11\/ML-Checkin-1550-Tesla-X-_12_-web-300x168.webp\" alt=\"\" width=\"300\" height=\"168\" srcset=\"https:\/\/metalced.be\/wp-content\/uploads\/2025\/11\/ML-Checkin-1550-Tesla-X-_12_-web-300x168.webp 300w, https:\/\/metalced.be\/wp-content\/uploads\/2025\/11\/ML-Checkin-1550-Tesla-X-_12_-web-768x431.webp 768w, https:\/\/metalced.be\/wp-content\/uploads\/2025\/11\/ML-Checkin-1550-Tesla-X-_12_-web-600x337.webp 600w, https:\/\/metalced.be\/wp-content\/uploads\/2025\/11\/ML-Checkin-1550-Tesla-X-_12_-web.webp 820w\" sizes=\"(max-width: 300px) 100vw, 300px\" \/><\/a><\/td>\n<td style=\"height: 2px; width: 20%; vertical-align: middle; background-color: #f9f9f9;\"><span style=\"font-family: arial, helvetica, sans-serif;\">Ch\u00e2ssis de prise Pv<\/span><\/td>\n<td style=\"height: 2px; width: 20%; vertical-align: middle; background-color: #f9f9f9;\"><span style=\"font-family: arial, helvetica, sans-serif;\">1200\u21d41800 mm<\/span><\/td>\n<\/tr>\n<tr style=\"height: 2px;\">\n<td style=\"height: 10px; width: 20%; vertical-align: middle; background-color: #f9f9f9;\"><span style=\"font-family: arial, helvetica, sans-serif;\">Empattement voiture<\/span><\/td>\n<td style=\"height: 10px; width: 20%; vertical-align: middle; background-color: #f9f9f9;\"><span style=\"font-family: arial, helvetica, sans-serif;\">ca 3,9 m<\/span><\/td>\n<td style=\"height: 10px; width: 20%; vertical-align: middle; background-color: #f9f9f9;\"><span style=\"font-family: arial, helvetica, sans-serif;\">Ch\u00e2ssis de prise Pv<\/span><\/td>\n<td style=\"height: 10px; width: 20%; vertical-align: middle; background-color: #f9f9f9;\"><span style=\"font-family: arial, helvetica, sans-serif;\">1400\u21d42000 mm<\/span><\/td>\n<\/tr>\n<tr style=\"height: 2px;\">\n<td style=\"height: 10px; width: 20%; vertical-align: middle; background-color: #f9f9f9;\"><span style=\"font-family: arial, helvetica, sans-serif;\">Temps de levage\/ descente<\/span><\/td>\n<td style=\"height: 10px; width: 20%; vertical-align: middle; background-color: #f9f9f9;\"><span style=\"font-family: arial, helvetica, sans-serif;\">ca 30 sec<\/span><\/td>\n<td style=\"height: 10px; width: 20%; vertical-align: middle; background-color: #f9f9f9;\"><span style=\"font-family: arial, helvetica, sans-serif;\">Ch\u00e2ssis de prise Pv<\/span><\/td>\n<td style=\"height: 10px; width: 20%; vertical-align: middle; background-color: #f9f9f9;\"><span style=\"font-family: arial, helvetica, sans-serif;\">1600\u21d42200 mm<\/span><\/td>\n<\/tr>\n<tr style=\"height: 24px;\">\n<td style=\"width: 20%; height: 24px; vertical-align: middle; background-color: #f9f9f9;\"><span style=\"font-family: arial, helvetica, sans-serif;\">Ch. de roulement. H. \/ La<\/span><\/td>\n<td style=\"width: 20%; height: 24px; vertical-align: middle; background-color: #f9f9f9;\"><span style=\"font-family: arial, helvetica, sans-serif;\">95 \/ 560 mm<\/span><\/td>\n<td style=\"width: 20%; height: 24px; vertical-align: middle; background-color: #f9f9f9;\"><span style=\"font-family: arial, helvetica, sans-serif;\">Ch\u00e2ssis de prise Pv<\/span><\/td>\n<td style=\"width: 20%; height: 24px; vertical-align: middle; background-color: #f9f9f9;\"><span style=\"font-family: arial, helvetica, sans-serif;\">1700\u21d42400 mm<\/span><\/td>\n<\/tr>\n<tr style=\"height: 10px;\">\n<td style=\"height: 10px; width: 20%; vertical-align: middle; background-color: #f9f9f9;\"><span style=\"font-family: arial, helvetica, sans-serif;\">V\u00e9rins de levage<\/span><\/td>\n<td style=\"height: 10px; width: 20%; vertical-align: middle; background-color: #f9f9f9;\"><span style=\"font-family: arial, helvetica, sans-serif;\">\u00d8 4x 140 mm<\/span><\/td>\n<td style=\"height: 10px; vertical-align: middle; text-align: left; width: 20%; background-color: #f9f9f9;\"><span style=\"font-family: arial, helvetica, sans-serif;\">Electrique<\/span><\/td>\n<td style=\"height: 10px; vertical-align: middle; text-align: left; width: 20%; background-color: #f9f9f9;\"><span style=\"font-family: arial, helvetica, sans-serif;\">3&#215;230\/400 V \u00b7 3,0 kW<\/span><\/td>\n<\/tr>\n<tr style=\"height: 2px;\">\n<td style=\"height: 2px; width: 20%; vertical-align: middle; background-color: #f9f9f9;\"><span style=\"font-family: arial, helvetica, sans-serif;\">Cassette<\/span><\/td>\n<td style=\"height: 2px; width: 20%; vertical-align: middle; background-color: #f9f9f9;\"><span style=\"font-family: arial, helvetica, sans-serif;\">\u00e9tanche<\/span><\/td>\n<td style=\"height: 2px; vertical-align: middle; text-align: left; width: 20%; background-color: #f9f9f9;\"><span style=\"font-family: arial, helvetica, sans-serif;\">Couleurs RAL<\/span><\/td>\n<td style=\"height: 2px; vertical-align: middle; text-align: left; width: 20%; background-color: #f9f9f9;\"><span style=\"font-family: arial, helvetica, sans-serif;\">7016 gris &amp; 3020 rouge<\/span><\/td>\n<\/tr>\n<\/tbody>\n<\/table>\n<p><span style=\"font-family: arial, helvetica, sans-serif;\">Donn\u00e9es standards:<\/span><\/p>\n<ul style=\"list-style-type: square;\">\n<li><span style=\"font-family: arial, helvetica, sans-serif;\">commande murale avec fonction programmable<\/span><\/li>\n<li><span style=\"font-family: arial, helvetica, sans-serif;\">4 tampons de prise 80 mm en forme pyramidale<\/span><\/li>\n<li><span style=\"font-family: arial, helvetica, sans-serif;\">huile \u00e9cologique<\/span><\/li>\n<\/ul>\n<table style=\"width: 100%; border-style: hidden; height: 292px;\">\n<tbody>\n<tr style=\"height: 188px;\">\n<td style=\"vertical-align: middle; width: 20%; text-align: center; height: 188px; border-style: hidden;\">\n<p><a href=\"https:\/\/metalced.be\/wp-content\/uploads\/2025\/11\/Steuerung-web_1.webp\" target=\"_blank\" rel=\"noopener\"><img decoding=\"async\" class=\"alignnone wp-image-25379 size-medium\" src=\"https:\/\/metalced.be\/wp-content\/uploads\/2025\/11\/Steuerung-web_1-300x168.webp\" alt=\"\" width=\"300\" height=\"168\" srcset=\"https:\/\/metalced.be\/wp-content\/uploads\/2025\/11\/Steuerung-web_1-300x168.webp 300w, https:\/\/metalced.be\/wp-content\/uploads\/2025\/11\/Steuerung-web_1-768x431.webp 768w, https:\/\/metalced.be\/wp-content\/uploads\/2025\/11\/Steuerung-web_1-600x337.webp 600w, https:\/\/metalced.be\/wp-content\/uploads\/2025\/11\/Steuerung-web_1.webp 820w\" sizes=\"(max-width: 300px) 100vw, 300px\" \/><\/a><\/p>\n<\/td>\n<td style=\"vertical-align: middle; width: 20%; text-align: center; height: 188px; border-style: hidden;\">\n<p><span style=\"font-family: arial, helvetica, sans-serif;\"><a href=\"https:\/\/metalced.be\/wp-content\/uploads\/2019\/04\/Notablass-e1554712878892.jpg\" target=\"_blank\" rel=\"noopener noreferrer\"><img decoding=\"async\" class=\"wp-image-11810 size-thumbnail\" src=\"https:\/\/metalced.be\/wp-content\/uploads\/2019\/04\/Notablass-150x150.jpg\" alt=\"\" width=\"150\" height=\"150\" \/><\/a><\/span><\/p>\n<\/td>\n<td style=\"vertical-align: middle; width: 20%; text-align: center; height: 188px; border-style: hidden;\">\n<p><span style=\"font-family: arial, helvetica, sans-serif;\"><a href=\"https:\/\/metalced.be\/wp-content\/uploads\/2019\/04\/Schild-Serien-Nummer-e1554710573297.jpg\" target=\"_blank\" rel=\"noopener noreferrer\"><img decoding=\"async\" class=\"wp-image-11806 size-thumbnail\" src=\"https:\/\/metalced.be\/wp-content\/uploads\/2019\/04\/Schild-Serien-Nummer-150x150.jpg\" alt=\"\" width=\"150\" height=\"150\" \/><\/a><\/span><\/p>\n<\/td>\n<td style=\"vertical-align: middle; width: 20%; text-align: center; height: 188px; border-style: hidden;\">\n<p><a href=\"https:\/\/metalced.be\/wp-content\/uploads\/2025\/10\/PV_kringen_pijlen-3.png\" target=\"_blank\" rel=\"noopener\"><img decoding=\"async\" class=\"alignnone wp-image-25371 size-medium\" src=\"https:\/\/metalced.be\/wp-content\/uploads\/2025\/10\/PV_kringen_pijlen-3-300x114.png\" alt=\"\" width=\"300\" height=\"114\" srcset=\"https:\/\/metalced.be\/wp-content\/uploads\/2025\/10\/PV_kringen_pijlen-3-300x114.png 300w, https:\/\/metalced.be\/wp-content\/uploads\/2025\/10\/PV_kringen_pijlen-3-768x293.png 768w, https:\/\/metalced.be\/wp-content\/uploads\/2025\/10\/PV_kringen_pijlen-3-600x229.png 600w, https:\/\/metalced.be\/wp-content\/uploads\/2025\/10\/PV_kringen_pijlen-3.png 1000w\" sizes=\"(max-width: 300px) 100vw, 300px\" \/><\/a><\/p>\n<\/td>\n<td style=\"vertical-align: middle; width: 20%; text-align: center; height: 188px; border-style: hidden;\"><a href=\"https:\/\/metalced.be\/wp-content\/uploads\/2025\/11\/Opnametoebehoren.png\" target=\"_blank\" rel=\"noopener\"><img decoding=\"async\" class=\"alignnone wp-image-25377\" src=\"https:\/\/metalced.be\/wp-content\/uploads\/2025\/11\/Opnametoebehoren-295x300.png\" alt=\"\" width=\"196\" height=\"200\" srcset=\"https:\/\/metalced.be\/wp-content\/uploads\/2025\/11\/Opnametoebehoren-295x300.png 295w, https:\/\/metalced.be\/wp-content\/uploads\/2025\/11\/Opnametoebehoren-1006x1024.png 1006w, https:\/\/metalced.be\/wp-content\/uploads\/2025\/11\/Opnametoebehoren-768x782.png 768w, https:\/\/metalced.be\/wp-content\/uploads\/2025\/11\/Opnametoebehoren-600x611.png 600w, https:\/\/metalced.be\/wp-content\/uploads\/2025\/11\/Opnametoebehoren.png 1092w\" sizes=\"(max-width: 196px) 100vw, 196px\" \/><\/a><\/td>\n<\/tr>\n<tr>\n<td style=\"vertical-align: middle; width: 20%; text-align: center; border-style: hidden;\"><span style=\"font-family: arial, helvetica, sans-serif;\">Tableau de commande<\/span><br \/>\n<span style=\"font-family: arial, helvetica, sans-serif;\">(support en option)<\/span><\/td>\n<td style=\"vertical-align: middle; width: 20%; text-align: center; border-style: hidden;\">\n<p><span style=\"font-family: arial, helvetica, sans-serif;\">Descente de secours<\/span><br \/>\n<span style=\"font-family: arial, helvetica, sans-serif;\">via air comprim\u00e9<\/span><\/p>\n<\/td>\n<td style=\"vertical-align: middle; width: 20%; text-align: center; border-style: hidden;\">\n<p><span style=\"font-family: arial, helvetica, sans-serif;\">Cassette avec<\/span><br \/>\n<span style=\"font-family: arial, helvetica, sans-serif;\">plaque d&rsquo;identification<\/span><\/p>\n<\/td>\n<td style=\"vertical-align: middle; width: 20%; text-align: center; border-style: hidden;\">\n<p><span style=\"font-family: arial, helvetica, sans-serif;\">XY \u00b7 supports r\u00e9glables<\/span><br \/>\n<span style=\"font-family: arial, helvetica, sans-serif;\">(option)<\/span><\/p>\n<\/td>\n<td style=\"vertical-align: middle; width: 20%; text-align: center; border-style: hidden;\"><span style=\"font-family: arial, helvetica, sans-serif;\">Supports de prise<\/span><br \/>\n<span style=\"font-family: arial, helvetica, sans-serif;\">voir page ci-dessus \u21d1<\/span><\/td>\n<\/tr>\n<\/tbody>\n<\/table>\n<p><span style=\"font-family: arial, helvetica, sans-serif;\">Options principales:<\/span><\/p>\n<ul style=\"list-style-type: square;\">\n<li><span style=\"font-family: arial, helvetica, sans-serif;\">cassettes \u00b7 galvanis\u00e9es \u00e0 chaud \/ avec coating<\/span><\/li>\n<li><span style=\"font-family: arial, helvetica, sans-serif;\">cadre de sol\/ version encastr\u00e9e \u00b7 support mural pour 4 tampons de prise \u00b7 rampes d&rsquo;acc\u00e8s\/ sortie \u00b7 couleurs &#8230;<\/span><\/li>\n<\/ul>\n<p><span style=\"font-family: arial, helvetica, sans-serif;\">Recommand\u00e9 par:<\/span><br \/>\n<span style=\"font-family: arial, helvetica, sans-serif;\">Groupe Volkswagen \u00b7 Mercedes \u00b7 BMW\/ Mini<\/span><\/p>\n","protected":false},"excerpt":{"rendered":"<p><span style=\"font-family: arial, helvetica, sans-serif;\">Pistons \u00e0 rev\u00eatement chrom\u00e9 de haute qualit\u00e9<\/span><br \/>\n<span style=\"font-family: arial, helvetica, sans-serif;\"><span style=\"font-family: webdings;\">4<\/span> sans entretien, r\u00e9sistants et durables.<\/span><\/p>\n<p><span style=\"font-family: arial, helvetica, sans-serif;\">Moteur \u00e0 bain d&rsquo;huile<\/span><br \/>\n<span style=\"font-family: arial, helvetica, sans-serif;\"><span style=\"font-family: webdings;\">4<\/span> la meilleure protection contre l&rsquo;humidit\u00e9 de condensation.<\/span><\/p>\n<p><span style=\"font-family: arial, helvetica, sans-serif;\">Cassette d&rsquo;encastrement pourvue d&rsquo;une plaquette d&rsquo;identification et certificat d&rsquo;\u00e9tanch\u00e9it\u00e9<\/span><br \/>\n<span style=\"font-family: arial, helvetica, sans-serif;\"><span style=\"font-family: webdings;\">4<\/span> solide et robuste 4\u00a0du type autoportant<\/span><\/p>\n<table style=\"border-collapse: collapse; width: 100%; height: 187px;\">\n<tbody>\n<tr style=\"height: 65px;\">\n<td style=\"width: 33.3333%; background-color: #d2d2d2; text-align: center; vertical-align: middle; border-style: hidden; height: 187px;\" rowspan=\"3\"><span style=\"font-family: arial, helvetica, sans-serif;\"><a href=\"https:\/\/metalced.be\/wp-content\/uploads\/2025\/11\/ML-235-Check-in-155012.png\" target=\"_blank\" rel=\"noopener\"><img decoding=\"async\" class=\"alignnone wp-image-25402 size-medium\" src=\"https:\/\/metalced.be\/wp-content\/uploads\/2025\/11\/ML-235-Check-in-155012-300x187.png\" alt=\"\" width=\"300\" height=\"187\" srcset=\"https:\/\/metalced.be\/wp-content\/uploads\/2025\/11\/ML-235-Check-in-155012-300x187.png 300w, https:\/\/metalced.be\/wp-content\/uploads\/2025\/11\/ML-235-Check-in-155012-600x374.png 600w, https:\/\/metalced.be\/wp-content\/uploads\/2025\/11\/ML-235-Check-in-155012.png 737w\" sizes=\"(max-width: 300px) 100vw, 300px\" \/><\/a><\/span><\/td>\n<td style=\"width: 6.1242%; border-style: hidden; height: 65px; vertical-align: middle;\"><span style=\"font-family: arial, helvetica, sans-serif;\"><a href=\"https:\/\/metalced.be\/wp-content\/uploads\/2025\/11\/Roos-1_geel.png\"><img decoding=\"async\" class=\"alignnone wp-image-25404\" src=\"https:\/\/metalced.be\/wp-content\/uploads\/2025\/11\/Roos-1_geel.png\" alt=\"\" width=\"53\" height=\"50\" \/><\/a><\/span><\/td>\n<td style=\"width: 60.5424%; border-style: hidden; height: 65px; vertical-align: middle;\"><span style=\"font-family: arial, helvetica, sans-serif;\">Pont \u00e9l\u00e9vateur avec chemins de roulement<\/span><\/td>\n<\/tr>\n<tr style=\"height: 57px;\">\n<td style=\"width: 6.1242%; border-style: hidden; height: 57px; vertical-align: middle;\">\u00a0<\/td>\n<td style=\"width: 60.5424%; border-style: hidden; height: 57px; vertical-align: middle;\"><span style=\"font-family: arial, helvetica, sans-serif;\">Les ponts fonctionnent ind\u00e9pendamment l&rsquo;un de l&rsquo;autre!<\/span><\/td>\n<\/tr>\n<tr style=\"height: 65px;\">\n<td style=\"width: 6.1242%; border-style: hidden; height: 65px; vertical-align: middle;\"><span style=\"font-family: arial, helvetica, sans-serif;\"><a href=\"https:\/\/metalced.be\/wp-content\/uploads\/2025\/11\/Roos-2_geel.png\"><img decoding=\"async\" class=\"alignnone wp-image-25406\" src=\"https:\/\/metalced.be\/wp-content\/uploads\/2025\/11\/Roos-2_geel.png\" alt=\"\" width=\"53\" height=\"50\" \/><\/a><\/span><\/td>\n<td style=\"width: 60.5424%; border-style: hidden; height: 65px; vertical-align: middle;\"><span style=\"font-family: arial, helvetica, sans-serif;\">Pont \u00e9l\u00e9vateur avec ch\u00e2ssis Pv \u00b7 roues libres<\/span><\/td>\n<\/tr>\n<\/tbody>\n<\/table>\n<table style=\"width: 100%; border-collapse: collapse; border-style: hidden; height: 48px;\">\n<tbody>\n<tr style=\"height: 48px;\">\n<td style=\"width: 3%; vertical-align: middle; border-style: hidden; height: 48px; text-align: center; background-color: #f9f9f9;\"><span style=\"font-family: arial, helvetica, sans-serif;\"><strong><span style=\"color: #ff0000;\">\u27ab<\/span><\/strong><\/span><\/td>\n<td style=\"width: 14.2857%; vertical-align: middle; border-style: hidden; height: 48px; text-align: center; background-color: #f9f9f9;\"><span style=\"font-family: arial, helvetica, sans-serif;\"><em><span style=\"color: #000000;\"><a style=\"color: #000000;\" title=\"\" href=\"https:\/\/metalced.be\/wp-content\/uploads\/2025\/11\/AutopStenhoj_Benefits-Features_FR.pdf\" target=\"_blank\" rel=\"noopener noreferrer\">la technologie <br \/>\nen d\u00e9tail<\/a><\/span><\/em><\/span><\/td>\n<td style=\"width: 14.2857%; vertical-align: middle; border-style: hidden; height: 48px; text-align: center; background-color: #f9f9f9;\"><span style=\"font-family: arial, helvetica, sans-serif;\"><em><span style=\"color: #ff0000;\"><span style=\"color: #000000;\"><a style=\"color: #000000;\" title=\"\" href=\"https:\/\/www.autopstenhoj.com\/fr\/biglift-2-55-saa-24362.html\" target=\"_blank\" rel=\"noopener noreferrer\">page web<br \/>\nAutopStenhoj<\/a><\/span><\/span><\/em><\/span><\/td>\n<td style=\"width: 14.2857%; vertical-align: middle; border-style: hidden; height: 48px; text-align: center; background-color: #f9f9f9;\"><span style=\"font-family: arial, helvetica, sans-serif;\"><em><a title=\"\" href=\"https:\/\/metalced.be\/wp-content\/uploads\/2022\/12\/AutopStenhoj-supports-FR2.pdf\" target=\"_blank\" rel=\"noopener\"><span style=\"color: #000000;\">supports <br \/>\nde prise<\/span><\/a><\/em><\/span><\/td>\n<\/tr>\n<\/tbody>\n<\/table>\n<p>&nbsp;<\/p>\n","protected":false},"featured_media":25410,"comment_status":"open","ping_status":"closed","template":"","meta":{"_acf_changed":false},"product_brand":[],"product_cat":[123,113],"product_tag":[],"class_list":{"0":"post-19024","1":"product","2":"type-product","3":"status-publish","4":"has-post-thumbnail","6":"product_cat-autopstenhoj-fr","7":"product_cat-ponts-jumeaux","9":"first","10":"instock","11":"taxable","12":"shipping-taxable","13":"product-type-simple"},"acf":[],"_links":{"self":[{"href":"https:\/\/metalced.be\/fr\/wp-json\/wp\/v2\/product\/19024","targetHints":{"allow":["GET"]}}],"collection":[{"href":"https:\/\/metalced.be\/fr\/wp-json\/wp\/v2\/product"}],"about":[{"href":"https:\/\/metalced.be\/fr\/wp-json\/wp\/v2\/types\/product"}],"replies":[{"embeddable":true,"href":"https:\/\/metalced.be\/fr\/wp-json\/wp\/v2\/comments?post=19024"}],"wp:featuredmedia":[{"embeddable":true,"href":"https:\/\/metalced.be\/fr\/wp-json\/wp\/v2\/media\/25410"}],"wp:attachment":[{"href":"https:\/\/metalced.be\/fr\/wp-json\/wp\/v2\/media?parent=19024"}],"wp:term":[{"taxonomy":"product_brand","embeddable":true,"href":"https:\/\/metalced.be\/fr\/wp-json\/wp\/v2\/product_brand?post=19024"},{"taxonomy":"product_cat","embeddable":true,"href":"https:\/\/metalced.be\/fr\/wp-json\/wp\/v2\/product_cat?post=19024"},{"taxonomy":"product_tag","embeddable":true,"href":"https:\/\/metalced.be\/fr\/wp-json\/wp\/v2\/product_tag?post=19024"}],"curies":[{"name":"wp","href":"https:\/\/api.w.org\/{rel}","templated":true}]}}