{"id":16112,"date":"2021-04-07T10:22:15","date_gmt":"2021-05-06T13:35:53","guid":{"rendered":"https:\/\/www.metalced.be\/?post_type=product&#038;p=16112"},"modified":"2024-10-15T08:31:40","modified_gmt":"2024-10-15T07:31:40","slug":"ecolift","status":"publish","type":"product","link":"https:\/\/metalced.be\/fr\/produit\/ecolift\/","title":{"rendered":"ECOLIFT"},"content":{"rendered":"<p>&nbsp;<\/p>\n<table style=\"border-collapse: collapse; width: 100%; height: 1036px;\">\n<tbody>\n<tr style=\"height: 211px;\">\n<td style=\"width: 40.4721%; border-style: hidden; height: 211px; vertical-align: middle; background-color: #ffffff;\"><span style=\"font-family: arial, helvetica, sans-serif;\"><a href=\"https:\/\/metalced.be\/wp-content\/uploads\/2021\/04\/STERTIL-B5039-Ecolift-combi-ALT-v2-kopieren-kopieren-min-scaled-e1617786806279.jpg\" target=\"_blank\" rel=\"noopener\"><img decoding=\"async\" class=\"aligncenter wp-image-15915 size-medium\" src=\"https:\/\/metalced.be\/wp-content\/uploads\/2021\/04\/STERTIL-B5039-Ecolift-combi-ALT-v2-kopieren-kopieren-min-300x212.jpg\" alt=\"\" width=\"300\" height=\"212\" \/><\/a><\/span><\/td>\n<td style=\"width: 23.2833%; vertical-align: middle; border-style: hidden; height: 211px; background-color: #ffffff;\">\n<p><span style=\"font-family: arial, helvetica, sans-serif;\">Capacit\u00e9 de levage<\/span><br \/>\n<span style=\"font-family: arial, helvetica, sans-serif;\">Hauteur de levage<\/span><br \/>\n<span style=\"font-family: arial, helvetica, sans-serif;\">Temps de levage\/ descente<\/span><br \/>\n<span style=\"font-family: arial, helvetica, sans-serif;\">Profondeur d&rsquo;installation<\/span><\/p>\n<\/td>\n<td style=\"width: 36.2446%; vertical-align: middle; border-style: hidden; height: 211px; background-color: #ffffff;\">\n<p><span style=\"font-family: arial, helvetica, sans-serif;\">13,5 t\/ ciseau<\/span><br \/>\n<span style=\"font-family: arial, helvetica, sans-serif;\">1,79 m<\/span><br \/>\n<span style=\"font-family: arial, helvetica, sans-serif;\">80\/ 105 sec<\/span><br \/>\n<span style=\"font-family: arial, helvetica, sans-serif;\">seulement 86 cm<\/span><\/p>\n<\/td>\n<\/tr>\n<tr style=\"height: 180px;\">\n<td style=\"width: 40.4721%; border-style: hidden; height: 180px; background-color: #ffffff;\"><span style=\"font-family: arial, helvetica, sans-serif;\"><a href=\"https:\/\/metalced.be\/wp-content\/uploads\/2021\/04\/Stertil-ECO-90-Bratislava_DSC5992-kopieren-kopieren-min-scaled-e1617786725816.jpg\" target=\"_blank\" rel=\"noopener\"><img decoding=\"async\" class=\"aligncenter wp-image-15909 size-medium\" src=\"https:\/\/metalced.be\/wp-content\/uploads\/2021\/04\/Stertil-ECO-90-Bratislava_DSC5992-kopieren-kopieren-min-300x181.jpg\" alt=\"\" width=\"300\" height=\"181\" \/><\/a><\/span><\/td>\n<td style=\"width: 23.2833%; vertical-align: middle; border-style: hidden; height: 180px; background-color: #ffffff;\"><span style=\"font-family: arial, helvetica, sans-serif;\">Traverse de levage universelle<\/span><\/td>\n<td style=\"width: 36.2446%; vertical-align: middle; border-style: hidden; height: 180px; background-color: #ffffff;\"><span style=\"font-family: arial, helvetica, sans-serif;\">convient \u00e9galement pour le levage des autobus \u00e0 suspension ind\u00e9pendante<\/span><\/td>\n<\/tr>\n<tr>\n<td style=\"width: 40.4721%; border-style: hidden; background-color: #ffffff;\"><span style=\"font-family: arial, helvetica, sans-serif;\"><a href=\"https:\/\/metalced.be\/wp-content\/uploads\/2021\/04\/Stertil-ECO-90-Bratislava_DSC3621-min-scaled-e1617786835726.jpg\"><img decoding=\"async\" class=\"size-medium wp-image-15917 aligncenter\" src=\"https:\/\/metalced.be\/wp-content\/uploads\/2021\/04\/Stertil-ECO-90-Bratislava_DSC3621-min-300x200.jpg\" alt=\"\" width=\"300\" height=\"200\" \/><\/a><\/span><\/td>\n<td style=\"width: 23.2833%; vertical-align: middle; border-style: hidden; background-color: #ffffff;\"><span style=\"font-family: arial, helvetica, sans-serif;\">Sol plat<\/span><\/td>\n<td style=\"width: 36.2446%; vertical-align: middle; border-style: hidden; background-color: #ffffff;\">\n<p><span style=\"font-family: arial, helvetica, sans-serif;\">le syst\u00e8me de recouvrement est constitu\u00e9 de plaques en aluminium<\/span><br \/>\n<span style=\"font-family: arial, helvetica, sans-serif;\">capacit\u00e9 6 t &#8211; ponctuelle 3,4 t (chandelle)<\/span><\/p>\n<\/td>\n<\/tr>\n<tr>\n<td style=\"width: 40.4721%; border-style: hidden; background-color: #ffffff; text-align: center;\"><span style=\"font-family: arial, helvetica, sans-serif;\"><a href=\"https:\/\/metalced.be\/wp-content\/uploads\/2021\/05\/console-above-ground-e1620635766952.jpg\"><img decoding=\"async\" class=\"alignnone size-medium wp-image-16127\" src=\"https:\/\/metalced.be\/wp-content\/uploads\/2021\/05\/console-above-ground-300x204.jpg\" alt=\"\" width=\"300\" height=\"204\" \/><\/a><\/span><\/td>\n<td style=\"width: 23.2833%; vertical-align: middle; border-style: hidden; background-color: #ffffff;\">\n<p><span style=\"font-family: arial, helvetica, sans-serif;\">Facil \u00e0 entretenir et\u00a0<\/span><br \/>\n<span style=\"font-family: arial, helvetica, sans-serif;\">respectueux de l&rsquo;environnement<\/span><\/p>\n<\/td>\n<td style=\"width: 36.2446%; vertical-align: middle; border-style: hidden; background-color: #ffffff;\">\n<p><span style=\"font-family: arial, helvetica, sans-serif;\">les commandes hydrauliques et \u00e9lectriques sont au-dessus du sol et facilement accessibles<\/span><\/p>\n<p><span style=\"font-family: arial, helvetica, sans-serif;\">seulement 18 l d&rsquo;huile biod\u00e9gradable par cylindre de levage<\/span><\/p>\n<\/td>\n<\/tr>\n<tr style=\"height: 224px;\">\n<td style=\"width: 40.4721%; border-style: hidden; height: 224px; background-color: #ffffff;\"><span style=\"font-family: arial, helvetica, sans-serif;\"><a href=\"https:\/\/metalced.be\/wp-content\/uploads\/2021\/04\/IMG_0318-e1617787242114.jpg\" target=\"_blank\" rel=\"noopener\"><img decoding=\"async\" class=\"aligncenter wp-image-15927 size-medium\" src=\"https:\/\/metalced.be\/wp-content\/uploads\/2021\/04\/IMG_0318-300x225.jpg\" alt=\"\" width=\"300\" height=\"225\" \/><\/a><\/span><\/td>\n<td style=\"width: 23.2833%; vertical-align: middle; border-style: hidden; height: 224px; background-color: #ffffff;\">\n<p><span style=\"font-family: arial, helvetica, sans-serif;\">ebright Smart Control Systeem<\/span><\/p>\n<p><span style=\"font-family: arial, helvetica, sans-serif;\">Fonction : maintenir la charge parfaitement horizontale et stable<\/span><\/p>\n<\/td>\n<td style=\"width: 36.2446%; vertical-align: middle; border-style: hidden; height: 224px; background-color: #ffffff;\">\n<p><span style=\"font-family: arial, helvetica, sans-serif;\">pour les camions et les bus \u00e9lectriques, hybrides, au GNL\/GNC ou \u00e0 l&rsquo;hydrog\u00e8ne, les batteries, les r\u00e9servoirs, les syst\u00e8mes de climatisation, etc cr\u00e9ent des diff\u00e9rences de poids importantes (charges ponctuelles)<\/span><\/p>\n<p><span style=\"font-family: arial, helvetica, sans-serif;\">lorsque les composants sont mont\u00e9s sur le toit, la stabilit\u00e9 est de la plus haute importance<\/span><\/p>\n<\/td>\n<\/tr>\n<tr style=\"height: 179px;\">\n<td style=\"width: 40.4721%; border-style: hidden; height: 179px; background-color: #ffffff;\"><span style=\"font-family: arial, helvetica, sans-serif;\"><a href=\"https:\/\/metalced.be\/wp-content\/uploads\/2021\/04\/ST_KO_ECOLIFT-frmHome_Up_ECO-e1617787262488.png\" target=\"_blank\" rel=\"noopener\"><img decoding=\"async\" class=\"aligncenter wp-image-15929 size-medium\" src=\"https:\/\/metalced.be\/wp-content\/uploads\/2021\/04\/ST_KO_ECOLIFT-frmHome_Up_ECO-300x180.png\" alt=\"\" width=\"300\" height=\"180\" \/><\/a><\/span><\/td>\n<td style=\"width: 23.2833%; vertical-align: middle; border-style: hidden; height: 179px; background-color: #ffffff;\">\n<p><span style=\"font-family: arial, helvetica, sans-serif;\">ebright Smart Control Systeem<\/span><\/p>\n<\/td>\n<td style=\"width: 36.2446%; vertical-align: middle; border-style: hidden; height: 179px; background-color: #ffffff;\">\n<p><span style=\"font-family: arial, helvetica, sans-serif;\">fonctionnement \u00e9cran graphique tactile \u00e0 haute<\/span><\/p>\n<p><span style=\"font-family: arial, helvetica, sans-serif;\">r\u00e9solution visualisation des informations pertinentes telles que la hauteur de levage, les informations concernant l&rsquo;utilisation, l&rsquo;entretien, les dysfonctionnements &#8230;<\/span><\/p>\n<p><span style=\"font-family: arial, helvetica, sans-serif;\">personnalisation par cl\u00e9 ID avec, par exemple, le r\u00e9glage du langage et des unit\u00e9s, emp\u00eachant toute utilisation non autoris\u00e9e<\/span><\/p>\n<\/td>\n<\/tr>\n<tr style=\"height: 127px;\">\n<td style=\"width: 40.4721%; border-style: hidden; height: 127px; background-color: #ffffff;\"><span style=\"font-family: arial, helvetica, sans-serif;\"><a href=\"https:\/\/metalced.be\/wp-content\/uploads\/2021\/04\/ST_KO_ECOLIFT-14497_standpunt-19-ecolift-4-axle-side-line-0.5-dikte-kopieren-scaled-e1617787169344.jpg\" target=\"_blank\" rel=\"noopener\"><img decoding=\"async\" class=\"aligncenter wp-image-15921 size-medium\" src=\"https:\/\/metalced.be\/wp-content\/uploads\/2021\/04\/ST_KO_ECOLIFT-14497_standpunt-19-ecolift-4-axle-side-line-0.5-dikte-kopieren-300x120.jpg\" alt=\"\" width=\"300\" height=\"120\" \/><\/a><\/span><\/td>\n<td style=\"width: 23.2833%; vertical-align: middle; border-style: hidden; height: 127px; background-color: #ffffff;\"><span style=\"font-family: arial, helvetica, sans-serif;\">Options<\/span><\/td>\n<td style=\"width: 36.2446%; vertical-align: middle; border-style: hidden; height: 127px; background-color: #ffffff;\">\n<p><span style=\"font-family: arial, helvetica, sans-serif;\">Syst\u00e8me AWBP: dans ce syst\u00e8me, la position des\u00a0 \u00a0 ciseaux mobiles peut \u00eatre d\u00e9finie pour un nombre\u00a0 illimit\u00e9 de v\u00e9hicules<\/span><\/p>\n<p><span style=\"font-family: arial, helvetica, sans-serif;\">t\u00e9l\u00e9commande c\u00e2bl\u00e9e \u00b7 supports de prise &#8230;<\/span><\/p>\n<\/td>\n<\/tr>\n<\/tbody>\n<\/table>\n","protected":false},"excerpt":{"rendered":"<ul style=\"list-style-type: square;\">\n<li><span style=\"font-family: arial, helvetica, sans-serif;\">profondeur d&rsquo;installation de 86 seulement<\/span><\/li>\n<li><span style=\"font-family: arial, helvetica, sans-serif;\">capacit\u00e9 de levage de 13,5 t par cisaille<\/span><\/li>\n<li><span style=\"font-family: arial, helvetica, sans-serif;\">id\u00e9al pour les v\u00e9hicules \u00e0 faible garde au sol<\/span><\/li>\n<\/ul>\n<p><span style=\"font-family: arial, helvetica, sans-serif;\"><strong><span style=\"color: #ff0000;\">\u21d2\u00a0<\/span><\/strong><span style=\"color: #000000;\"><a style=\"color: #000000;\" title=\"\" href=\"https:\/\/stertil-equipvi.fr\/uploads\/2017\/09\/stertil-b5039-ecolift_fr_2017-07-21_lr.pdf\" target=\"_blank\" rel=\"noopener\">d\u00e9pliant<\/a><\/span><\/span><\/p>\n<p>&nbsp;<\/p>\n","protected":false},"featured_media":15926,"comment_status":"closed","ping_status":"closed","template":"","meta":{"_acf_changed":false},"product_brand":[],"product_cat":[1145,116,104],"product_tag":[],"class_list":{"0":"post-16112","1":"product","2":"type-product","3":"status-publish","4":"has-post-thumbnail","6":"product_cat-ponts-elevateurs-equipement-de-levage","7":"product_cat-ponts-elevateurs-pour-poids-lourds","8":"product_cat-stertil-koni-fr","10":"first","11":"instock","12":"taxable","13":"shipping-taxable","14":"product-type-simple"},"acf":[],"_links":{"self":[{"href":"https:\/\/metalced.be\/fr\/wp-json\/wp\/v2\/product\/16112","targetHints":{"allow":["GET"]}}],"collection":[{"href":"https:\/\/metalced.be\/fr\/wp-json\/wp\/v2\/product"}],"about":[{"href":"https:\/\/metalced.be\/fr\/wp-json\/wp\/v2\/types\/product"}],"replies":[{"embeddable":true,"href":"https:\/\/metalced.be\/fr\/wp-json\/wp\/v2\/comments?post=16112"}],"wp:featuredmedia":[{"embeddable":true,"href":"https:\/\/metalced.be\/fr\/wp-json\/wp\/v2\/media\/15926"}],"wp:attachment":[{"href":"https:\/\/metalced.be\/fr\/wp-json\/wp\/v2\/media?parent=16112"}],"wp:term":[{"taxonomy":"product_brand","embeddable":true,"href":"https:\/\/metalced.be\/fr\/wp-json\/wp\/v2\/product_brand?post=16112"},{"taxonomy":"product_cat","embeddable":true,"href":"https:\/\/metalced.be\/fr\/wp-json\/wp\/v2\/product_cat?post=16112"},{"taxonomy":"product_tag","embeddable":true,"href":"https:\/\/metalced.be\/fr\/wp-json\/wp\/v2\/product_tag?post=16112"}],"curies":[{"name":"wp","href":"https:\/\/api.w.org\/{rel}","templated":true}]}}