{"id":13956,"date":"2020-03-23T13:50:16","date_gmt":"2020-03-23T12:56:29","guid":{"rendered":"http:\/\/www.metalced.be\/?post_type=product&#038;p=13956"},"modified":"2022-11-23T11:56:01","modified_gmt":"2022-11-23T10:56:01","slug":"diable-pour-roues","status":"publish","type":"product","link":"https:\/\/metalced.be\/fr\/produit\/diable-pour-roues\/","title":{"rendered":"Diable pour roues"},"content":{"rendered":"<p>Ind\u00e9pendamment du nombre ou du poids<br \/>\n\u2192 toujours une roue \u00e0 une hauteur de prise confortable<\/p>\n<p>Capacit\u00e9 de levage 180 kg &#8211; jusqu&rsquo;\u00e0 4 roues \u00d8 700 mm<\/p>\n<table style=\"border-collapse: collapse; width: 100%;\">\n<tbody>\n<tr>\n<td style=\"width: 20%; text-align: center; vertical-align: middle; border-style: hidden;\"><a href=\"https:\/\/metalced.be\/wp-content\/uploads\/2020\/03\/Wheel-Trolley-Easy-Lift-e1584957989272.jpg\" target=\"_blank\" rel=\"noopener noreferrer\"><img decoding=\"async\" class=\"alignnone wp-image-13935 size-medium\" src=\"https:\/\/metalced.be\/wp-content\/uploads\/2020\/03\/Wheel-Trolley-Easy-Lift-300x290.jpg\" alt=\"\" width=\"300\" height=\"290\" \/><\/a><\/td>\n<td style=\"width: 20%; text-align: center; vertical-align: middle; border-style: hidden;\"><a href=\"https:\/\/metalced.be\/wp-content\/uploads\/2020\/03\/Wheel-Trolley-Easy-Lift-1daek.jpg\" target=\"_blank\" rel=\"noopener noreferrer\"><img decoding=\"async\" class=\"alignnone wp-image-13937 size-medium\" src=\"https:\/\/metalced.be\/wp-content\/uploads\/2020\/03\/Wheel-Trolley-Easy-Lift-1daek-242x300.jpg\" alt=\"\" width=\"242\" height=\"300\" srcset=\"https:\/\/metalced.be\/wp-content\/uploads\/2020\/03\/Wheel-Trolley-Easy-Lift-1daek-242x300.jpg 242w, https:\/\/metalced.be\/wp-content\/uploads\/2020\/03\/Wheel-Trolley-Easy-Lift-1daek-600x744.jpg 600w, https:\/\/metalced.be\/wp-content\/uploads\/2020\/03\/Wheel-Trolley-Easy-Lift-1daek.jpg 645w\" sizes=\"(max-width: 242px) 100vw, 242px\" \/><\/a><\/td>\n<td style=\"width: 20%; text-align: center; vertical-align: middle; border-style: hidden;\"><a href=\"https:\/\/metalced.be\/wp-content\/uploads\/2020\/03\/Wheel-Trolley-Easy-Lift-2daek.jpg\" target=\"_blank\" rel=\"noopener noreferrer\"><img decoding=\"async\" class=\"alignnone wp-image-13939 size-medium\" src=\"https:\/\/metalced.be\/wp-content\/uploads\/2020\/03\/Wheel-Trolley-Easy-Lift-2daek-225x300.jpg\" alt=\"\" width=\"225\" height=\"300\" srcset=\"https:\/\/metalced.be\/wp-content\/uploads\/2020\/03\/Wheel-Trolley-Easy-Lift-2daek-225x300.jpg 225w, https:\/\/metalced.be\/wp-content\/uploads\/2020\/03\/Wheel-Trolley-Easy-Lift-2daek.jpg 599w\" sizes=\"(max-width: 225px) 100vw, 225px\" \/><\/a><\/td>\n<td style=\"width: 20%; text-align: center; vertical-align: middle; border-style: hidden;\"><a href=\"https:\/\/metalced.be\/wp-content\/uploads\/2020\/03\/Wheel-Trolley-Easy-Lift-3daek.jpg\" target=\"_blank\" rel=\"noopener noreferrer\"><img decoding=\"async\" class=\"alignnone wp-image-13941 size-medium\" src=\"https:\/\/metalced.be\/wp-content\/uploads\/2020\/03\/Wheel-Trolley-Easy-Lift-3daek-214x300.jpg\" alt=\"\" width=\"214\" height=\"300\" srcset=\"https:\/\/metalced.be\/wp-content\/uploads\/2020\/03\/Wheel-Trolley-Easy-Lift-3daek-214x300.jpg 214w, https:\/\/metalced.be\/wp-content\/uploads\/2020\/03\/Wheel-Trolley-Easy-Lift-3daek.jpg 571w\" sizes=\"(max-width: 214px) 100vw, 214px\" \/><\/a><\/td>\n<td style=\"width: 20%; text-align: center; vertical-align: middle; border-style: hidden;\"><a href=\"https:\/\/metalced.be\/wp-content\/uploads\/2020\/03\/Wheel-Trolley-Easy-Lift-4daek.jpg\" target=\"_blank\" rel=\"noopener noreferrer\"><img decoding=\"async\" class=\"alignnone wp-image-13943 size-medium\" src=\"https:\/\/metalced.be\/wp-content\/uploads\/2020\/03\/Wheel-Trolley-Easy-Lift-4daek-176x300.jpg\" alt=\"\" width=\"176\" height=\"300\" srcset=\"https:\/\/metalced.be\/wp-content\/uploads\/2020\/03\/Wheel-Trolley-Easy-Lift-4daek-176x300.jpg 176w, https:\/\/metalced.be\/wp-content\/uploads\/2020\/03\/Wheel-Trolley-Easy-Lift-4daek.jpg 468w\" sizes=\"(max-width: 176px) 100vw, 176px\" \/><\/a><\/td>\n<\/tr>\n<\/tbody>\n<\/table>\n","protected":false},"excerpt":{"rendered":"<p>Diable pour roues<\/p>\n","protected":false},"featured_media":13940,"comment_status":"closed","ping_status":"closed","template":"","meta":{"_acf_changed":false},"product_brand":[],"product_cat":[1125,310],"product_tag":[],"class_list":{"0":"post-13956","1":"product","2":"type-product","3":"status-publish","4":"has-post-thumbnail","6":"product_cat-corghi-by-ahcon-fr-2","7":"product_cat-transport-pneus-fr","9":"first","10":"instock","11":"taxable","12":"shipping-taxable","13":"product-type-simple"},"acf":[],"_links":{"self":[{"href":"https:\/\/metalced.be\/fr\/wp-json\/wp\/v2\/product\/13956","targetHints":{"allow":["GET"]}}],"collection":[{"href":"https:\/\/metalced.be\/fr\/wp-json\/wp\/v2\/product"}],"about":[{"href":"https:\/\/metalced.be\/fr\/wp-json\/wp\/v2\/types\/product"}],"replies":[{"embeddable":true,"href":"https:\/\/metalced.be\/fr\/wp-json\/wp\/v2\/comments?post=13956"}],"wp:featuredmedia":[{"embeddable":true,"href":"https:\/\/metalced.be\/fr\/wp-json\/wp\/v2\/media\/13940"}],"wp:attachment":[{"href":"https:\/\/metalced.be\/fr\/wp-json\/wp\/v2\/media?parent=13956"}],"wp:term":[{"taxonomy":"product_brand","embeddable":true,"href":"https:\/\/metalced.be\/fr\/wp-json\/wp\/v2\/product_brand?post=13956"},{"taxonomy":"product_cat","embeddable":true,"href":"https:\/\/metalced.be\/fr\/wp-json\/wp\/v2\/product_cat?post=13956"},{"taxonomy":"product_tag","embeddable":true,"href":"https:\/\/metalced.be\/fr\/wp-json\/wp\/v2\/product_tag?post=13956"}],"curies":[{"name":"wp","href":"https:\/\/api.w.org\/{rel}","templated":true}]}}