{"id":1375,"date":"2016-05-24T09:26:59","date_gmt":"2016-05-24T08:26:59","guid":{"rendered":"http:\/\/www.metalced.be\/producten\/ath2-50hx3\/?lang=fr"},"modified":"2020-08-26T08:16:40","modified_gmt":"2020-08-26T07:16:40","slug":"ath2-50hx3","status":"publish","type":"product","link":"https:\/\/metalced.be\/fr\/produit\/ath2-50hx3\/","title":{"rendered":"5,0 T- Comfort Lift 2.50X"},"content":{"rendered":"<h3 style=\"text-align: left;\"><strong>Capacit\u00e9 de levage 5 T<\/strong><\/h3>\n<p><strong>Sans traverse au sol &#8211; hauteur jusqu&rsquo;\u00e0 traverse sup\u00e9rieure \u00b1 5.000 mm<br \/>\nElectro-<span style=\"color: #ff0000;\">hydraulique<\/span><\/strong><\/p>\n<p>G\u00e9n\u00e9ral :<\/p>\n<ul>\n<li>Hauteur de levage: 2.000 mm<\/li>\n<li>Temps de mont\u00e9e\/de descente: env. 45 sec<\/li>\n<li>Hauteur de prise min<strong>.:<\/strong>\u00a0115 mm (r\u00e9glable en hauteur)<\/li>\n<li>Largeur de passage: 3.030 mm<\/li>\n<li>Electrique: 2.2 kW \/ 3&#215;400 V<\/li>\n<li>Couleur: gris anthracite<\/li>\n<\/ul>\n<p><strong>Suppl\u00e9ments:<\/strong><\/p>\n<table style=\"border-collapse: collapse; width: 100%;\">\n<tbody>\n<tr>\n<td style=\"width: 33.3333%; vertical-align: middle; text-align: left;\" rowspan=\"2\"><a href=\"https:\/\/metalced.be\/wp-content\/uploads\/2019\/10\/Transporteraufnahme_Set1_MI_HTA2348_2016-11-01_screen.png\"><img decoding=\"async\" class=\"size-full wp-image-13124 aligncenter\" src=\"https:\/\/metalced.be\/wp-content\/uploads\/2019\/10\/Transporteraufnahme_Set1_MI_HTA2348_2016-11-01_screen.png\" alt=\"\" width=\"99\" height=\"66\" \/><\/a><br \/>\n<strong>HTA2348\u00a0&#8211; <\/strong>pour Renault Master, Opel Movano, Nissan Interstar \u21d2 ponts \u00e9l\u00e9vateurs 4 &amp; 5 T \u21d2 en combinaison avec adaptateur 100 mm<\/td>\n<td style=\"width: 33.3333%; vertical-align: middle; text-align: left;\" rowspan=\"2\"><a href=\"https:\/\/metalced.be\/wp-content\/uploads\/2019\/10\/Transporteraufnahme_Set2_MI_HTA2349_2016-11-01_screen.png\"><img decoding=\"async\" class=\"size-full wp-image-13118 aligncenter\" src=\"https:\/\/metalced.be\/wp-content\/uploads\/2019\/10\/Transporteraufnahme_Set2_MI_HTA2349_2016-11-01_screen.png\" alt=\"\" width=\"99\" height=\"64\" \/><\/a><br \/>\n<strong>HTA2349\u00a0<\/strong>&#8211; pour Citro\u00ebn Jumper, Peugeot Boxer, Fiat Ducato \u21d2 ponts \u00e9l\u00e9vateurs 4 &amp; 5 T \u21d2 en combinaison avec adaptateurs 100 mm<\/td>\n<td style=\"width: 33.3333%; vertical-align: middle; text-align: left;\" rowspan=\"2\"><a href=\"https:\/\/metalced.be\/wp-content\/uploads\/2019\/10\/Transporteraufnahme_Set3_MI_HTA2351_2016-11-01_screen.png\"><img decoding=\"async\" class=\"size-full wp-image-13120 aligncenter\" src=\"https:\/\/metalced.be\/wp-content\/uploads\/2019\/10\/Transporteraufnahme_Set3_MI_HTA2351_2016-11-01_screen.png\" alt=\"\" width=\"100\" height=\"57\" \/><\/a><br \/>\n<strong>HTA2351\u00a0<\/strong>&#8211; pour MB Sprinter &#8211; VW Crafter \u21d2 ponts \u00e9l\u00e9vateurs 4 &amp; 5 T \u21d2 en combinaison avec adaptateurs 200 mm<\/td>\n<\/tr>\n<\/tbody>\n<\/table>\n<table style=\"border-collapse: collapse; width: 100%;\">\n<tbody>\n<tr>\n<td style=\"width: 33.3333%; text-align: center; vertical-align: middle;\" rowspan=\"2\"><a href=\"https:\/\/metalced.be\/wp-content\/uploads\/2019\/10\/Transporteraufnahme_Set4_MI_HTA2352_2018-10-10_print_01.jpg\"><img decoding=\"async\" class=\"alignnone size-full wp-image-13114\" src=\"https:\/\/metalced.be\/wp-content\/uploads\/2019\/10\/Transporteraufnahme_Set4_MI_HTA2352_2018-10-10_print_01.jpg\" alt=\"\" width=\"100\" height=\"100\" \/><\/a><br \/>\n<strong>HTA2352\u00a0<\/strong>\u21d2 supports pour camionnettes<\/td>\n<td style=\"width: 33.3333%; text-align: center; vertical-align: middle;\" rowspan=\"2\"><a href=\"https:\/\/metalced.be\/wp-content\/uploads\/2019\/10\/Long_drive_on_ramps_set_of_high_quality_rubber_granulate_MI_631017.10_screen.png\"><img decoding=\"async\" class=\"alignnone size-medium wp-image-13112\" src=\"https:\/\/metalced.be\/wp-content\/uploads\/2019\/10\/Long_drive_on_ramps_set_of_high_quality_rubber_granulate_MI_631017.10_screen-300x112.png\" alt=\"\" width=\"300\" height=\"112\" srcset=\"https:\/\/metalced.be\/wp-content\/uploads\/2019\/10\/Long_drive_on_ramps_set_of_high_quality_rubber_granulate_MI_631017.10_screen-300x112.png 300w, https:\/\/metalced.be\/wp-content\/uploads\/2019\/10\/Long_drive_on_ramps_set_of_high_quality_rubber_granulate_MI_631017.10_screen.png 499w\" sizes=\"(max-width: 300px) 100vw, 300px\" \/><\/a><br \/>\n<strong>631017.10\u00a0<\/strong>\u21d2 4 rampes d&rsquo;acc\u00e8s en caoutchouc<\/td>\n<td style=\"width: 33.3333%; text-align: center; vertical-align: middle;\" rowspan=\"2\"><a href=\"https:\/\/metalced.be\/wp-content\/uploads\/2018\/02\/Deckenabschaltung.jpg\"><img decoding=\"async\" class=\"alignnone size-full wp-image-10096\" src=\"https:\/\/metalced.be\/wp-content\/uploads\/2018\/02\/Deckenabschaltung.jpg\" alt=\"\" width=\"180\" height=\"180\" \/><\/a><br \/>\n<strong>DA1\u00a0<\/strong>\u21d2 interrupteur plafond<\/td>\n<\/tr>\n<\/tbody>\n<\/table>\n<table style=\"border-collapse: collapse; width: 100%;\">\n<tbody>\n<tr>\n<td style=\"width: 33.3333%; text-align: center; vertical-align: middle;\" rowspan=\"2\"><a href=\"https:\/\/metalced.be\/wp-content\/uploads\/2019\/10\/Halterung_Fuer_Stecksystem-Erhoehung_MI_HHS2010-2_2016-07-01_screen.png\"><img decoding=\"async\" class=\"alignnone size-full wp-image-13126\" src=\"https:\/\/metalced.be\/wp-content\/uploads\/2019\/10\/Halterung_Fuer_Stecksystem-Erhoehung_MI_HHS2010-2_2016-07-01_screen.png\" alt=\"\" width=\"100\" height=\"75\" \/><\/a><br \/>\n<strong>HHS2010-2\u00a0<\/strong>\u21d2\u00a0\u00a0support pour rehausses<\/td>\n<td style=\"width: 33.3333%; text-align: center; vertical-align: middle;\" rowspan=\"2\"><a href=\"https:\/\/metalced.be\/wp-content\/uploads\/2018\/02\/HSE2348-S.jpg\"><img decoding=\"async\" class=\"alignnone size-full wp-image-10100\" src=\"https:\/\/metalced.be\/wp-content\/uploads\/2018\/02\/HSE2348-S.jpg\" alt=\"\" width=\"78\" height=\"179\" \/><\/a><br \/>\n<strong>TH100-2\u00a0<\/strong>\u21d2 4 rehausses 100 mm<strong><br \/>\nTH200-2\u00a0<\/strong>\u21d2 4 rehausses 200 mm<\/td>\n<td style=\"width: 33.3333%; text-align: center; vertical-align: middle;\" rowspan=\"2\"><a href=\"https:\/\/metalced.be\/wp-content\/uploads\/2018\/02\/Magnetbeha\u0308lter.jpg\"><img decoding=\"async\" class=\"alignnone size-full wp-image-10092\" src=\"https:\/\/metalced.be\/wp-content\/uploads\/2018\/02\/Magnetbeha\u0308lter.jpg\" alt=\"\" width=\"200\" height=\"177\" \/><\/a><br \/>\n<strong>629005 <\/strong>\u21d2 r\u00e9cipient magn\u00e9tique \u00d8 150 mm<\/td>\n<\/tr>\n<\/tbody>\n<\/table>\n","protected":false},"excerpt":{"rendered":"<p>Ponts \u00e9l\u00e9vateur s2 colonnes \u00e9lectro-<span style=\"color: #ff0000;\">hydraulique<\/span>.<\/p>\n<p>Pont \u00e9l\u00e9vateur de qualit\u00e9 \u00e9prouv\u00e9e alliant haute technicit\u00e9 et robustesse allemande.<\/p>\n","protected":false},"featured_media":8006,"comment_status":"open","ping_status":"closed","template":"","meta":{"_acf_changed":false},"product_brand":[],"product_cat":[1076],"product_tag":[],"class_list":{"0":"post-1375","1":"product","2":"type-product","3":"status-publish","4":"has-post-thumbnail","6":"product_cat-uncategorized","8":"first","9":"instock","10":"taxable","11":"shipping-taxable","12":"product-type-simple"},"acf":[],"_links":{"self":[{"href":"https:\/\/metalced.be\/fr\/wp-json\/wp\/v2\/product\/1375","targetHints":{"allow":["GET"]}}],"collection":[{"href":"https:\/\/metalced.be\/fr\/wp-json\/wp\/v2\/product"}],"about":[{"href":"https:\/\/metalced.be\/fr\/wp-json\/wp\/v2\/types\/product"}],"replies":[{"embeddable":true,"href":"https:\/\/metalced.be\/fr\/wp-json\/wp\/v2\/comments?post=1375"}],"wp:featuredmedia":[{"embeddable":true,"href":"https:\/\/metalced.be\/fr\/wp-json\/wp\/v2\/media\/8006"}],"wp:attachment":[{"href":"https:\/\/metalced.be\/fr\/wp-json\/wp\/v2\/media?parent=1375"}],"wp:term":[{"taxonomy":"product_brand","embeddable":true,"href":"https:\/\/metalced.be\/fr\/wp-json\/wp\/v2\/product_brand?post=1375"},{"taxonomy":"product_cat","embeddable":true,"href":"https:\/\/metalced.be\/fr\/wp-json\/wp\/v2\/product_cat?post=1375"},{"taxonomy":"product_tag","embeddable":true,"href":"https:\/\/metalced.be\/fr\/wp-json\/wp\/v2\/product_tag?post=1375"}],"curies":[{"name":"wp","href":"https:\/\/api.w.org\/{rel}","templated":true}]}}