{"id":12497,"date":"2019-07-15T09:49:23","date_gmt":"2019-07-15T08:49:23","guid":{"rendered":"http:\/\/www.metalced.be\/?post_type=product&#038;p=12497"},"modified":"2026-02-24T10:25:27","modified_gmt":"2026-02-24T09:25:27","slug":"agri-chantier-industrie-train-aero-%e2%86%92-sans-fil-avec-batteries__trashed","status":"publish","type":"product","link":"https:\/\/metalced.be\/fr\/produit\/agri-chantier-industrie-train-aero-%e2%86%92-sans-fil-avec-batteries__trashed\/","title":{"rendered":"Agri \u00b7 chantier \u00b7 industrie \u00b7 train \u00b7 a\u00e9ro \u21d2 sans c\u00e2bles entre les colonnes \u21d2 avec batteries"},"content":{"rendered":"<p>&nbsp;<\/p>\n<table style=\"width: 100%; height: 216px;\">\n<tbody>\n<tr style=\"height: 24px;\">\n<td style=\"width: 74.2695%; height: 24px; background-color: #f1f1f1; text-align: center;\" colspan=\"3\"><span style=\"font-family: arial, helvetica, sans-serif; color: #993300;\"><strong>Jusqu&rsquo;\u00e0 32 colonnes dans un set <\/strong>\u21d2 <strong>sans position fixe \u21d2 sans c\u00e2bles de connection entre les colonnes<br \/>\nAvec batterie et chargeur dans chaque colonne<\/strong><\/span><\/td>\n<\/tr>\n<tr style=\"height: 24px;\">\n<td style=\"width: 24.7565%; height: 24px; text-align: left; background-color: #f9f9f9;\"><span style=\"font-family: arial, helvetica, sans-serif; color: #993300;\"><strong>ST <span style=\"font-family: arial, helvetica, sans-serif;\"> \u00b7 <span style=\"color: #808080;\">ebright Smart Control<\/span><\/span><\/strong><\/span><\/td>\n<td style=\"width: 24.7565%; height: 24px; text-align: center; background-color: #f9f9f9;\"><span style=\"font-family: arial, helvetica, sans-serif; color: #993300;\"><strong>Fourches de prise \/ d\u00e9tails<\/strong><\/span><\/td>\n<td style=\"width: 24.7565%; height: 24px; text-align: center; background-color: #f9f9f9;\"><span style=\"font-family: arial, helvetica, sans-serif; color: #993300;\"><strong>Plage de prise <span style=\"font-family: arial, helvetica, sans-serif;\"> \u00b7 \u2205 roues<\/span><\/strong><\/span><\/td>\n<\/tr>\n<tr style=\"height: 24px;\">\n<td style=\"width: 24.7565%; text-align: left; vertical-align: middle; height: 24px; background-color: #f9f9f9;\"><span style=\"font-family: arial, helvetica, sans-serif;\"><strong>1065 FWF<\/strong> \u21d2 roues avant fixes<\/span><br \/>\n<span style=\"font-family: arial, helvetica, sans-serif;\"><strong>6,5 t<\/strong>\/ colonne \u21d2 hauteur de levage 1,85 m<\/span><\/td>\n<td style=\"width: 24.7565%; vertical-align: middle; height: 24px; text-align: center; background-color: #f9f9f9;\"><span style=\"font-family: arial, helvetica, sans-serif;\">profondeur 500 mm<br \/>\nouverture 770 mm<\/span><\/td>\n<td style=\"width: 24.7565%; vertical-align: middle; height: 24px; text-align: center; background-color: #f9f9f9;\"><span style=\"font-family: arial, helvetica, sans-serif;\">sans pi\u00e8ce r\u00e9ducteur \u00b7 \u2205 1,3\u21d41,8 m<\/span><br \/>\n<span style=\"font-family: arial, helvetica, sans-serif;\">avec 1 pi\u00e8ce r\u00e9ducteur \u00b7 \u2205 1,0\u21d41,3 m<\/span><br \/>\n<span style=\"font-family: arial, helvetica, sans-serif;\">avec 2 pi\u00e8ces r\u00e9ducteur \u00b7 \u2205 0,8\u21d41,0 m<\/span><\/td>\n<\/tr>\n<tr style=\"height: 48px;\">\n<td style=\"width: 24.7565%; text-align: left; vertical-align: middle; height: 48px; background-color: #f9f9f9;\"><span style=\"font-family: arial, helvetica, sans-serif;\"><strong>1130 RWF<\/strong> \u21d2 roues avant r\u00e9tractables<\/span><br \/>\n<span style=\"font-family: arial, helvetica, sans-serif;\"><strong>13,0 t<\/strong>\u00a0\/ colonne \u21d2 hauteur de levage 2,06 m<\/span><\/td>\n<td style=\"width: 24.7565%; vertical-align: middle; height: 48px; text-align: center; background-color: #f9f9f9;\"><span style=\"font-family: arial, helvetica, sans-serif;\">d\u00e9tachable<br \/>\nprofondeur 650 mm \u00b7 ouverture 1006 mm<\/span><br \/>\n<span style=\"font-family: arial, helvetica, sans-serif;\">livr\u00e9 avec 2 pi\u00e8ces r\u00e9ducteur<\/span><\/td>\n<td style=\"width: 24.7565%; vertical-align: middle; height: 48px; text-align: center; background-color: #f9f9f9;\"><span style=\"font-family: arial, helvetica, sans-serif;\">\u2205 1,4\u21d42,2 m<\/span><br \/>\n<span style=\"font-family: arial, helvetica, sans-serif;\">avec une largeur de pneu moyenne 950 mm<\/span><\/td>\n<\/tr>\n<tr style=\"height: 48px;\">\n<td style=\"width: 24.7565%; text-align: left; vertical-align: middle; height: 48px; background-color: #f9f9f9;\"><span style=\"font-family: arial, helvetica, sans-serif;\"><strong>1130 <span style=\"color: #808000;\"><span style=\"color: #008000;\">Earthlift <\/span><\/span>RRF<\/strong> \u21d2 roues avant r\u00e9tractables<\/span><br \/>\n<span style=\"font-family: arial, helvetica, sans-serif;\"><strong>13,0 t<\/strong>\u00a0\/ colonne \u21d2 hauteur de levage 2,06 m<\/span><\/td>\n<td style=\"width: 24.7565%; vertical-align: middle; height: 48px; text-align: center; background-color: #f9f9f9;\"><span style=\"font-family: arial, helvetica, sans-serif;\">d\u00e9tachable<br \/>\nprofondeur 650 mm \u00b7 ouverture 1006 mm<\/span><br \/>\n<span style=\"font-family: arial, helvetica, sans-serif;\">livr\u00e9 avec 2 pi\u00e8ces r\u00e9ducteur<\/span><\/td>\n<td style=\"width: 24.7565%; vertical-align: middle; height: 48px; text-align: center; background-color: #f9f9f9;\"><span style=\"font-family: arial, helvetica, sans-serif;\">\u2205 1,4\u21d42,2 m<\/span><br \/>\n<span style=\"font-family: arial, helvetica, sans-serif;\">avec une largeur de pneu moyenne 950 mm<\/span><\/td>\n<\/tr>\n<tr style=\"height: 48px;\">\n<td style=\"width: 24.7565%; text-align: left; vertical-align: middle; height: 48px; background-color: #f9f9f9;\"><span style=\"font-family: arial, helvetica, sans-serif;\"><strong>1175 RWF<\/strong> \u21d2 roues avant r\u00e9tractables<\/span><br \/>\n<span style=\"font-family: arial, helvetica, sans-serif;\"><strong>17,5 t<\/strong>\/ colonne \u21d2 hauteur de levage 2,06 m<\/span><\/td>\n<td style=\"width: 24.7565%; vertical-align: middle; height: 48px; text-align: center; background-color: #f9f9f9;\"><span style=\"font-family: arial, helvetica, sans-serif;\">d\u00e9tachable<br \/>\nprofondeur 450 mm \u00b7 ouverture 806 mm<\/span><br \/>\n<span style=\"font-family: arial, helvetica, sans-serif;\">livr\u00e9 avec 2 pi\u00e8ces r\u00e9ducteur<\/span><\/td>\n<td style=\"width: 24.7565%; vertical-align: middle; height: 48px; text-align: center; background-color: #f9f9f9;\"><span style=\"font-family: arial, helvetica, sans-serif;\">\u2205 1,0\u21d41,7 m<\/span><br \/>\n<span style=\"font-family: arial, helvetica, sans-serif;\">avec une largeur de pneu moyenne 675 mm<\/span><\/td>\n<\/tr>\n<\/tbody>\n<\/table>\n<table style=\"border-collapse: collapse; width: 100%;\">\n<tbody>\n<tr>\n<td style=\"width: 33.3333%; vertical-align: top; background-color: #f9f9f9; border-style: none;\">\n<p><span style=\"font-family: arial, helvetica, sans-serif; color: #993300;\">G\u00e9n\u00e9ralit\u00e9s<\/span><\/p>\n<ul style=\"list-style-type: square;\">\n<li><span style=\"font-family: arial, helvetica, sans-serif;\">vitesse de descente: r\u00e9glable<\/span><\/li>\n<li><span style=\"font-family: arial, helvetica, sans-serif;\">commande par colonne \u00b7 par axe simultan\u00e9ment<\/span><\/li>\n<li><span style=\"font-family: arial, helvetica, sans-serif;\">armoire de commande avec \u00e9cran tactile sur chaque colonne + arr\u00eat d&rsquo;urgence<\/span><\/li>\n<li><span style=\"font-family: arial, helvetica, sans-serif;\">avec syt\u00e8me de transport via transpalette<\/span><\/li>\n<li><span style=\"font-family: arial, helvetica, sans-serif;\">chariots de levage avec roues de guidage synth\u00e9tiques \u00b7 garantie d&rsquo;usine \u00e0 vie<\/span><\/li>\n<li><span style=\"font-family: arial, helvetica, sans-serif;\">\u00e9lectrique: <br \/>\n\u00e9tanche aux \u00e9claboussures \u00b7 IP65<\/span><\/li>\n<\/ul>\n<\/td>\n<td style=\"width: 33.3333%; vertical-align: top; background-color: #f9f9f9; border-style: none;\">\n<p><span style=\"font-family: arial, helvetica, sans-serif; color: #993300;\">Solutions pour le levage de<\/span><\/p>\n<p><span style=\"font-family: arial, helvetica, sans-serif;\">Remorques \u00b7 v\u00e9hicules sp\u00e9ciaux \u00b7 conteneurs \u00b7 abris de chantier via:<br \/>\n<\/span><span style=\"font-family: arial, helvetica, sans-serif;\">\u2192 poutre transversale pour soulever via le <br \/>\n\u00a0 \u00a0 ch\u00e2ssis<br \/>\n<\/span><span style=\"font-family: arial, helvetica, sans-serif;\">\u2192 poutre transversale avec support King Pin<\/span><\/p>\n<p><span style=\"font-family: arial, helvetica, sans-serif;\">Chariots \u00e9l\u00e9vateurs \u00b7 Bobcats via:<br \/>\n<\/span><span style=\"font-family: arial, helvetica, sans-serif;\">\u2192 2 colonnes (levage par le ch\u00e2ssis)<br \/>\n<\/span><span style=\"font-family: arial, helvetica, sans-serif;\">\u2192 ensembles pour v\u00e9hicules \u00e0 3 ou 4 roues<br \/>\n<\/span><span style=\"font-family: arial, helvetica, sans-serif;\">\u2192 ou combinaison 3 et 4 roues<\/span><\/p>\n<\/td>\n<td style=\"width: 33.3333%; vertical-align: top; background-color: #f9f9f9; border-style: none;\">\n<p><span style=\"font-family: arial, helvetica, sans-serif; color: #993300;\">Options principales<\/span><\/p>\n<ul style=\"list-style-type: square;\">\n<li><span style=\"font-family: arial, helvetica, sans-serif;\">support de chariot \u00e9l\u00e9vateur pour le transport de la colonne<\/span><\/li>\n<li><span style=\"font-family: arial, helvetica, sans-serif;\">sur mesure: <br \/>\nfourches et accessoires de prise<\/span><\/li>\n<li><span style=\"font-family: arial, helvetica, sans-serif;\">commande \u00e0 distance via c\u00e2ble (10 m)<\/span><\/li>\n<li><span style=\"font-family: arial, helvetica, sans-serif;\">2x \u00e9clairage LED\/ colonne (alimentation \u00e0 partir des batteries)<\/span><\/li>\n<li><span style=\"font-family: arial, helvetica, sans-serif;\">set indication de charge sur fourche (valeur approximative)<\/span><\/li>\n<li><span style=\"font-family: arial, helvetica, sans-serif;\">couleurs RAL<\/span><\/li>\n<\/ul>\n<\/td>\n<\/tr>\n<\/tbody>\n<\/table>\n<table style=\"border-collapse: collapse; width: 100%;\">\n<tbody>\n<tr>\n<td style=\"width: 20%; text-align: center; vertical-align: middle; border-style: hidden; background-color: #f9f9f9;\">\n<p><span style=\"font-family: arial, helvetica, sans-serif;\"><a href=\"https:\/\/metalced.be\/wp-content\/uploads\/2016\/09\/IMG_4205-e1473068985255.jpg\" target=\"_blank\" rel=\"noopener\"><img decoding=\"async\" class=\"wp-image-2307 size-thumbnail\" src=\"https:\/\/metalced.be\/wp-content\/uploads\/2016\/09\/IMG_4205-150x150.jpg\" alt=\"\" width=\"150\" height=\"150\" \/><\/a><\/span><\/p>\n<\/td>\n<td style=\"width: 20%; text-align: center; vertical-align: middle; border-style: hidden; background-color: #f9f9f9;\"><span style=\"font-family: arial, helvetica, sans-serif;\"><a href=\"https:\/\/metalced.be\/wp-content\/uploads\/2016\/09\/Combination-e1473075294116.jpg\" target=\"_blank\" rel=\"noopener noreferrer\"><img decoding=\"async\" class=\"wp-image-2333 size-thumbnail\" src=\"https:\/\/metalced.be\/wp-content\/uploads\/2016\/09\/Combination-150x150.jpg\" alt=\"\" width=\"150\" height=\"150\" \/><\/a><\/span><\/td>\n<td style=\"width: 20%; text-align: center; vertical-align: middle; border-style: hidden; background-color: #f9f9f9;\"><span style=\"font-family: arial, helvetica, sans-serif;\"><a href=\"https:\/\/metalced.be\/wp-content\/uploads\/2019\/07\/TCR-Arlanda-05-2017-CF007314-e1562657912207.jpg\" target=\"_blank\" rel=\"noopener noreferrer\"><img decoding=\"async\" class=\"alignnone wp-image-12454 size-thumbnail\" src=\"https:\/\/metalced.be\/wp-content\/uploads\/2019\/07\/TCR-Arlanda-05-2017-CF007314-150x150.jpg\" alt=\"\" width=\"150\" height=\"150\" \/><\/a><\/span><\/td>\n<td style=\"width: 20%; text-align: center; vertical-align: middle; border-style: hidden; background-color: #f9f9f9;\"><span style=\"font-family: arial, helvetica, sans-serif;\"><a href=\"https:\/\/metalced.be\/wp-content\/uploads\/2016\/09\/SLC-G1175-e1473070943373.jpg\" target=\"_blank\" rel=\"noopener noreferrer\"><img decoding=\"async\" class=\"wp-image-2329 size-thumbnail\" src=\"https:\/\/metalced.be\/wp-content\/uploads\/2016\/09\/SLC-G1175-150x150.jpg\" alt=\"\" width=\"150\" height=\"150\" \/><\/a><\/span><\/td>\n<td style=\"width: 20%; text-align: center; vertical-align: middle; border-style: hidden; background-color: #f9f9f9;\"><span style=\"font-family: arial, helvetica, sans-serif;\"><a href=\"https:\/\/metalced.be\/wp-content\/uploads\/2019\/07\/IMG_0650-kopie\u0308ren-e1562658160779.jpg\" target=\"_blank\" rel=\"noopener\"><img decoding=\"async\" class=\"alignnone wp-image-12460 size-thumbnail\" src=\"https:\/\/metalced.be\/wp-content\/uploads\/2019\/07\/IMG_0650-kopie\u0308ren-150x150.jpg\" alt=\"\" width=\"150\" height=\"150\" \/><\/a><\/span><\/td>\n<\/tr>\n<tr>\n<td style=\"width: 20%; text-align: center; vertical-align: middle; border-style: hidden; background-color: #f9f9f9;\"><span style=\"font-family: arial, helvetica, sans-serif;\">Engins avec pneus <\/span><br \/>\n<span style=\"font-family: arial, helvetica, sans-serif;\">basse-pression<\/span><\/td>\n<td style=\"width: 20%; text-align: center; vertical-align: middle; border-style: hidden; background-color: #f9f9f9;\"><span style=\"font-family: arial, helvetica, sans-serif;\">Agri<\/span><\/td>\n<td style=\"width: 20%; text-align: center; vertical-align: middle; border-style: hidden; background-color: #f9f9f9;\"><span style=\"font-family: arial, helvetica, sans-serif;\">A\u00e9ro<\/span><\/td>\n<td style=\"width: 20%; text-align: center; vertical-align: middle; border-style: hidden; background-color: #f9f9f9;\"><span style=\"font-family: arial, helvetica, sans-serif;\">Ferroviaire et tram<\/span><\/td>\n<td style=\"width: 20%; text-align: center; vertical-align: middle; border-style: hidden; background-color: #f9f9f9;\"><span style=\"font-family: arial, helvetica, sans-serif;\">Fonction<\/span><br \/>\n<span style=\"font-family: arial, helvetica, sans-serif;\">syst\u00e8me de chargement<\/span><\/td>\n<\/tr>\n<\/tbody>\n<\/table>\n<p>&nbsp;<\/p>\n<table style=\"border-collapse: collapse; width: 100%;\">\n<tbody>\n<tr>\n<td style=\"width: 20%; text-align: center; vertical-align: middle; border-style: hidden; background-color: #f9f9f9;\">\n<p><span style=\"font-family: arial, helvetica, sans-serif;\"><a href=\"https:\/\/metalced.be\/wp-content\/uploads\/2016\/09\/Military2-1082-e1475134173228.jpg\" target=\"_blank\" rel=\"noopener noreferrer\"><img decoding=\"async\" class=\"wp-image-2446 size-thumbnail\" src=\"https:\/\/metalced.be\/wp-content\/uploads\/2016\/09\/Military2-1082-150x150.jpg\" alt=\"\" width=\"150\" height=\"150\" \/><\/a><\/span><\/p>\n<\/td>\n<td style=\"width: 20%; text-align: center; vertical-align: middle; border-style: hidden; background-color: #f9f9f9;\"><span style=\"font-family: arial, helvetica, sans-serif;\"><a href=\"https:\/\/metalced.be\/wp-content\/uploads\/2017\/09\/100_3608-e1506676895963.jpg\" target=\"_blank\" rel=\"noopener\"><img decoding=\"async\" class=\"alignnone wp-image-9357 size-thumbnail\" src=\"https:\/\/metalced.be\/wp-content\/uploads\/2017\/09\/100_3608-150x150.jpg\" alt=\"\" width=\"150\" height=\"150\" \/><\/a><\/span><\/td>\n<td style=\"width: 20%; text-align: center; vertical-align: middle; border-style: hidden; background-color: #f9f9f9;\"><span style=\"font-family: arial, helvetica, sans-serif;\"><a href=\"https:\/\/metalced.be\/wp-content\/uploads\/2019\/07\/Bobcat-e1563182480826.jpg\" target=\"_blank\" rel=\"noopener\"><img decoding=\"async\" class=\"alignnone wp-image-12498 size-thumbnail\" src=\"https:\/\/metalced.be\/wp-content\/uploads\/2019\/07\/Bobcat-150x150.jpg\" alt=\"\" width=\"150\" height=\"150\" \/><\/a><\/span><\/td>\n<td style=\"width: 20%; text-align: center; vertical-align: middle; border-style: hidden; background-color: #f9f9f9;\"><span style=\"font-family: arial, helvetica, sans-serif;\"><a href=\"https:\/\/metalced.be\/wp-content\/uploads\/2016\/09\/Forklift_II-e1473067237726.jpg\" target=\"_blank\" rel=\"noopener\"><img decoding=\"async\" class=\"alignnone wp-image-2301 size-thumbnail\" src=\"https:\/\/metalced.be\/wp-content\/uploads\/2016\/09\/Forklift_II-150x150.jpg\" alt=\"Heftrucks\" width=\"150\" height=\"150\" \/><\/a><\/span><\/td>\n<td style=\"width: 20%; text-align: center; vertical-align: middle; border-style: hidden; background-color: #f9f9f9;\"><span style=\"font-family: arial, helvetica, sans-serif;\"><a href=\"https:\/\/metalced.be\/wp-content\/uploads\/2022\/11\/traverse_beam_universal.jpg\" target=\"_blank\" rel=\"noopener\"><img decoding=\"async\" class=\"alignnone wp-image-18921 size-thumbnail\" src=\"https:\/\/metalced.be\/wp-content\/uploads\/2022\/11\/traverse_beam_universal-150x150.jpg\" alt=\"\" width=\"150\" height=\"150\" srcset=\"https:\/\/metalced.be\/wp-content\/uploads\/2022\/11\/traverse_beam_universal-150x150.jpg 150w, https:\/\/metalced.be\/wp-content\/uploads\/2022\/11\/traverse_beam_universal-300x300.jpg 300w, https:\/\/metalced.be\/wp-content\/uploads\/2022\/11\/traverse_beam_universal-100x100.jpg 100w\" sizes=\"(max-width: 150px) 100vw, 150px\" \/><\/a><\/span><\/td>\n<\/tr>\n<tr>\n<td style=\"width: 20%; text-align: center; vertical-align: middle; border-style: hidden; background-color: #f9f9f9;\"><span style=\"font-family: arial, helvetica, sans-serif;\">Levage par ch\u00e2ssis<\/span><\/td>\n<td style=\"width: 20%; text-align: center; vertical-align: middle; border-style: hidden; background-color: #f9f9f9;\"><span style=\"font-family: arial, helvetica, sans-serif;\">Fonction<\/span><br \/>\n<span style=\"font-family: arial, helvetica, sans-serif;\">d\u00e9- et montage<\/span><\/td>\n<td style=\"width: 20%; text-align: center; vertical-align: middle; border-style: hidden; background-color: #f9f9f9;\"><span style=\"font-family: arial, helvetica, sans-serif;\">Bobcat\u00a0<\/span><br \/>\n<span style=\"font-family: arial, helvetica, sans-serif;\">sur roues ou chenilles<\/span><\/td>\n<td style=\"width: 20%; text-align: center; vertical-align: middle; border-style: hidden; background-color: #f9f9f9;\"><span style=\"font-family: arial, helvetica, sans-serif;\">Chariot \u00e9l\u00e9vateurs<\/span><br \/>\n<span style=\"font-family: arial, helvetica, sans-serif;\">3 ou 4 roues<\/span><\/td>\n<td style=\"width: 20%; text-align: center; vertical-align: middle; border-style: hidden; background-color: #f9f9f9;\"><span style=\"font-family: arial, helvetica, sans-serif;\">Levage par ch\u00e2ssis<\/span><br \/>\n<span style=\"font-family: arial, helvetica, sans-serif;\">via traverse<\/span><\/td>\n<\/tr>\n<\/tbody>\n<\/table>\n<p><span style=\"font-family: arial, helvetica, sans-serif;\"><strong><span style=\"color: #ff0000;\">\u27ab <\/span><\/strong><a style=\"color: #000000;\" title=\"\" href=\"https:\/\/metalced.be\/wp-content\/uploads\/2019\/07\/Mob-kol.-supports.pdf\" target=\"_blank\" rel=\"noopener noreferrer\">vers<\/a><a style=\"color: #000000;\" title=\"\" href=\"https:\/\/metalced.be\/wp-content\/uploads\/2019\/07\/Mob-kol.-supports.pdf\" target=\"_blank\" rel=\"noopener noreferrer\"> s<\/a><a style=\"color: #000000;\" title=\"\" href=\"https:\/\/metalced.be\/wp-content\/uploads\/2019\/07\/Mob-kol.-supports.pdf\" target=\"_blank\" rel=\"noopener noreferrer\">upports<\/a><a style=\"color: #000000;\" title=\"\" href=\"https:\/\/metalced.be\/wp-content\/uploads\/2019\/07\/Mob-kol.-supports.pdf\" target=\"_blank\" rel=\"noopener noreferrer\"> multifonctions<\/a><\/span><\/p>\n<p><span style=\"color: #000000; font-family: arial, helvetica, sans-serif;\"><span style=\"color: #ff0000;\"><strong>\u27ab<\/strong> <\/span><a style=\"color: #000000;\" title=\"\" href=\"https:\/\/metalced.be\/wp-content\/uploads\/2019\/07\/Agri-supports.pdf\" target=\"_blank\" rel=\"noopener noreferrer\">vers supports agri<\/a><\/span><\/p>\n","protected":false},"excerpt":{"rendered":"<p><span style=\"font-family: arial, helvetica, sans-serif;\">Set jusqu&rsquo;\u00e0 32 colonnes <strong>hydrauliques <\/strong>dans un set<strong> \u21d2 e.a. pour le levage de v\u00e9hicules \u00e9quip\u00e9es de pneumatiques basse pression<\/strong><\/span><\/p>\n<p><a href=\"https:\/\/metalced.be\/wp-content\/uploads\/2026\/02\/Kolom_tekst_Fr.png\" target=\"_blank\" rel=\"noopener\"><img decoding=\"async\" class=\"alignnone wp-image-26172 size-medium\" src=\"https:\/\/metalced.be\/wp-content\/uploads\/2026\/02\/Kolom_tekst_Fr-300x274.png\" alt=\"\" width=\"300\" height=\"274\" srcset=\"https:\/\/metalced.be\/wp-content\/uploads\/2026\/02\/Kolom_tekst_Fr-300x274.png 300w, https:\/\/metalced.be\/wp-content\/uploads\/2026\/02\/Kolom_tekst_Fr-1024x934.png 1024w, https:\/\/metalced.be\/wp-content\/uploads\/2026\/02\/Kolom_tekst_Fr-768x701.png 768w, https:\/\/metalced.be\/wp-content\/uploads\/2026\/02\/Kolom_tekst_Fr-600x547.png 600w, https:\/\/metalced.be\/wp-content\/uploads\/2026\/02\/Kolom_tekst_Fr.png 1519w\" sizes=\"(max-width: 300px) 100vw, 300px\" \/><\/a><\/p>\n<p><span style=\"font-family: arial, helvetica, sans-serif;\"><span style=\"color: #ff0000;\"><a style=\"color: #ff0000;\" href=\"https:\/\/stertilkoni.com\/fr\/ponts-elevateurs\/ponts-a-colonnes-mobiles\/earthlift\" target=\"_blank\" rel=\"noopener noreferrer\"><strong>\u27ab <\/strong><\/a><\/span><span style=\"color: #000000;\"><a style=\"color: #000000;\" href=\"https:\/\/stertilkoni.com\/fr\/ponts-elevateurs\/ponts-a-colonnes-mobiles\/earthlift\" target=\"_blank\" rel=\"noopener noreferrer\">vers site web Stertil Koni<\/a><\/span><strong><span style=\"color: #000000;\"><br \/>\n<\/span><span style=\"color: #ff0000;\"><a style=\"color: #ff0000;\" href=\"https:\/\/www.youtube.com\/watch?v=tnJtSFQXk88\" target=\"_blank\" rel=\"noopener noreferrer\">\u27ab\u00a0<\/a><\/span><\/strong><span style=\"color: #ff0000;\"><a style=\"color: #ff0000;\" href=\"https:\/\/www.youtube.com\/watch?v=tnJtSFQXk88\" target=\"_blank\" rel=\"noopener noreferrer\"><span style=\"color: #000000;\">video Stertil Koni<\/span><\/a><\/span><\/span><\/p>\n","protected":false},"featured_media":12457,"comment_status":"open","ping_status":"closed","template":"","meta":{"_acf_changed":false},"product_brand":[],"product_cat":[103,1145,104],"product_tag":[],"class_list":{"0":"post-12497","1":"product","2":"type-product","3":"status-publish","4":"has-post-thumbnail","6":"product_cat-ponts-a-colonnes-mobiles-versions-hydrauliques","7":"product_cat-ponts-elevateurs-equipement-de-levage","8":"product_cat-stertil-koni-fr","10":"first","11":"instock","12":"taxable","13":"shipping-taxable","14":"product-type-simple"},"acf":[],"_links":{"self":[{"href":"https:\/\/metalced.be\/fr\/wp-json\/wp\/v2\/product\/12497","targetHints":{"allow":["GET"]}}],"collection":[{"href":"https:\/\/metalced.be\/fr\/wp-json\/wp\/v2\/product"}],"about":[{"href":"https:\/\/metalced.be\/fr\/wp-json\/wp\/v2\/types\/product"}],"replies":[{"embeddable":true,"href":"https:\/\/metalced.be\/fr\/wp-json\/wp\/v2\/comments?post=12497"}],"wp:featuredmedia":[{"embeddable":true,"href":"https:\/\/metalced.be\/fr\/wp-json\/wp\/v2\/media\/12457"}],"wp:attachment":[{"href":"https:\/\/metalced.be\/fr\/wp-json\/wp\/v2\/media?parent=12497"}],"wp:term":[{"taxonomy":"product_brand","embeddable":true,"href":"https:\/\/metalced.be\/fr\/wp-json\/wp\/v2\/product_brand?post=12497"},{"taxonomy":"product_cat","embeddable":true,"href":"https:\/\/metalced.be\/fr\/wp-json\/wp\/v2\/product_cat?post=12497"},{"taxonomy":"product_tag","embeddable":true,"href":"https:\/\/metalced.be\/fr\/wp-json\/wp\/v2\/product_tag?post=12497"}],"curies":[{"name":"wp","href":"https:\/\/api.w.org\/{rel}","templated":true}]}}