{"id":1242,"date":"2016-05-24T10:34:08","date_gmt":"2016-05-24T09:34:08","guid":{"rendered":"http:\/\/www.metalced.be\/producten\/st-4175\/?lang=fr"},"modified":"2025-10-02T11:24:49","modified_gmt":"2025-10-02T10:24:49","slug":"4-colonnes-st-4175-175-t","status":"publish","type":"product","link":"https:\/\/metalced.be\/fr\/produit\/4-colonnes-st-4175-175-t\/","title":{"rendered":"4-colonnes ST 4175 \u00b7 17,5 t"},"content":{"rendered":"<p>\u200b<\/p>\n<table style=\"height: 290px; width: 100%; border-style: hidden;\">\n<tbody>\n<tr style=\"height: 79px;\">\n<td style=\"width: 99.3956%; border-style: none; background-color: #f1f1f1; height: 79px; text-align: center; vertical-align: middle;\" colspan=\"4\">\n<p><span style=\"font-family: arial, helvetica, sans-serif;\"><strong><span style=\"color: #800000;\">Capacit\u00e9 de levage 17,5 t\u00a0 \u00b7\u00a0 pas de c\u00e2bles ni cha\u00eenes\u00a0 \u00b7\u00a0 100% hydraulique\u00a0 <br \/>\nles chemins de roulement peuvent \u00eatre d\u00e9plac\u00e9 lat\u00e9ralement<\/span><\/strong><\/span><br \/>\n<span style=\"font-family: arial, helvetica, sans-serif;\"><strong><span style=\"color: #800000;\">hauteur de levage 1,90 m\u00a0 \u00b7\u00a0 temps de levage 72 sec\u00a0 \u00b7\u00a0 largeur chemins de roulement 70 cm<\/span><\/strong><\/span><\/p>\n<\/td>\n<\/tr>\n<tr style=\"height: 47px;\">\n<td style=\"width: 24.8489%; text-align: center; vertical-align: middle; border-style: none; height: 47px; background-color: #f9f9f9;\" scope=\"row\"><span style=\"font-family: arial, helvetica, sans-serif; color: #800000;\">Type<\/span><\/td>\n<td style=\"width: 24.8489%; text-align: center; vertical-align: middle; border-style: none; height: 47px; background-color: #f9f9f9;\" scope=\"row\"><span style=\"font-family: arial, helvetica, sans-serif; color: #800000;\">Passage entre colonnes<\/span><br \/>\n<span style=\"font-family: arial, helvetica, sans-serif; color: #800000;\">A d\u00e9terminer lors du placement<\/span><\/td>\n<td style=\"width: 24.8489%; text-align: center; vertical-align: middle; border-style: none; height: 47px; background-color: #f9f9f9;\" scope=\"row\"><span style=\"color: #800000; font-family: arial, helvetica, sans-serif;\">Longueur chemins de roulement<br \/>\n<\/span><\/td>\n<td style=\"width: 24.8489%; text-align: center; vertical-align: middle; border-style: none; height: 47px; background-color: #f9f9f9;\" scope=\"row\"><span style=\"color: #800000; font-family: arial, helvetica, sans-serif;\">Hauteur d&rsquo;acc\u00e8s<\/span><\/td>\n<\/tr>\n<tr style=\"height: 25%;\">\n<td style=\"width: 24.8489%; vertical-align: middle; border-style: none; text-align: center; height: 15%; background-color: #f9f9f9;\" rowspan=\"5\" scope=\"row\"><span style=\"font-family: arial, helvetica, sans-serif;\">S\u00e9rie ST 4250<\/span><\/td>\n<td style=\"width: 24.8489%; vertical-align: middle; border-style: none; text-align: center; height: 15%; background-color: #f9f9f9;\" rowspan=\"5\" scope=\"row\"><span style=\"font-family: arial, helvetica, sans-serif;\">min. 3,23 m<br \/>\nmax.\u00a0 \u00a0 \u00a0 \u00a0 m<\/span><\/td>\n<td style=\"width: 24.8489%; vertical-align: middle; border-style: none; text-align: center; height: 15%; background-color: #f9f9f9;\" scope=\"row\"><span style=\"font-family: arial, helvetica, sans-serif;\">6,19 m<\/span><\/td>\n<td style=\"width: 24.8489%; vertical-align: middle; border-style: none; text-align: center; height: 15%; background-color: #f9f9f9;\" rowspan=\"5\" scope=\"row\"><span style=\"font-family: arial, helvetica, sans-serif;\">23,0 cm<\/span><\/td>\n<\/tr>\n<tr style=\"height: 25%;\">\n<td style=\"width: 24.8489%; vertical-align: middle; border-style: none; text-align: center; height: 15%; background-color: #f9f9f9;\" scope=\"row\"><span style=\"font-family: arial, helvetica, sans-serif;\">8,19 m<\/span><\/td>\n<\/tr>\n<tr style=\"height: 25%;\">\n<td style=\"width: 24.8489%; vertical-align: middle; border-style: none; text-align: center; height: 15%; background-color: #f9f9f9;\" scope=\"row\"><span style=\"font-family: arial, helvetica, sans-serif;\">9,19 m<\/span><\/td>\n<\/tr>\n<tr style=\"height: 25%;\">\n<td style=\"width: 24.8489%; vertical-align: middle; border-style: none; text-align: center; height: 15%; background-color: #f9f9f9;\"><span style=\"font-family: arial, helvetica, sans-serif;\">10,19 m<\/span><\/td>\n<\/tr>\n<tr style=\"height: 25%;\">\n<td style=\"width: 24.8489%; vertical-align: middle; border-style: none; text-align: center; height: 15%; background-color: #f9f9f9;\"><span style=\"font-family: arial, helvetica, sans-serif;\">11,69 m<\/span><\/td>\n<\/tr>\n<\/tbody>\n<\/table>\n<p>&nbsp;<\/p>\n<table style=\"width: 100%; border-collapse: collapse; border-style: none;\">\n<tbody>\n<tr>\n<td style=\"width: 25%; text-align: center; vertical-align: middle; border-style: none;\" colspan=\"4\"><span style=\"font-family: arial, helvetica, sans-serif;\"><strong>Variantes \u00b7 Options<\/strong><\/span><span style=\"font-family: arial, helvetica, sans-serif;\"><br \/>\n<\/span><span style=\"font-family: arial, helvetica, sans-serif;\"><span style=\"font-size: inherit;\"><br \/>\n<\/span><\/span><\/td>\n<\/tr>\n<tr>\n<td style=\"width: 25%; text-align: center; vertical-align: middle; border-style: none;\"><a href=\"https:\/\/metalced.be\/wp-content\/uploads\/2024\/10\/ST4120-lighting-scaled-e1728642172518.jpg\" target=\"_blank\" rel=\"noopener\"><img decoding=\"async\" class=\"wp-image-22219 size-medium aligncenter\" src=\"https:\/\/metalced.be\/wp-content\/uploads\/2024\/10\/ST4120-lighting-300x200.jpg\" alt=\"\" width=\"300\" height=\"200\" srcset=\"https:\/\/metalced.be\/wp-content\/uploads\/2024\/10\/ST4120-lighting-300x200.jpg 300w, https:\/\/metalced.be\/wp-content\/uploads\/2024\/10\/ST4120-lighting-1024x683.jpg 1024w, https:\/\/metalced.be\/wp-content\/uploads\/2024\/10\/ST4120-lighting-768x513.jpg 768w, https:\/\/metalced.be\/wp-content\/uploads\/2024\/10\/ST4120-lighting-1536x1025.jpg 1536w, https:\/\/metalced.be\/wp-content\/uploads\/2024\/10\/ST4120-lighting-2048x1367.jpg 2048w, https:\/\/metalced.be\/wp-content\/uploads\/2024\/10\/ST4120-lighting-600x400.jpg 600w\" sizes=\"(max-width: 300px) 100vw, 300px\" \/><\/a><\/td>\n<td style=\"width: 25%; vertical-align: middle; border-style: none; text-align: center;\"><span style=\"font-family: arial, helvetica, sans-serif;\">Eclairage LED (option)<\/span><br \/>\n<span style=\"font-family: arial, helvetica, sans-serif;\">4, 6 ou 8 \u21d2 en fonction de la longueur des chemins de roulement<\/span><\/td>\n<td style=\"width: 25%; vertical-align: middle; border-style: none; text-align: center;\"><a href=\"https:\/\/metalced.be\/wp-content\/uploads\/2024\/10\/Stertil-Forklift-on-ST4120-IMG_5968-e1728895667448.png\" target=\"_blank\" rel=\"noopener\"><img decoding=\"async\" class=\"wp-image-22229 size-medium aligncenter\" src=\"https:\/\/metalced.be\/wp-content\/uploads\/2024\/10\/Stertil-Forklift-on-ST4120-IMG_5968-300x246.png\" alt=\"\" width=\"300\" height=\"246\" \/><\/a><\/td>\n<td style=\"width: 25%; vertical-align: middle; border-style: none; text-align: center;\"><span style=\"font-family: arial, helvetica, sans-serif;\"><span style=\"font-size: inherit;\">3\u00e8me chemin de roulement (option)<br \/>\nlongueur 1,25 m<br \/>\ncharge max. 2 t<\/span><\/span><\/td>\n<\/tr>\n<tr>\n<td style=\"width: 25%; text-align: center; vertical-align: middle; border-style: none;\"><span style=\"text-align: start;\"><a style=\"text-align: start;\" href=\"https:\/\/metalced.be\/wp-content\/uploads\/2024\/10\/KRIK_02-1-e1728642102136.jpg\" target=\"_blank\" rel=\"noopener\"><img decoding=\"async\" class=\"wp-image-22215 size-medium aligncenter\" src=\"https:\/\/metalced.be\/wp-content\/uploads\/2024\/10\/KRIK_02-1-300x179.jpg\" alt=\"\" width=\"300\" height=\"179\" srcset=\"https:\/\/metalced.be\/wp-content\/uploads\/2024\/10\/KRIK_02-1-300x179.jpg 300w, https:\/\/metalced.be\/wp-content\/uploads\/2024\/10\/KRIK_02-1-768x458.jpg 768w, https:\/\/metalced.be\/wp-content\/uploads\/2024\/10\/KRIK_02-1-600x358.jpg 600w, https:\/\/metalced.be\/wp-content\/uploads\/2024\/10\/KRIK_02-1.jpg 1000w\" sizes=\"(max-width: 300px) 100vw, 300px\" \/><\/a><\/p>\n<p><\/span><\/td>\n<td style=\"width: 25%; vertical-align: middle; border-style: none; text-align: center;\"><span style=\"font-family: arial, helvetica, sans-serif;\">Crics pneumatiques<br \/>\n1 ou 2 pistons<br \/>\nSuppl\u00e9ments:<\/span><br \/>\n<span style=\"font-family: arial, helvetica, sans-serif;\">alimentation air comprim\u00e9<br \/>\ns\u00e9curit\u00e9es m\u00e9caniques<\/span><\/td>\n<td style=\"width: 25%; vertical-align: middle; border-style: none; text-align: center;\"><a href=\"https:\/\/metalced.be\/wp-content\/uploads\/2019\/08\/First-Leeds-4175-e1566554254374.jpg\" target=\"_blank\" rel=\"noopener noreferrer\"><img decoding=\"async\" class=\"alignnone wp-image-12809 size-medium\" src=\"https:\/\/metalced.be\/wp-content\/uploads\/2019\/08\/First-Leeds-4175-300x201.jpg\" alt=\"\" width=\"300\" height=\"201\" \/><\/a>\u00a0<\/td>\n<td style=\"width: 25%; vertical-align: middle; border-style: none; text-align: center;\"><span style=\"font-family: arial, helvetica, sans-serif;\"><span style=\"font-size: inherit;\">Pont jumel\u00e9<br \/>\nFonctionnement:<br \/>\npont 1 et 2 individuellement<br \/>\nou 1 + 2 synchronis\u00e9<\/span><\/span><\/td>\n<\/tr>\n<\/tbody>\n<\/table>\n<p><span style=\"font-family: arial, helvetica, sans-serif;\">Autres options :<\/span><\/p>\n<ul style=\"list-style-type: square;\">\n<li><span style=\"font-family: arial, helvetica, sans-serif;\">commande \u00e0 distance par c\u00e2ble de 10 ou 25 m<\/span><\/li>\n<li><span style=\"font-family: arial, helvetica, sans-serif;\">rampes d&rsquo;acc\u00e8s\/de sortie et rampes fixes en diff\u00e9rentes variantes<\/span><\/li>\n<li><span style=\"font-family: arial, helvetica, sans-serif;\">2 vitesses de descente<\/span><\/li>\n<li><span style=\"font-family: arial, helvetica, sans-serif;\">set pour limiter la hauteur de levage<\/span><\/li>\n<li><span style=\"font-family: arial, helvetica, sans-serif;\">couleur(s) RAL<\/span><\/li>\n<\/ul>\n","protected":false},"excerpt":{"rendered":"<p><span style=\"font-family: arial, helvetica, sans-serif;\">Ponts \u00e9l\u00e9vateurs 4 colonnes <span style=\"color: #ff0000;\">hydrauliques, <\/span>uniques et sans traverses!<\/span><br \/>\n<span style=\"font-family: arial, helvetica, sans-serif;\">Pi\u00e8ces disponibles jusqu&rsquo;\u00e0 &gt; 15 ans apr\u00e8s la date de production.<\/span><\/p>\n<p><span style=\"color: #ff0000; font-family: arial, helvetica, sans-serif;\"><strong><a style=\"color: #ff0000;\" href=\"https:\/\/metalced.be\/wp-content\/uploads\/2019\/08\/de\u0301pliant-ST-4175-ST-4250.pdf\" target=\"_blank\" rel=\"noopener noreferrer\">\u21d2 <\/a><\/strong><a style=\"color: #ff0000;\" href=\"https:\/\/metalced.be\/wp-content\/uploads\/2019\/08\/de\u0301pliant-ST-4175-ST-4250.pdf\" target=\"_blank\" rel=\"noopener noreferrer\"><span style=\"color: #000000;\">d\u00e9pliant<\/span><\/a><\/span><\/p>\n","protected":false},"featured_media":1243,"comment_status":"open","ping_status":"closed","template":"","meta":{"_acf_changed":false},"product_brand":[],"product_cat":[1145,116,104],"product_tag":[],"class_list":{"0":"post-1242","1":"product","2":"type-product","3":"status-publish","4":"has-post-thumbnail","6":"product_cat-ponts-elevateurs-equipement-de-levage","7":"product_cat-ponts-elevateurs-pour-poids-lourds","8":"product_cat-stertil-koni-fr","10":"first","11":"instock","12":"taxable","13":"shipping-taxable","14":"product-type-simple"},"acf":[],"_links":{"self":[{"href":"https:\/\/metalced.be\/fr\/wp-json\/wp\/v2\/product\/1242","targetHints":{"allow":["GET"]}}],"collection":[{"href":"https:\/\/metalced.be\/fr\/wp-json\/wp\/v2\/product"}],"about":[{"href":"https:\/\/metalced.be\/fr\/wp-json\/wp\/v2\/types\/product"}],"replies":[{"embeddable":true,"href":"https:\/\/metalced.be\/fr\/wp-json\/wp\/v2\/comments?post=1242"}],"wp:featuredmedia":[{"embeddable":true,"href":"https:\/\/metalced.be\/fr\/wp-json\/wp\/v2\/media\/1243"}],"wp:attachment":[{"href":"https:\/\/metalced.be\/fr\/wp-json\/wp\/v2\/media?parent=1242"}],"wp:term":[{"taxonomy":"product_brand","embeddable":true,"href":"https:\/\/metalced.be\/fr\/wp-json\/wp\/v2\/product_brand?post=1242"},{"taxonomy":"product_cat","embeddable":true,"href":"https:\/\/metalced.be\/fr\/wp-json\/wp\/v2\/product_cat?post=1242"},{"taxonomy":"product_tag","embeddable":true,"href":"https:\/\/metalced.be\/fr\/wp-json\/wp\/v2\/product_tag?post=1242"}],"curies":[{"name":"wp","href":"https:\/\/api.w.org\/{rel}","templated":true}]}}