{"id":12267,"date":"2019-05-21T10:18:40","date_gmt":"2019-05-21T09:18:40","guid":{"rendered":"http:\/\/www.metalced.be\/?post_type=product&#038;p=12267"},"modified":"2025-12-05T10:38:32","modified_gmt":"2025-12-05T09:38:32","slug":"55-t-biglift-chemins-de-roulement-sur-sol-systeme-roue-libre-bras","status":"publish","type":"product","link":"https:\/\/metalced.be\/fr\/produit\/55-t-biglift-chemins-de-roulement-sur-sol-systeme-roue-libre-bras\/","title":{"rendered":"5,5 t \u2022 Biglift \u2022 chemins de roulement + levage roues libres (bras)"},"content":{"rendered":"<h4 style=\"text-align: center;\"><span style=\"color: #000000; font-family: arial, helvetica, sans-serif;\"><strong>2 ponts en 1 <span style=\"color: #ff0000;\">\u21d2<\/span> les deux l\u00e8vent jusqu&rsquo;\u00e0 1,89 m<\/strong><\/span><\/h4>\n<table style=\"height: 58px; width: 100%; border-style: hidden;\">\n<tbody>\n<tr style=\"height: 24px;\">\n<th style=\"width: 98.7566%; height: 24px; background-color: #f1f1f1; text-align: center;\" colspan=\"5\"><span style=\"color: #800000; font-family: arial, helvetica, sans-serif;\"><strong>Chemins de roulement 6,8 m\u00a0 \u00b7\u00a0 sur sol ou encastr\u00e9\u00a0 \u00b7\u00a0 capacit\u00e9 de levage 5,5 t<br \/>\nSyst\u00e8me roues libres avec bras pivotants <\/strong>\u21d2 <strong>d\u00e9pla\u00e7able lat\u00e9ralement\u00a0 \u00b7\u00a0 type Saav<\/strong><\/span><\/th>\n<\/tr>\n<tr style=\"height: 2px;\">\n<td style=\"height: 2px; width: 20%; vertical-align: middle; background-color: #f9f9f9;\"><span style=\"font-family: arial, helvetica, sans-serif;\">Course v\u00e9rins de levage<\/span><\/td>\n<td style=\"height: 2px; width: 20%; vertical-align: middle; background-color: #f9f9f9;\"><span style=\"font-family: arial, helvetica, sans-serif;\">1,89 m<\/span><\/td>\n<td style=\"height: 34px; width: 18.7566%; text-align: center; vertical-align: middle; background-color: #f9f9f9;\" rowspan=\"5\"><a href=\"https:\/\/metalced.be\/wp-content\/uploads\/2025\/11\/Biglift-455-Combi.png\" target=\"_blank\" rel=\"noopener\"><img decoding=\"async\" class=\"alignnone wp-image-25480 size-medium\" src=\"https:\/\/metalced.be\/wp-content\/uploads\/2025\/11\/Biglift-455-Combi-300x219.png\" alt=\"\" width=\"300\" height=\"219\" srcset=\"https:\/\/metalced.be\/wp-content\/uploads\/2025\/11\/Biglift-455-Combi-300x219.png 300w, https:\/\/metalced.be\/wp-content\/uploads\/2025\/11\/Biglift-455-Combi-768x561.png 768w, https:\/\/metalced.be\/wp-content\/uploads\/2025\/11\/Biglift-455-Combi-600x438.png 600w, https:\/\/metalced.be\/wp-content\/uploads\/2025\/11\/Biglift-455-Combi.png 1000w\" sizes=\"(max-width: 300px) 100vw, 300px\" \/><\/a><\/td>\n<td style=\"height: 2px; width: 20%; vertical-align: middle; background-color: #f9f9f9;\"><span style=\"font-family: arial, helvetica, sans-serif;\">Hauteur \/ largeur ch. de roulement<\/span><\/td>\n<td style=\"height: 2px; width: 20%; vertical-align: middle; background-color: #f9f9f9;\"><span style=\"font-family: arial, helvetica, sans-serif;\">165 \/ 650 mm<\/span><\/td>\n<\/tr>\n<tr style=\"height: 2px;\">\n<td style=\"height: 10px; width: 20%; vertical-align: middle; background-color: #f9f9f9;\"><span style=\"font-family: arial, helvetica, sans-serif;\">Hauteur de prise Saav<\/span><\/td>\n<td style=\"height: 10px; width: 20%; vertical-align: middle; background-color: #f9f9f9;\"><span style=\"font-family: arial, helvetica, sans-serif;\">135\u21d4195<\/span><\/td>\n<td style=\"height: 10px; width: 20%; vertical-align: middle; background-color: #f9f9f9;\"><span style=\"font-family: arial, helvetica, sans-serif;\">Empattement voitures<\/span><\/td>\n<td style=\"height: 10px; width: 20%; vertical-align: middle; background-color: #f9f9f9;\"><span style=\"font-family: arial, helvetica, sans-serif;\">ca 5,5 m<\/span><\/td>\n<\/tr>\n<tr style=\"height: 2px;\">\n<td style=\"height: 10px; width: 20%; vertical-align: middle; background-color: #f9f9f9;\"><span style=\"font-family: arial, helvetica, sans-serif;\">Temps de levage\/ descente<\/span><\/td>\n<td style=\"height: 10px; width: 20%; vertical-align: middle; background-color: #f9f9f9;\"><span style=\"font-family: arial, helvetica, sans-serif;\">ca 45 sec<\/span><\/td>\n<td style=\"height: 10px; width: 20%; vertical-align: middle; background-color: #f9f9f9;\"><span style=\"font-family: arial, helvetica, sans-serif;\">Distance entre ch. de roulement<\/span><\/td>\n<td style=\"height: 10px; width: 20%; vertical-align: middle; background-color: #f9f9f9;\"><span style=\"font-family: arial, helvetica, sans-serif;\">900 mm<\/span><\/td>\n<\/tr>\n<tr style=\"height: 10px;\">\n<td style=\"height: 10px; width: 20%; vertical-align: middle; background-color: #f9f9f9;\"><span style=\"font-family: arial, helvetica, sans-serif;\">V\u00e9rins de levage<\/span><\/td>\n<td style=\"height: 10px; width: 20%; vertical-align: middle; background-color: #f9f9f9;\"><span style=\"font-family: arial, helvetica, sans-serif;\">8x \u2205 140 mm<\/span><\/td>\n<td style=\"height: 10px; vertical-align: middle; width: 20%; background-color: #f9f9f9;\"><span style=\"font-family: arial, helvetica, sans-serif;\">Electrique<\/span><\/td>\n<td style=\"height: 10px; vertical-align: middle; width: 20%; background-color: #f9f9f9;\"><span style=\"font-family: arial, helvetica, sans-serif;\">3x 230\/400 V \u00b7 3,0 kW<\/span><\/td>\n<\/tr>\n<tr style=\"height: 2px;\">\n<td style=\"height: 2px; width: 20%; vertical-align: middle; background-color: #f9f9f9;\"><span style=\"font-family: arial, helvetica, sans-serif;\">Cassette<\/span><\/td>\n<td style=\"height: 2px; width: 20%; vertical-align: middle; background-color: #f9f9f9;\"><span style=\"font-family: arial, helvetica, sans-serif;\">\u00e9tanche<\/span><\/td>\n<td style=\"height: 2px; vertical-align: middle; width: 20%; background-color: #f9f9f9;\"><span style=\"font-family: arial, helvetica, sans-serif;\">Couleurs RAL<\/span><\/td>\n<td style=\"height: 2px; vertical-align: middle; width: 20%; background-color: #f9f9f9;\"><span style=\"font-family: arial, helvetica, sans-serif;\">7016 gris &amp; 3020 rouge<\/span><\/td>\n<\/tr>\n<\/tbody>\n<\/table>\n<p><span style=\"font-family: arial, helvetica, sans-serif;\">Donn\u00e9es standards:<\/span><\/p>\n<ul style=\"list-style-type: square;\">\n<li><span style=\"font-family: arial, helvetica, sans-serif;\">commande murale avec fonction programmable<\/span><\/li>\n<li><span style=\"font-family: arial, helvetica, sans-serif;\">huile \u00e9cologique<\/span><\/li>\n<\/ul>\n<table style=\"width: 100%; border-style: hidden; height: 292px;\">\n<tbody>\n<tr style=\"height: 188px;\">\n<td style=\"vertical-align: middle; width: 20%; text-align: center; height: 188px; border-style: hidden;\">\n<p><a href=\"https:\/\/metalced.be\/wp-content\/uploads\/2025\/11\/Steuerung-web_1.webp\" target=\"_blank\" rel=\"noopener\"><img decoding=\"async\" class=\"alignnone wp-image-25379 size-medium\" src=\"https:\/\/metalced.be\/wp-content\/uploads\/2025\/11\/Steuerung-web_1-300x168.webp\" alt=\"\" width=\"300\" height=\"168\" srcset=\"https:\/\/metalced.be\/wp-content\/uploads\/2025\/11\/Steuerung-web_1-300x168.webp 300w, https:\/\/metalced.be\/wp-content\/uploads\/2025\/11\/Steuerung-web_1-768x431.webp 768w, https:\/\/metalced.be\/wp-content\/uploads\/2025\/11\/Steuerung-web_1-600x337.webp 600w, https:\/\/metalced.be\/wp-content\/uploads\/2025\/11\/Steuerung-web_1.webp 820w\" sizes=\"(max-width: 300px) 100vw, 300px\" \/><\/a><\/p>\n<\/td>\n<td style=\"vertical-align: middle; width: 20%; text-align: center; height: 188px; border-style: hidden;\">\n<p><span style=\"font-family: arial, helvetica, sans-serif;\"><a href=\"https:\/\/metalced.be\/wp-content\/uploads\/2019\/04\/Notablass-e1554712878892.jpg\" target=\"_blank\" rel=\"noopener noreferrer\"><img decoding=\"async\" class=\"wp-image-11810 size-thumbnail\" src=\"https:\/\/metalced.be\/wp-content\/uploads\/2019\/04\/Notablass-150x150.jpg\" alt=\"\" width=\"150\" height=\"150\" \/><\/a><\/span><\/p>\n<\/td>\n<td style=\"vertical-align: middle; width: 20%; text-align: center; height: 188px; border-style: hidden;\">\n<p><span style=\"font-family: arial, helvetica, sans-serif;\"><a href=\"https:\/\/metalced.be\/wp-content\/uploads\/2019\/04\/Schild-Serien-Nummer-e1554710573297.jpg\" target=\"_blank\" rel=\"noopener noreferrer\"><img decoding=\"async\" class=\"wp-image-11806 size-thumbnail\" src=\"https:\/\/metalced.be\/wp-content\/uploads\/2019\/04\/Schild-Serien-Nummer-150x150.jpg\" alt=\"\" width=\"150\" height=\"150\" \/><\/a><\/span><\/p>\n<\/td>\n<td style=\"vertical-align: middle; width: 20%; text-align: center; height: 188px; border-style: hidden;\"><a href=\"https:\/\/metalced.be\/wp-content\/uploads\/2025\/11\/Opnametoebehoren.png\" target=\"_blank\" rel=\"noopener\"><img decoding=\"async\" class=\"alignnone wp-image-25377\" src=\"https:\/\/metalced.be\/wp-content\/uploads\/2025\/11\/Opnametoebehoren-295x300.png\" alt=\"\" width=\"196\" height=\"200\" srcset=\"https:\/\/metalced.be\/wp-content\/uploads\/2025\/11\/Opnametoebehoren-295x300.png 295w, https:\/\/metalced.be\/wp-content\/uploads\/2025\/11\/Opnametoebehoren-1006x1024.png 1006w, https:\/\/metalced.be\/wp-content\/uploads\/2025\/11\/Opnametoebehoren-768x782.png 768w, https:\/\/metalced.be\/wp-content\/uploads\/2025\/11\/Opnametoebehoren-600x611.png 600w, https:\/\/metalced.be\/wp-content\/uploads\/2025\/11\/Opnametoebehoren.png 1092w\" sizes=\"(max-width: 196px) 100vw, 196px\" \/><\/a><\/td>\n<\/tr>\n<tr>\n<td style=\"vertical-align: middle; width: 20%; text-align: center; border-style: hidden;\"><span style=\"font-family: arial, helvetica, sans-serif;\">Tableau de commande<\/span><br \/>\n<span style=\"font-family: arial, helvetica, sans-serif;\">(support en option)<\/span><\/td>\n<td style=\"vertical-align: middle; width: 20%; text-align: center; border-style: hidden;\">\n<p><span style=\"font-family: arial, helvetica, sans-serif;\">Descente de secours<\/span><br \/>\n<span style=\"font-family: arial, helvetica, sans-serif;\">via air comprim\u00e9<\/span><\/p>\n<\/td>\n<td style=\"vertical-align: middle; width: 20%; text-align: center; border-style: hidden;\">\n<p><span style=\"font-family: arial, helvetica, sans-serif;\">Cassette avec<\/span><br \/>\n<span style=\"font-family: arial, helvetica, sans-serif;\">plaque d&rsquo;identification<\/span><\/p>\n<\/td>\n<td style=\"vertical-align: middle; width: 20%; text-align: center; border-style: hidden;\"><span style=\"font-family: arial, helvetica, sans-serif;\">Supports de prise<\/span><br \/>\n<span style=\"font-family: arial, helvetica, sans-serif;\">voir page ci-dessus \u21d1<\/span><\/td>\n<\/tr>\n<\/tbody>\n<\/table>\n<p><span style=\"font-family: arial, helvetica, sans-serif;\">Options principales<strong><br \/>\n<\/strong>rampes d&rsquo;acc\u00e8s\/ de sortie \u00b7 couleurs \u00b7 cassette galvanis\u00e9e \u00e0 chaud \u00b7 \u00e9clairage LED &#8230;<\/span><\/p>\n<p><span style=\"font-family: arial, helvetica, sans-serif;\">Recommand\u00e9 par<\/span><br \/>\n<span style=\"font-family: arial, helvetica, sans-serif;\">Mercedes \u00b7 Groupe Volkswagen<\/span><\/p>\n","protected":false},"excerpt":{"rendered":"<p><span style=\"font-family: arial, helvetica, sans-serif;\">Pistons \u00e0 rev\u00eatement chrom\u00e9 de haute qualit\u00e9<\/span><br \/>\n<span style=\"font-family: arial, helvetica, sans-serif;\"><span style=\"font-family: webdings;\">4<\/span> sans entretien, r\u00e9sistants et durables.<\/span><\/p>\n<p><span style=\"font-family: arial, helvetica, sans-serif;\">Moteur \u00e0 bain d&rsquo;huile<\/span><br \/>\n<span style=\"font-family: arial, helvetica, sans-serif;\"><span style=\"font-family: webdings;\">4<\/span> la meilleure protection contre l&rsquo;humidit\u00e9 de condensation.<\/span><\/p>\n<p><span style=\"font-family: arial, helvetica, sans-serif;\">Cassette d&rsquo;encastrement pourvue d&rsquo;une plaquette d&rsquo;identification et certificat d&rsquo;\u00e9tanch\u00e9it\u00e9<\/span><br \/>\n<span style=\"font-family: arial, helvetica, sans-serif;\"><span style=\"font-family: webdings;\">4<\/span> solide et robuste <span style=\"font-family: webdings;\">4<\/span> du type autoportant<\/span><\/p>\n<table style=\"width: 100%; border-collapse: collapse; border-style: hidden; height: 48px;\">\n<tbody>\n<tr style=\"height: 48px;\">\n<td style=\"width: 3%; vertical-align: middle; border-style: hidden; height: 48px; text-align: center; background-color: #f9f9f9;\"><span style=\"font-family: arial, helvetica, sans-serif;\"><strong><span style=\"color: #ff0000;\">\u27ab<\/span><\/strong><\/span><\/td>\n<td style=\"width: 14.2857%; vertical-align: middle; border-style: hidden; height: 48px; text-align: center; background-color: #f9f9f9;\"><span style=\"font-family: arial, helvetica, sans-serif;\"><em><span style=\"color: #000000;\"><a style=\"color: #000000;\" title=\"\" href=\"https:\/\/metalced.be\/wp-content\/uploads\/2025\/11\/AutopStenhoj_Benefits-Features_FR.pdf\" target=\"_blank\" rel=\"noopener noreferrer\">la technologie <br \/>\nen d\u00e9tail<\/a><\/span><\/em><\/span><\/td>\n<td style=\"width: 14.2857%; vertical-align: middle; border-style: hidden; height: 48px; text-align: center; background-color: #f9f9f9;\"><span style=\"font-family: arial, helvetica, sans-serif;\"><em><span style=\"color: #ff0000;\"><span style=\"color: #000000;\"><a style=\"color: #000000;\" title=\"\" href=\"https:\/\/www.autopstenhoj.com\/fr\/biglift-4-55-combi-11606.html\" target=\"_blank\" rel=\"noopener noreferrer\">page web<br \/>\nAutopStenhoj<\/a><\/span><\/span><\/em><\/span><\/td>\n<td style=\"width: 14.2857%; vertical-align: middle; border-style: hidden; height: 48px; text-align: center; background-color: #f9f9f9;\"><span style=\"font-family: arial, helvetica, sans-serif;\"><em><a title=\"\" href=\"https:\/\/metalced.be\/wp-content\/uploads\/2022\/12\/AutopStenhoj-supports-FR2.pdf\" target=\"_blank\" rel=\"noopener\"><span style=\"color: #000000;\">supports <br \/>\nde prise<\/span><\/a><\/em><\/span><\/td>\n<\/tr>\n<\/tbody>\n<\/table>\n<p>&nbsp;<\/p>\n<table style=\"border-collapse: collapse; width: 100%;\">\n<tbody>\n<tr>\n<td style=\"width: 33.3333%; text-align: center; vertical-align: middle; background-color: #f9f9f9;\"><a href=\"https:\/\/metalced.be\/wp-content\/uploads\/2025\/11\/Biglift-455-Combi_2-Biglift.png\" target=\"_blank\" rel=\"noopener\"><img decoding=\"async\" class=\"alignnone wp-image-25481 size-medium\" src=\"https:\/\/metalced.be\/wp-content\/uploads\/2025\/11\/Biglift-455-Combi_2-Biglift-300x146.png\" alt=\"\" width=\"300\" height=\"146\" srcset=\"https:\/\/metalced.be\/wp-content\/uploads\/2025\/11\/Biglift-455-Combi_2-Biglift-300x146.png 300w, https:\/\/metalced.be\/wp-content\/uploads\/2025\/11\/Biglift-455-Combi_2-Biglift-768x374.png 768w, https:\/\/metalced.be\/wp-content\/uploads\/2025\/11\/Biglift-455-Combi_2-Biglift-600x292.png 600w, https:\/\/metalced.be\/wp-content\/uploads\/2025\/11\/Biglift-455-Combi_2-Biglift.png 1000w\" sizes=\"(max-width: 300px) 100vw, 300px\" \/><\/a><\/td>\n<td style=\"width: 33.3333%; text-align: center; vertical-align: middle; background-color: #f9f9f9;\"><a href=\"https:\/\/metalced.be\/wp-content\/uploads\/2025\/11\/Biglift-455-Combi_onderkant.png\" target=\"_blank\" rel=\"noopener\"><img decoding=\"async\" class=\"alignnone wp-image-25477 size-medium\" src=\"https:\/\/metalced.be\/wp-content\/uploads\/2025\/11\/Biglift-455-Combi_onderkant-300x225.png\" alt=\"\" width=\"300\" height=\"225\" srcset=\"https:\/\/metalced.be\/wp-content\/uploads\/2025\/11\/Biglift-455-Combi_onderkant-300x225.png 300w, https:\/\/metalced.be\/wp-content\/uploads\/2025\/11\/Biglift-455-Combi_onderkant-768x576.png 768w, https:\/\/metalced.be\/wp-content\/uploads\/2025\/11\/Biglift-455-Combi_onderkant-600x450.png 600w, https:\/\/metalced.be\/wp-content\/uploads\/2025\/11\/Biglift-455-Combi_onderkant.png 1000w\" sizes=\"(max-width: 300px) 100vw, 300px\" \/><\/a><\/td>\n<td style=\"width: 33.3333%; text-align: center; vertical-align: middle; background-color: #f9f9f9;\"><a href=\"https:\/\/metalced.be\/wp-content\/uploads\/2025\/11\/Bihlift-455-Combi_in-garage-1.png\" target=\"_blank\" rel=\"noopener\"><img decoding=\"async\" class=\"alignnone wp-image-25483 size-medium\" src=\"https:\/\/metalced.be\/wp-content\/uploads\/2025\/11\/Bihlift-455-Combi_in-garage-1-300x179.png\" alt=\"\" width=\"300\" height=\"179\" srcset=\"https:\/\/metalced.be\/wp-content\/uploads\/2025\/11\/Bihlift-455-Combi_in-garage-1-300x179.png 300w, https:\/\/metalced.be\/wp-content\/uploads\/2025\/11\/Bihlift-455-Combi_in-garage-1-768x458.png 768w, https:\/\/metalced.be\/wp-content\/uploads\/2025\/11\/Bihlift-455-Combi_in-garage-1-600x358.png 600w, https:\/\/metalced.be\/wp-content\/uploads\/2025\/11\/Bihlift-455-Combi_in-garage-1.png 1000w\" sizes=\"(max-width: 300px) 100vw, 300px\" \/><\/a><\/td>\n<\/tr>\n<\/tbody>\n<\/table>\n","protected":false},"featured_media":25480,"comment_status":"open","ping_status":"closed","template":"","meta":{"_acf_changed":false},"product_brand":[],"product_cat":[123,113],"product_tag":[],"class_list":{"0":"post-12267","1":"product","2":"type-product","3":"status-publish","4":"has-post-thumbnail","6":"product_cat-autopstenhoj-fr","7":"product_cat-ponts-jumeaux","9":"first","10":"instock","11":"taxable","12":"shipping-taxable","13":"product-type-simple"},"acf":[],"_links":{"self":[{"href":"https:\/\/metalced.be\/fr\/wp-json\/wp\/v2\/product\/12267","targetHints":{"allow":["GET"]}}],"collection":[{"href":"https:\/\/metalced.be\/fr\/wp-json\/wp\/v2\/product"}],"about":[{"href":"https:\/\/metalced.be\/fr\/wp-json\/wp\/v2\/types\/product"}],"replies":[{"embeddable":true,"href":"https:\/\/metalced.be\/fr\/wp-json\/wp\/v2\/comments?post=12267"}],"wp:featuredmedia":[{"embeddable":true,"href":"https:\/\/metalced.be\/fr\/wp-json\/wp\/v2\/media\/25480"}],"wp:attachment":[{"href":"https:\/\/metalced.be\/fr\/wp-json\/wp\/v2\/media?parent=12267"}],"wp:term":[{"taxonomy":"product_brand","embeddable":true,"href":"https:\/\/metalced.be\/fr\/wp-json\/wp\/v2\/product_brand?post=12267"},{"taxonomy":"product_cat","embeddable":true,"href":"https:\/\/metalced.be\/fr\/wp-json\/wp\/v2\/product_cat?post=12267"},{"taxonomy":"product_tag","embeddable":true,"href":"https:\/\/metalced.be\/fr\/wp-json\/wp\/v2\/product_tag?post=12267"}],"curies":[{"name":"wp","href":"https:\/\/api.w.org\/{rel}","templated":true}]}}