{"id":836,"date":"2016-04-11T10:46:25","date_gmt":"2016-04-11T09:46:25","guid":{"rendered":"http:\/\/www.metalced.be\/metalced\/service\/?lang=fr"},"modified":"2025-04-02T09:09:58","modified_gmt":"2025-04-02T08:09:58","slug":"service","status":"publish","type":"page","link":"https:\/\/metalced.be\/fr\/metalced\/service\/","title":{"rendered":"Service"},"content":{"rendered":"<p><span style=\"font-family: arial, helvetica, sans-serif;\"><strong>Le service apr\u00e8s-vente<\/strong><\/span><\/p>\n<p><span style=\"font-family: arial, helvetica, sans-serif;\">Les techniciens de services vivent dans votre r\u00e9gion et sont pilot\u00e9s par un syst\u00e8me performant de suivi et de tra\u00e7abilit\u00e9.<\/span><br \/>\n<span style=\"font-family: arial, helvetica, sans-serif;\">Les pi\u00e8ces n\u00e9cessaires leur sont livr\u00e9es afin que votre probl\u00e8me soit r\u00e9solu rapidement et \u00e0 moindre co\u00fbt.<\/span><\/p>\n<p><span style=\"font-family: arial, helvetica, sans-serif;\"><strong>Ateliers de r\u00e9paration<br \/>\n<\/strong><\/span><\/p>\n<p><span style=\"font-family: arial, helvetica, sans-serif;\">Qualit\u00e9 constante et temps d&rsquo;ex\u00e9cution court gr\u00e2ce \u00e0 la r\u00e9paration en interne des appareils m\u00e9caniques et \u00e9lectroniques.<\/span><\/p>\n<table style=\"height: 94px; width: 100%; border-collapse: collapse;\">\n<tbody>\n<tr style=\"height: 48px;\">\n<td style=\"width: 33.3333%; vertical-align: middle; background-color: #f1f1f1; height: 48px; border-style: none; text-align: center;\"><span style=\"font-family: arial, helvetica, sans-serif;\"><strong><span style=\"color: #993300;\">Service &amp; logistique<\/span><\/strong><\/span><\/td>\n<td style=\"width: 33.3333%; vertical-align: middle; background-color: #f1f1f1; height: 48px; border-style: none; text-align: center;\"><span style=\"font-family: arial, helvetica, sans-serif;\"><strong><span style=\"color: #993300;\">03 450 79 60<br \/>\nService Metalced<\/span><\/strong><\/span><\/td>\n<td style=\"width: 33.3333%; vertical-align: middle; background-color: #f1f1f1; height: 48px; border-style: none; text-align: center;\"><span style=\"font-family: arial, helvetica, sans-serif;\"><strong><span style=\"color: #993300;\">service@metalced<\/span><\/strong><\/span><\/td>\n<\/tr>\n<tr style=\"height: 15%;\">\n<td style=\"width: 33.3333%; vertical-align: middle; background-color: #f9f9f9; height: 100%; border-style: none; text-align: center;\"><span style=\"font-family: arial, helvetica, sans-serif;\"><strong>Contact<br \/>\n<\/strong>Tel 03 450 79 60<br \/>\nservice@metalced.be<br \/>\n<em><strong>Service apr\u00e9s-vente<\/strong><\/em><br \/>\n<\/span><\/td>\n<td style=\"width: 33.3333%; vertical-align: middle; background-color: #f9f9f9; height: 100%; border-style: none; text-align: center;\"><span style=\"font-family: arial, helvetica, sans-serif;\"><a href=\"https:\/\/metalced.be\/wp-content\/uploads\/2025\/04\/Dep._700.png\" target=\"_blank\" rel=\"noopener\"><img decoding=\"async\" class=\"aligncenter wp-image-23801\" src=\"https:\/\/metalced.be\/wp-content\/uploads\/2025\/04\/Dep._700-300x167.png\" alt=\"\" width=\"180\" height=\"100\" srcset=\"https:\/\/metalced.be\/wp-content\/uploads\/2025\/04\/Dep._700-300x167.png 300w, https:\/\/metalced.be\/wp-content\/uploads\/2025\/04\/Dep._700-600x333.png 600w, https:\/\/metalced.be\/wp-content\/uploads\/2025\/04\/Dep._700.png 700w\" sizes=\"(max-width: 180px) 100vw, 180px\" \/><\/a><\/span><\/td>\n<td style=\"width: 33.3333%; vertical-align: middle; background-color: #f9f9f9; height: 100%; border-style: none; text-align: center;\"><span style=\"font-family: arial, helvetica, sans-serif;\"><strong>Hetty Roelants<\/strong><br \/>\nTel 03 450 79 38<br \/>\nhetty.roelants@metalced.be<br \/>\n<em><strong>Administration<\/strong><\/em><\/span><\/td>\n<\/tr>\n<tr style=\"height: 15%;\">\n<td style=\"width: 33.3333%; vertical-align: middle; background-color: #f9f9f9; height: 100%; border-style: none; text-align: center;\"><span style=\"font-family: arial, helvetica, sans-serif;\"><strong>Ingrid Reniers<\/strong><strong><br \/>\n<\/strong>Tel 03 450 79 67<br \/>\ningrid.reniers@metalced.be<br \/>\n<em><strong>Directeur service technique<\/strong><\/em><br \/>\n<\/span><\/td>\n<td style=\"width: 33.3333%; vertical-align: middle; background-color: #f9f9f9; height: 100%; border-style: none; text-align: center;\"><span style=\"font-family: arial, helvetica, sans-serif;\"><strong>Arthur Rosiak<\/strong><br \/>\nTel 03 450 79 57<br \/>\narthur.rosiak@metalced.be<br \/>\n<em><strong>Responsable atelier<br \/>\n<\/strong><strong>service m\u00e9canique<\/strong><\/em><\/span><\/td>\n<td style=\"width: 33.3333%; vertical-align: middle; background-color: #f9f9f9; height: 100%; border-style: none; text-align: center;\"><span style=\"font-family: arial, helvetica, sans-serif;\"><strong>Filip Troubleyn<\/strong><strong><br \/>\n<\/strong>Tel 03 450 79 30<br \/>\nfilip.troubleyn@metalced.be<br \/>\n<em><strong>Responsable atelier<br \/>\n<\/strong><strong>service \u00e9lectronique<\/strong><\/em><\/span><\/td>\n<\/tr>\n<\/tbody>\n<\/table>\n","protected":false},"excerpt":{"rendered":"<p>Le service apr\u00e8s-vente Les techniciens de services vivent dans votre r\u00e9gion et sont pilot\u00e9s par un syst\u00e8me performant de suivi et de tra\u00e7abilit\u00e9. Les pi\u00e8ces n\u00e9cessaires leur sont livr\u00e9es afin que votre probl\u00e8me soit r\u00e9solu rapidement et \u00e0 moindre co\u00fbt. Ateliers de r\u00e9paration Qualit\u00e9 constante et temps d&rsquo;ex\u00e9cution court gr\u00e2ce \u00e0 la r\u00e9paration en interne [&hellip;]<\/p>\n","protected":false},"author":1,"featured_media":837,"parent":798,"menu_order":54,"comment_status":"closed","ping_status":"closed","template":"template_metalced.php","meta":{"_acf_changed":false,"footnotes":""},"class_list":["post-836","page","type-page","status-publish","has-post-thumbnail","hentry"],"acf":[],"_links":{"self":[{"href":"https:\/\/metalced.be\/fr\/wp-json\/wp\/v2\/pages\/836","targetHints":{"allow":["GET"]}}],"collection":[{"href":"https:\/\/metalced.be\/fr\/wp-json\/wp\/v2\/pages"}],"about":[{"href":"https:\/\/metalced.be\/fr\/wp-json\/wp\/v2\/types\/page"}],"author":[{"embeddable":true,"href":"https:\/\/metalced.be\/fr\/wp-json\/wp\/v2\/users\/1"}],"replies":[{"embeddable":true,"href":"https:\/\/metalced.be\/fr\/wp-json\/wp\/v2\/comments?post=836"}],"version-history":[{"count":5,"href":"https:\/\/metalced.be\/fr\/wp-json\/wp\/v2\/pages\/836\/revisions"}],"predecessor-version":[{"id":23846,"href":"https:\/\/metalced.be\/fr\/wp-json\/wp\/v2\/pages\/836\/revisions\/23846"}],"up":[{"embeddable":true,"href":"https:\/\/metalced.be\/fr\/wp-json\/wp\/v2\/pages\/798"}],"wp:featuredmedia":[{"embeddable":true,"href":"https:\/\/metalced.be\/fr\/wp-json\/wp\/v2\/media\/837"}],"wp:attachment":[{"href":"https:\/\/metalced.be\/fr\/wp-json\/wp\/v2\/media?parent=836"}],"curies":[{"name":"wp","href":"https:\/\/api.w.org\/{rel}","templated":true}]}}