{"id":4460,"date":"2016-12-23T11:02:32","date_gmt":"2016-12-23T10:02:32","guid":{"rendered":"http:\/\/www.metalced.be\/fr\/?page_id=4460"},"modified":"2026-04-20T07:45:05","modified_gmt":"2026-04-20T06:45:05","slug":"occacions","status":"publish","type":"page","link":"https:\/\/metalced.be\/fr\/occacions\/","title":{"rendered":"Occacions"},"content":{"rendered":"<table style=\"border-collapse: collapse; width: 100%; height: 256px;\">\n<tbody>\n<tr style=\"height: 256px;\">\n<td style=\"width: 21.8213%; text-align: center; vertical-align: middle; background-color: #e1f5f5; height: 256px;\"><a href=\"https:\/\/metalced.be\/wp-content\/uploads\/2024\/04\/Gekapte-prix-paint.net_.png\"><img decoding=\"async\" class=\"alignnone wp-image-21570\" src=\"https:\/\/metalced.be\/wp-content\/uploads\/2024\/04\/Gekapte-prix-paint.net_-300x223.png\" alt=\"\" width=\"269\" height=\"200\" srcset=\"https:\/\/metalced.be\/wp-content\/uploads\/2024\/04\/Gekapte-prix-paint.net_-300x223.png 300w, https:\/\/metalced.be\/wp-content\/uploads\/2024\/04\/Gekapte-prix-paint.net_-768x571.png 768w, https:\/\/metalced.be\/wp-content\/uploads\/2024\/04\/Gekapte-prix-paint.net_-600x446.png 600w, https:\/\/metalced.be\/wp-content\/uploads\/2024\/04\/Gekapte-prix-paint.net_.png 818w\" sizes=\"(max-width: 269px) 100vw, 269px\" \/><\/a><\/td>\n<td style=\"width: 56.3574%; text-align: center; vertical-align: middle; background-color: #e1f5f5; height: 256px;\">\n<h1><span style=\"color: #ff0000;\"><a style=\"color: #ff0000;\" title=\"\" href=\"https:\/\/www.kijkenvergelijk.be\/fr\" target=\"_blank\" rel=\"noopener\"><span style=\"color: #000000;\"><strong>\u21d2<\/strong><\/span> promotions exceptionnelles<\/a><\/p>\n<p><\/span><\/h1>\n<h1><span style=\"color: #ff0000;\"><a style=\"color: #ff0000;\" title=\"\" href=\"http:\/\/www.kijkenvergelijk.be\/fr\/outlet\" target=\"_blank\" rel=\"noopener\"><span style=\"color: #000000;\"><span style=\"color: #ff0000;\"><span style=\"color: #000000;\"><strong>\u21d2<\/strong><\/span> \u00ab\u00a0outlet\u00a0\u00bb <\/span><\/span>liquidations<\/a><\/span><\/h1>\n<\/td>\n<td style=\"width: 21.8212%; text-align: center; vertical-align: middle; background-color: #e1f5f5; height: 256px;\"><a href=\"https:\/\/metalced.be\/wp-content\/uploads\/2024\/04\/Gekapte-prix-paint.net_.png\"><img decoding=\"async\" class=\"alignnone wp-image-21570\" src=\"https:\/\/metalced.be\/wp-content\/uploads\/2024\/04\/Gekapte-prix-paint.net_-300x223.png\" alt=\"\" width=\"269\" height=\"200\" srcset=\"https:\/\/metalced.be\/wp-content\/uploads\/2024\/04\/Gekapte-prix-paint.net_-300x223.png 300w, https:\/\/metalced.be\/wp-content\/uploads\/2024\/04\/Gekapte-prix-paint.net_-768x571.png 768w, https:\/\/metalced.be\/wp-content\/uploads\/2024\/04\/Gekapte-prix-paint.net_-600x446.png 600w, https:\/\/metalced.be\/wp-content\/uploads\/2024\/04\/Gekapte-prix-paint.net_.png 818w\" sizes=\"(max-width: 269px) 100vw, 269px\" \/><\/a><\/td>\n<\/tr>\n<\/tbody>\n<\/table>\n<table style=\"width: 100%; border-collapse: collapse;\">\n<tbody>\n<tr style=\"height: 24px;\">\n<td style=\"width: 66.6666%; background-color: #f2e9e9; height: 24px; border-style: outset; border-color: #fa0707; text-align: center;\" colspan=\"2\">\n<p><span style=\"font-family: arial, helvetica, sans-serif;\"><strong>Duquesne \u21d2 L\u00e8ve roue &#8211; 2x tables \u00e0 rouleaux &#8211; table d<span style=\"font-family: arial, helvetica, sans-serif;\">e d\u00e9talonn<\/span>age<\/strong><\/span><\/p>\n<\/td>\n<\/tr>\n<tr style=\"height: 306px;\">\n<td style=\"width: 33.3333%; text-align: center; background-color: #f9f9f9; vertical-align: middle; height: 306px; border-style: hidden;\"><a href=\"https:\/\/metalced.be\/wp-content\/uploads\/2026\/01\/DuQ-2-e1769248344599.jpg\" target=\"_blank\" rel=\"noopener\"><img decoding=\"async\" class=\"alignnone wp-image-25989 size-large\" src=\"https:\/\/metalced.be\/wp-content\/uploads\/2026\/01\/DuQ-2-1024x576.jpg\" alt=\"\" width=\"1024\" height=\"576\" srcset=\"https:\/\/metalced.be\/wp-content\/uploads\/2026\/01\/DuQ-2-1024x576.jpg 1024w, https:\/\/metalced.be\/wp-content\/uploads\/2026\/01\/DuQ-2-300x169.jpg 300w, https:\/\/metalced.be\/wp-content\/uploads\/2026\/01\/DuQ-2-768x432.jpg 768w, https:\/\/metalced.be\/wp-content\/uploads\/2026\/01\/DuQ-2-1536x864.jpg 1536w, https:\/\/metalced.be\/wp-content\/uploads\/2026\/01\/DuQ-2-600x338.jpg 600w, https:\/\/metalced.be\/wp-content\/uploads\/2026\/01\/DuQ-2.jpg 2040w\" sizes=\"(max-width: 1024px) 100vw, 1024px\" \/><\/a><\/td>\n<td style=\"width: 33.3333%; background-color: #f9f9f9; height: 306px; border-color: #fa0000; text-align: center; vertical-align: middle; border-style: hidden;\"><a href=\"https:\/\/metalced.be\/wp-content\/uploads\/2026\/01\/DuQ-1-e1769248292905.jpg\" target=\"_blank\" rel=\"noopener\"><img decoding=\"async\" class=\"alignnone wp-image-25987 size-large\" src=\"https:\/\/metalced.be\/wp-content\/uploads\/2026\/01\/DuQ-1-1024x576.jpg\" alt=\"\" width=\"1024\" height=\"576\" srcset=\"https:\/\/metalced.be\/wp-content\/uploads\/2026\/01\/DuQ-1-1024x576.jpg 1024w, https:\/\/metalced.be\/wp-content\/uploads\/2026\/01\/DuQ-1-300x169.jpg 300w, https:\/\/metalced.be\/wp-content\/uploads\/2026\/01\/DuQ-1-768x432.jpg 768w, https:\/\/metalced.be\/wp-content\/uploads\/2026\/01\/DuQ-1-1536x864.jpg 1536w, https:\/\/metalced.be\/wp-content\/uploads\/2026\/01\/DuQ-1-600x338.jpg 600w, https:\/\/metalced.be\/wp-content\/uploads\/2026\/01\/DuQ-1.jpg 2040w\" sizes=\"(max-width: 1024px) 100vw, 1024px\" \/><\/a><\/td>\n<\/tr>\n<tr style=\"height: 49px;\">\n<td style=\"width: 33.3333%; text-align: center; border-style: hidden; height: 49px; vertical-align: middle; background-color: #d2d2d2;\">\n<p><span style=\"font-family: arial, helvetica, sans-serif;\">Pneus Cointe &#8211; T. 04 264 33 27<\/span><\/p>\n<\/td>\n<td style=\"width: 33.3333%; text-align: center; border-style: hidden; height: 49px; vertical-align: middle; background-color: #d2d2d2;\">\n<p><span style=\"font-family: arial, helvetica, sans-serif;\">Bd Gustave Kleyer &#8211; 4000 Li\u00e8ge<\/span><\/p>\n<\/td>\n<\/tr>\n<\/tbody>\n<\/table>\n<table style=\"width: 100%; border-collapse: collapse;\">\n<tbody>\n<tr style=\"height: 24px;\">\n<td style=\"width: 33.3333%; background-color: #f2e9e9; height: 24px; border-style: outset; border-color: #fa0707; text-align: center;\" colspan=\"3\">\n<p><span style=\"font-family: arial, helvetica, sans-serif;\"><b>D\u00e9monte-pneu Sice<\/b><\/span><\/p>\n<\/td>\n<\/tr>\n<tr style=\"height: 306px;\">\n<td style=\"width: 33.3333%; text-align: center; background-color: #f9f9f9; vertical-align: middle; height: 306px; border-style: hidden;\"><a href=\"https:\/\/metalced.be\/wp-content\/uploads\/2025\/12\/20251212_150648-scaled.jpg\" target=\"_blank\" rel=\"noopener\"><img decoding=\"async\" class=\"alignnone wp-image-25777 size-medium\" src=\"https:\/\/metalced.be\/wp-content\/uploads\/2025\/12\/20251212_150648-169x300.jpg\" alt=\"\" width=\"169\" height=\"300\" srcset=\"https:\/\/metalced.be\/wp-content\/uploads\/2025\/12\/20251212_150648-169x300.jpg 169w, https:\/\/metalced.be\/wp-content\/uploads\/2025\/12\/20251212_150648-576x1024.jpg 576w, https:\/\/metalced.be\/wp-content\/uploads\/2025\/12\/20251212_150648-768x1365.jpg 768w, https:\/\/metalced.be\/wp-content\/uploads\/2025\/12\/20251212_150648-864x1536.jpg 864w, https:\/\/metalced.be\/wp-content\/uploads\/2025\/12\/20251212_150648-1153x2048.jpg 1153w, https:\/\/metalced.be\/wp-content\/uploads\/2025\/12\/20251212_150648-600x1066.jpg 600w, https:\/\/metalced.be\/wp-content\/uploads\/2025\/12\/20251212_150648-scaled.jpg 1441w\" sizes=\"(max-width: 169px) 100vw, 169px\" \/><\/a><\/td>\n<td style=\"width: 33.3333%; background-color: #f9f9f9; height: 306px; border-color: #fa0000; text-align: center; vertical-align: middle; border-style: hidden;\"><a href=\"https:\/\/metalced.be\/wp-content\/uploads\/2025\/12\/20251212_150630-scaled.jpg\" target=\"_blank\" rel=\"noopener\"><img decoding=\"async\" class=\"alignnone wp-image-25775 size-medium\" src=\"https:\/\/metalced.be\/wp-content\/uploads\/2025\/12\/20251212_150630-169x300.jpg\" alt=\"\" width=\"169\" height=\"300\" srcset=\"https:\/\/metalced.be\/wp-content\/uploads\/2025\/12\/20251212_150630-169x300.jpg 169w, https:\/\/metalced.be\/wp-content\/uploads\/2025\/12\/20251212_150630-576x1024.jpg 576w, https:\/\/metalced.be\/wp-content\/uploads\/2025\/12\/20251212_150630-768x1365.jpg 768w, https:\/\/metalced.be\/wp-content\/uploads\/2025\/12\/20251212_150630-864x1536.jpg 864w, https:\/\/metalced.be\/wp-content\/uploads\/2025\/12\/20251212_150630-1153x2048.jpg 1153w, https:\/\/metalced.be\/wp-content\/uploads\/2025\/12\/20251212_150630-600x1066.jpg 600w, https:\/\/metalced.be\/wp-content\/uploads\/2025\/12\/20251212_150630-scaled.jpg 1441w\" sizes=\"(max-width: 169px) 100vw, 169px\" \/><\/a><\/td>\n<td style=\"width: 33.3333%; text-align: center; background-color: #f9f9f9; vertical-align: middle; height: 306px; border-style: hidden;\"><a href=\"https:\/\/metalced.be\/wp-content\/uploads\/2025\/12\/20251212_150802-1.jpg\" target=\"_blank\" rel=\"noopener\"><img decoding=\"async\" class=\"alignnone wp-image-25781 size-medium\" src=\"https:\/\/metalced.be\/wp-content\/uploads\/2025\/12\/20251212_150802-1-300x185.jpg\" alt=\"\" width=\"300\" height=\"185\" srcset=\"https:\/\/metalced.be\/wp-content\/uploads\/2025\/12\/20251212_150802-1-300x185.jpg 300w, https:\/\/metalced.be\/wp-content\/uploads\/2025\/12\/20251212_150802-1-1024x631.jpg 1024w, https:\/\/metalced.be\/wp-content\/uploads\/2025\/12\/20251212_150802-1-768x473.jpg 768w, https:\/\/metalced.be\/wp-content\/uploads\/2025\/12\/20251212_150802-1-1536x947.jpg 1536w, https:\/\/metalced.be\/wp-content\/uploads\/2025\/12\/20251212_150802-1-2048x1263.jpg 2048w, https:\/\/metalced.be\/wp-content\/uploads\/2025\/12\/20251212_150802-1-600x370.jpg 600w\" sizes=\"(max-width: 300px) 100vw, 300px\" \/><\/a><\/td>\n<\/tr>\n<tr style=\"height: 49px;\">\n<td style=\"width: 33.3333%; text-align: center; border-style: hidden; height: 49px; vertical-align: middle; background-color: #d2d2d2;\"><span style=\"text-decoration: underline;\"><span style=\"font-family: arial, helvetica, sans-serif;\">Garage Rossion et Fils<\/span><\/span><\/td>\n<td style=\"width: 33.3333%; text-align: center; border-style: hidden; height: 49px; vertical-align: middle; background-color: #d2d2d2;\"><span style=\"font-family: arial, helvetica, sans-serif; color: #000000;\"><a style=\"color: #000000;\" href=\"https:\/\/www.google.com\/maps\/place\/data=!4m2!3m1!1s0x47c1daabdacbab69:0x355d0aa7d5fd3dce?sa=X&amp;ved=1t:8290&amp;ictx=111\">Rue Haute 15\/A &#8211; 6920 Wellin<\/a><\/span><\/td>\n<td style=\"width: 33.1%; border-style: hidden; height: 49px; text-align: center; vertical-align: middle; background-color: #d2d2d2;\"><span style=\"text-decoration: underline;\"><span style=\"font-family: arial, helvetica, sans-serif; color: #000000;\"><a style=\"color: #000000; text-decoration: underline;\" href=\"https:\/\/www.google.com\/search?q=garage+rossion+et+fils&amp;oq=Garage+rossion&amp;gs_lcrp=EgZjaHJvbWUqCggBEAAYgAQYogQyCQgAEEUYORiABDIKCAEQABiABBiiBDIKCAIQABiABBiiBDIKCAMQABiiBBiJBTIHCAQQABjvBdIBCTY2MDBqMGoxNagCCLACAfEFiudxQ7hnMx4&amp;sourceid=chrome&amp;ie=UTF-8\">084 38 81 86<\/a><\/span><\/span><\/td>\n<\/tr>\n<\/tbody>\n<\/table>\n<table style=\"width: 100%; border-collapse: collapse;\">\n<tbody>\n<tr style=\"height: 24px;\">\n<td style=\"width: 33.3333%; background-color: #f2e9e9; height: 24px; border-style: outset; border-color: #fa0505; text-align: center;\" colspan=\"3\">\n<p><span style=\"font-family: arial, helvetica, sans-serif;\"><b>Pont \u00e9l\u00e9vateur hydraulique avec traverse au sol<\/b><\/span><\/p>\n<\/td>\n<\/tr>\n<tr style=\"height: 306px;\">\n<td style=\"width: 33.3333%; text-align: center; background-color: #f9f9f9; vertical-align: middle; border-style: hidden; height: 306px;\"><a href=\"https:\/\/metalced.be\/wp-content\/uploads\/2025\/12\/PRO-GYVGAUkT.png\" target=\"_blank\" rel=\"noopener\"><img decoding=\"async\" class=\"alignnone wp-image-25643 size-medium\" src=\"https:\/\/metalced.be\/wp-content\/uploads\/2025\/12\/PRO-GYVGAUkT-300x257.png\" alt=\"\" width=\"300\" height=\"257\" srcset=\"https:\/\/metalced.be\/wp-content\/uploads\/2025\/12\/PRO-GYVGAUkT-300x257.png 300w, https:\/\/metalced.be\/wp-content\/uploads\/2025\/12\/PRO-GYVGAUkT-600x513.png 600w, https:\/\/metalced.be\/wp-content\/uploads\/2025\/12\/PRO-GYVGAUkT.png 700w\" sizes=\"(max-width: 300px) 100vw, 300px\" \/><\/a><\/td>\n<td style=\"width: 33.3333%; text-align: center; background-color: #f9f9f9; vertical-align: middle; border-style: hidden; height: 306px;\"><a href=\"https:\/\/metalced.be\/wp-content\/uploads\/2025\/12\/PRO-FM63ksAP_op-wagen.png\" target=\"_blank\" rel=\"noopener\"><img decoding=\"async\" class=\"alignnone wp-image-25641 size-medium\" src=\"https:\/\/metalced.be\/wp-content\/uploads\/2025\/12\/PRO-FM63ksAP_op-wagen-300x174.png\" alt=\"\" width=\"300\" height=\"174\" srcset=\"https:\/\/metalced.be\/wp-content\/uploads\/2025\/12\/PRO-FM63ksAP_op-wagen-300x174.png 300w, https:\/\/metalced.be\/wp-content\/uploads\/2025\/12\/PRO-FM63ksAP_op-wagen-600x348.png 600w, https:\/\/metalced.be\/wp-content\/uploads\/2025\/12\/PRO-FM63ksAP_op-wagen.png 700w\" sizes=\"(max-width: 300px) 100vw, 300px\" \/><\/a><\/td>\n<td style=\"width: 33.3333%; text-align: center; background-color: #f9f9f9; vertical-align: middle; border-style: hidden; height: 306px;\"><a href=\"https:\/\/metalced.be\/wp-content\/uploads\/2025\/12\/PRO-u0Bt2sTw_armen.png\" target=\"_blank\" rel=\"noopener\"><img decoding=\"async\" class=\"alignnone wp-image-25639 size-medium\" src=\"https:\/\/metalced.be\/wp-content\/uploads\/2025\/12\/PRO-u0Bt2sTw_armen-257x300.png\" alt=\"\" width=\"257\" height=\"300\" srcset=\"https:\/\/metalced.be\/wp-content\/uploads\/2025\/12\/PRO-u0Bt2sTw_armen-257x300.png 257w, https:\/\/metalced.be\/wp-content\/uploads\/2025\/12\/PRO-u0Bt2sTw_armen-600x699.png 600w, https:\/\/metalced.be\/wp-content\/uploads\/2025\/12\/PRO-u0Bt2sTw_armen.png 700w\" sizes=\"(max-width: 257px) 100vw, 257px\" \/><\/a><\/td>\n<\/tr>\n<tr style=\"height: 49px;\">\n<td style=\"width: 33.3333%; text-align: center; border-style: hidden; height: 49px; vertical-align: middle; background-color: #d2d2d2;\"><span style=\"font-family: arial, helvetica, sans-serif;\">Auto&rsquo;s Martens Lochristi\u00a0<\/span><\/td>\n<td style=\"width: 33.3333%; text-align: center; border-style: hidden; height: 49px; vertical-align: middle; background-color: #d2d2d2;\"><span style=\"font-family: arial, helvetica, sans-serif;\">Christian Martens<\/span><\/td>\n<td style=\"width: 33.1%; border-style: hidden; height: 49px; text-align: center; vertical-align: middle; background-color: #d2d2d2;\"><span style=\"font-family: arial, helvetica, sans-serif;\">093 55 01 39<\/span><\/td>\n<\/tr>\n<\/tbody>\n<\/table>\n<p>&nbsp;<\/p>\n<table style=\"border-collapse: collapse; width: 100%;\">\n<tbody>\n<tr>\n<td style=\"width: 100%; background-color: #f2e9e9; border-style: outset; border-color: #fa0505; text-align: center;\" colspan=\"3\"><strong><span style=\"font-family: arial, helvetica, sans-serif;\">Divers \u00e9quipements de garage<\/span><\/strong><\/td>\n<\/tr>\n<tr>\n<td style=\"width: 33%; border-color: #000000; text-align: center; vertical-align: middle; border-style: hidden;\"><strong><span style=\"font-family: arial, helvetica, sans-serif;\"><a href=\"https:\/\/metalced.be\/wp-content\/uploads\/2025\/11\/IMG_2250.jpg\" target=\"_blank\" rel=\"noopener\"><img decoding=\"async\" class=\"alignnone wp-image-25583 size-thumbnail\" src=\"https:\/\/metalced.be\/wp-content\/uploads\/2025\/11\/IMG_2250-150x150.jpg\" alt=\"\" width=\"150\" height=\"150\" srcset=\"https:\/\/metalced.be\/wp-content\/uploads\/2025\/11\/IMG_2250-150x150.jpg 150w, https:\/\/metalced.be\/wp-content\/uploads\/2025\/11\/IMG_2250-300x300.jpg 300w, https:\/\/metalced.be\/wp-content\/uploads\/2025\/11\/IMG_2250-100x100.jpg 100w\" sizes=\"(max-width: 150px) 100vw, 150px\" \/><\/a><\/span><\/strong><\/td>\n<td style=\"text-align: center; vertical-align: middle; width: 33%; border-style: hidden;\">\u00a0<\/td>\n<td style=\"text-align: center; vertical-align: middle; width: 33%; border-style: hidden;\"><a href=\"https:\/\/metalced.be\/wp-content\/uploads\/2025\/11\/IMG_2254.jpg\" target=\"_blank\" rel=\"noopener\"><img decoding=\"async\" class=\"alignnone wp-image-25585 size-thumbnail\" src=\"https:\/\/metalced.be\/wp-content\/uploads\/2025\/11\/IMG_2254-150x150.jpg\" alt=\"\" width=\"150\" height=\"150\" srcset=\"https:\/\/metalced.be\/wp-content\/uploads\/2025\/11\/IMG_2254-150x150.jpg 150w, https:\/\/metalced.be\/wp-content\/uploads\/2025\/11\/IMG_2254-300x300.jpg 300w, https:\/\/metalced.be\/wp-content\/uploads\/2025\/11\/IMG_2254-100x100.jpg 100w\" sizes=\"(max-width: 150px) 100vw, 150px\" \/><\/a><\/td>\n<\/tr>\n<tr>\n<td style=\"text-align: center; vertical-align: middle; border-style: none; width: 33%;\"><a href=\"https:\/\/metalced.be\/wp-content\/uploads\/2025\/11\/IMG_2231.jpg\" target=\"_blank\" rel=\"noopener\"><img decoding=\"async\" class=\"alignnone wp-image-25575 size-thumbnail\" src=\"https:\/\/metalced.be\/wp-content\/uploads\/2025\/11\/IMG_2231-150x150.jpg\" alt=\"\" width=\"150\" height=\"150\" srcset=\"https:\/\/metalced.be\/wp-content\/uploads\/2025\/11\/IMG_2231-150x150.jpg 150w, https:\/\/metalced.be\/wp-content\/uploads\/2025\/11\/IMG_2231-300x300.jpg 300w, https:\/\/metalced.be\/wp-content\/uploads\/2025\/11\/IMG_2231-100x100.jpg 100w\" sizes=\"(max-width: 150px) 100vw, 150px\" \/><\/a><\/td>\n<td style=\"text-align: center; vertical-align: middle; border-style: none; width: 33%;\"><span style=\"font-family: arial, helvetica, sans-serif;\">\u21d0 Corghi Master r\u00e9cemment <br \/>\nr\u00e9vis\u00e9 en profondeur<br \/>\n(r\u00e9vision)<\/span><\/td>\n<td style=\"text-align: center; vertical-align: middle; border-style: none; width: 33%;\"><a href=\"https:\/\/metalced.be\/wp-content\/uploads\/2025\/11\/IMG_2249.jpg\" target=\"_blank\" rel=\"noopener\"><img decoding=\"async\" class=\"alignnone wp-image-25581 size-thumbnail\" src=\"https:\/\/metalced.be\/wp-content\/uploads\/2025\/11\/IMG_2249-150x150.jpg\" alt=\"\" width=\"150\" height=\"150\" srcset=\"https:\/\/metalced.be\/wp-content\/uploads\/2025\/11\/IMG_2249-150x150.jpg 150w, https:\/\/metalced.be\/wp-content\/uploads\/2025\/11\/IMG_2249-300x300.jpg 300w, https:\/\/metalced.be\/wp-content\/uploads\/2025\/11\/IMG_2249-100x100.jpg 100w\" sizes=\"(max-width: 150px) 100vw, 150px\" \/><\/a><\/td>\n<\/tr>\n<tr>\n<td style=\"text-align: center; vertical-align: middle; border-style: none; width: 33%;\"><a href=\"https:\/\/metalced.be\/wp-content\/uploads\/2025\/11\/Hefbrug.jpg\" target=\"_blank\" rel=\"noopener\"><img decoding=\"async\" class=\"alignnone wp-image-25595 size-medium\" src=\"https:\/\/metalced.be\/wp-content\/uploads\/2025\/11\/Hefbrug-300x198.jpg\" alt=\"\" width=\"300\" height=\"198\" srcset=\"https:\/\/metalced.be\/wp-content\/uploads\/2025\/11\/Hefbrug-300x198.jpg 300w, https:\/\/metalced.be\/wp-content\/uploads\/2025\/11\/Hefbrug-600x397.jpg 600w, https:\/\/metalced.be\/wp-content\/uploads\/2025\/11\/Hefbrug.jpg 700w\" sizes=\"(max-width: 300px) 100vw, 300px\" \/><\/a><\/td>\n<td style=\"text-align: center; vertical-align: middle; border-style: none; width: 33%;\"><span style=\"font-family: arial, helvetica, sans-serif;\">\u21d0 Pont \u00e9l\u00e9vateur \u00e0 ciseaux pour montage <br \/>\nen surface ou encastr\u00e9<\/span><\/td>\n<td style=\"text-align: center; vertical-align: middle; border-style: none; width: 33%;\"><a href=\"https:\/\/metalced.be\/wp-content\/uploads\/2025\/11\/Capelec.jpg\" target=\"_blank\" rel=\"noopener\"><img decoding=\"async\" class=\"alignnone wp-image-25593 size-medium\" src=\"https:\/\/metalced.be\/wp-content\/uploads\/2025\/11\/Capelec-300x177.jpg\" alt=\"\" width=\"300\" height=\"177\" srcset=\"https:\/\/metalced.be\/wp-content\/uploads\/2025\/11\/Capelec-300x177.jpg 300w, https:\/\/metalced.be\/wp-content\/uploads\/2025\/11\/Capelec-600x353.jpg 600w, https:\/\/metalced.be\/wp-content\/uploads\/2025\/11\/Capelec.jpg 700w\" sizes=\"(max-width: 300px) 100vw, 300px\" \/><\/a><\/td>\n<\/tr>\n<tr>\n<td style=\"width: 25%; text-align: center; vertical-align: middle; border-style: none; background-color: #d2d2d2;\">\n<p><span style=\"font-family: arial, helvetica, sans-serif;\">Contact:<\/span><\/p>\n<\/td>\n<td style=\"width: 25%; text-align: center; vertical-align: middle; border-style: none; background-color: #d2d2d2;\">\n<p><span style=\"font-family: arial, helvetica, sans-serif;\">0476 21 07 68 \u21d2 Karel\u00a0<\/span><\/p>\n<\/td>\n<td style=\"width: 50%; text-align: center; vertical-align: middle; border-style: none; background-color: #d2d2d2;\">\n<p><span style=\"font-family: arial, helvetica, sans-serif;\"><a href=\"mailto:garage@vermaere.be\">garage@vermaere.be<\/a><\/span><\/p>\n<\/td>\n<\/tr>\n<\/tbody>\n<\/table>\n<p>&nbsp;<\/p>\n<table style=\"width: 100%; border-collapse: collapse; border-style: none; border-color: #fc0824;\" border=\"3\">\n<tbody>\n<tr>\n<td style=\"width: 33.3333%; background-color: #f2e9e9; border-style: outset; border-color: #fc0505;\" colspan=\"3\">\n<p style=\"text-align: center;\"><span style=\"font-family: arial, helvetica, sans-serif; color: #993300;\"><strong>Aligneur de roues pour camions<\/strong><br \/>\nHD-30 Easy Touch<\/span><\/p>\n<\/td>\n<\/tr>\n<tr>\n<td style=\"width: 33.3333%; text-align: center; vertical-align: middle; border-style: hidden;\"><a href=\"https:\/\/metalced.be\/wp-content\/uploads\/2025\/02\/WhatsApp-Image-2025-02-03-at-11.41.25-2-e1739174366803.jpeg\" target=\"_blank\" rel=\"noopener\"><img decoding=\"async\" class=\"wp-image-22983 size-medium aligncenter\" src=\"https:\/\/metalced.be\/wp-content\/uploads\/2025\/02\/WhatsApp-Image-2025-02-03-at-11.41.25-2-300x169.jpeg\" alt=\"\" width=\"300\" height=\"169\" \/><\/a><\/td>\n<td style=\"width: 33.3333%; background-color: #f9f9f9; vertical-align: middle; border-style: hidden;\">\n<p style=\"text-align: center;\"><span style=\"font-family: arial, helvetica, sans-serif;\">A vendre chez:<\/span><\/p>\n<p style=\"text-align: center;\"><span style=\"font-family: arial, helvetica, sans-serif;\">Banden Michel<br \/>\nBoortmeerbeek<br \/>\n<\/span>015 51 70 68<br \/>\ninfo@bandenmichel.be<\/p>\n<p style=\"text-align: center;\"><a href=\"https:\/\/metalced.be\/wp-content\/uploads\/2025\/02\/Banden-Michel-4.jpg\" target=\"_blank\" rel=\"noopener\"><img decoding=\"async\" class=\"alignnone wp-image-22989\" src=\"https:\/\/metalced.be\/wp-content\/uploads\/2025\/02\/Banden-Michel-4-300x153.jpg\" alt=\"\" width=\"196\" height=\"100\" srcset=\"https:\/\/metalced.be\/wp-content\/uploads\/2025\/02\/Banden-Michel-4-300x153.jpg 300w, https:\/\/metalced.be\/wp-content\/uploads\/2025\/02\/Banden-Michel-4-600x306.jpg 600w, https:\/\/metalced.be\/wp-content\/uploads\/2025\/02\/Banden-Michel-4.jpg 750w\" sizes=\"(max-width: 196px) 100vw, 196px\" \/><\/a><\/p>\n<p style=\"text-align: center;\"><span style=\"font-family: arial, helvetica, sans-serif;\">\u00a0<\/span><\/p>\n<\/td>\n<td style=\"width: 33.3333%; text-align: center; vertical-align: middle; border-style: hidden;\"><a href=\"https:\/\/metalced.be\/wp-content\/uploads\/2025\/02\/WhatsApp-Image-2025-02-03-at-11.41.25-1-e1739174415644.jpeg\" target=\"_blank\" rel=\"noopener\"><img decoding=\"async\" class=\"wp-image-22985 size-medium aligncenter\" src=\"https:\/\/metalced.be\/wp-content\/uploads\/2025\/02\/WhatsApp-Image-2025-02-03-at-11.41.25-1-300x169.jpeg\" alt=\"\" width=\"300\" height=\"169\" \/><\/a><\/td>\n<\/tr>\n<\/tbody>\n<\/table>\n","protected":false},"excerpt":{"rendered":"<p>\u21d2 promotions exceptionnelles \u21d2 \u00ab\u00a0outlet\u00a0\u00bb liquidations Duquesne \u21d2 L\u00e8ve roue &#8211; 2x tables \u00e0 rouleaux &#8211; table de d\u00e9talonnage Pneus Cointe &#8211; T. 04 264 33 27 Bd Gustave Kleyer &#8211; 4000 Li\u00e8ge D\u00e9monte-pneu Sice Garage Rossion et Fils Rue Haute 15\/A &#8211; 6920 Wellin 084 38 81 86 Pont \u00e9l\u00e9vateur hydraulique avec traverse au [&hellip;]<\/p>\n","protected":false},"author":4,"featured_media":0,"parent":0,"menu_order":16,"comment_status":"closed","ping_status":"closed","template":"","meta":{"_acf_changed":false,"footnotes":""},"class_list":["post-4460","page","type-page","status-publish","hentry"],"acf":[],"_links":{"self":[{"href":"https:\/\/metalced.be\/fr\/wp-json\/wp\/v2\/pages\/4460","targetHints":{"allow":["GET"]}}],"collection":[{"href":"https:\/\/metalced.be\/fr\/wp-json\/wp\/v2\/pages"}],"about":[{"href":"https:\/\/metalced.be\/fr\/wp-json\/wp\/v2\/types\/page"}],"author":[{"embeddable":true,"href":"https:\/\/metalced.be\/fr\/wp-json\/wp\/v2\/users\/4"}],"replies":[{"embeddable":true,"href":"https:\/\/metalced.be\/fr\/wp-json\/wp\/v2\/comments?post=4460"}],"version-history":[{"count":5,"href":"https:\/\/metalced.be\/fr\/wp-json\/wp\/v2\/pages\/4460\/revisions"}],"predecessor-version":[{"id":26235,"href":"https:\/\/metalced.be\/fr\/wp-json\/wp\/v2\/pages\/4460\/revisions\/26235"}],"wp:attachment":[{"href":"https:\/\/metalced.be\/fr\/wp-json\/wp\/v2\/media?parent=4460"}],"curies":[{"name":"wp","href":"https:\/\/api.w.org\/{rel}","templated":true}]}}